{"id":1125,"date":"2023-01-16T09:45:39","date_gmt":"2023-01-16T09:45:39","guid":{"rendered":"https:\/\/zero-waste-project.eu\/?page_id=1125"},"modified":"2023-11-09T14:58:57","modified_gmt":"2023-11-09T14:58:57","slug":"initiation-of-project-result-3-zero-waste-serious-game-on-food-waste-management-ro","status":"publish","type":"page","link":"https:\/\/zero-waste-project.eu\/index.php\/ro\/initiation-of-project-result-3-zero-waste-serious-game-on-food-waste-management-ro\/","title":{"rendered":"Debut pentru Rezultatul proiectului nr. 3 Zero Waste &#8211; Joc educa\u021bional despre managementul de\u0219eurilor alimentare"},"content":{"rendered":"\t\t<div data-elementor-type=\"wp-page\" data-elementor-id=\"1125\" class=\"elementor elementor-1125\">\n\t\t\t\t\t\t<section class=\"elementor-section elementor-top-section elementor-element elementor-element-9099335 elementor-section-boxed elementor-section-height-default elementor-section-height-default\" data-id=\"9099335\" data-element_type=\"section\" data-e-type=\"section\" data-settings=\"{&quot;background_background&quot;:&quot;classic&quot;}\">\n\t\t\t\t\t\t\t<div class=\"elementor-background-overlay\"><\/div>\n\t\t\t\t\t\t\t<div class=\"elementor-container elementor-column-gap-default\">\n\t\t\t\t\t<div class=\"elementor-column elementor-col-100 elementor-top-column elementor-element elementor-element-1591a65\" data-id=\"1591a65\" data-element_type=\"column\" data-e-type=\"column\">\n\t\t\t<div class=\"elementor-widget-wrap elementor-element-populated\">\n\t\t\t\t\t\t<div class=\"elementor-element elementor-element-a149f84 elementor-widget elementor-widget-spacer\" data-id=\"a149f84\" data-element_type=\"widget\" data-e-type=\"widget\" data-widget_type=\"spacer.default\">\n\t\t\t\t<div class=\"elementor-widget-container\">\n\t\t\t\t\t\t\t<div class=\"elementor-spacer\">\n\t\t\t<div class=\"elementor-spacer-inner\"><\/div>\n\t\t<\/div>\n\t\t\t\t\t\t<\/div>\n\t\t\t\t<\/div>\n\t\t\t\t<div class=\"elementor-element elementor-element-6528c5a elementor-widget elementor-widget-heading\" data-id=\"6528c5a\" data-element_type=\"widget\" data-e-type=\"widget\" data-widget_type=\"heading.default\">\n\t\t\t\t<div class=\"elementor-widget-container\">\n\t\t\t\t\t<h2 class=\"elementor-heading-title elementor-size-default\">Debut pentru Rezultatul proiectului nr. 3 Zero Waste - Joc educa\u021bional despre managementul de\u0219eurilor alimentare<\/h2>\t\t\t\t<\/div>\n\t\t\t\t<\/div>\n\t\t\t\t<div class=\"elementor-element elementor-element-3415d9e elementor-widget elementor-widget-spacer\" data-id=\"3415d9e\" data-element_type=\"widget\" data-e-type=\"widget\" data-widget_type=\"spacer.default\">\n\t\t\t\t<div class=\"elementor-widget-container\">\n\t\t\t\t\t\t\t<div class=\"elementor-spacer\">\n\t\t\t<div class=\"elementor-spacer-inner\"><\/div>\n\t\t<\/div>\n\t\t\t\t\t\t<\/div>\n\t\t\t\t<\/div>\n\t\t\t\t\t<\/div>\n\t\t<\/div>\n\t\t\t\t\t<\/div>\n\t\t<\/section>\n\t\t\t\t<section class=\"elementor-section elementor-top-section elementor-element elementor-element-51aef07 elementor-section-boxed elementor-section-height-default elementor-section-height-default\" data-id=\"51aef07\" data-element_type=\"section\" data-e-type=\"section\">\n\t\t\t\t\t\t<div class=\"elementor-container elementor-column-gap-default\">\n\t\t\t\t\t<div class=\"elementor-column elementor-col-100 elementor-top-column elementor-element elementor-element-34a98e7\" data-id=\"34a98e7\" data-element_type=\"column\" data-e-type=\"column\">\n\t\t\t<div class=\"elementor-widget-wrap elementor-element-populated\">\n\t\t\t\t\t\t<div class=\"elementor-element elementor-element-9f88bbf elementor-widget elementor-widget-spacer\" data-id=\"9f88bbf\" data-element_type=\"widget\" data-e-type=\"widget\" data-widget_type=\"spacer.default\">\n\t\t\t\t<div class=\"elementor-widget-container\">\n\t\t\t\t\t\t\t<div class=\"elementor-spacer\">\n\t\t\t<div class=\"elementor-spacer-inner\"><\/div>\n\t\t<\/div>\n\t\t\t\t\t\t<\/div>\n\t\t\t\t<\/div>\n\t\t\t\t<div class=\"elementor-element elementor-element-d548c8f elementor-widget elementor-widget-text-editor\" data-id=\"d548c8f\" data-element_type=\"widget\" data-e-type=\"widget\" data-widget_type=\"text-editor.default\">\n\t\t\t\t<div class=\"elementor-widget-container\">\n\t\t\t\t\t\t\t\t\t<p>Prezentul articol este menit s\u0103 anun\u021be debutul pentru Rezultatul Proiectului \u00a0Nr.3: <em>Zero Waste &#8211; Joc educa\u021bional privind managementul de\u0219eurilor alimentare<\/em>. Acesta va reprezenta o abordare educa\u021bional\u0103 online inovatoare, care \u00ee\u0219i propune s\u0103 introduc\u0103, \u00een r\u00e2ndul tinerilor, un management adecvat al de\u0219eurilor alimentare prin metoda jocului. Rezultatul proiectului Nr. 3 va asigura includerea interactivit\u0103\u021bii, a clipurilor de film \u0219i a anima\u021biilor, va fi adresat adolescen\u021bilor \u0219i tinerilor, fiind folosit ca instrument de autoformare, de predare \u0219i autoevaluare.<\/p><p>Juc\u0103torii vor simula crearea unui ora\u0219 cu cel mai bun management posibil al de\u0219eurilor alimentare, ceea ce \u00eenseamn\u0103 c\u00e2t mai pu\u021bine alimente la gunoi, mai pu\u021bine emisii de gaze, economii de bani \u0219i mai pu\u021bini oameni f\u0103r\u0103 acces la alimente. Cadrul jocului va fi urm\u0103torul: construirea unui ora\u0219 durabil prin str\u00e2ngerea de puncte c\u00e2\u0219tigate prin provoc\u0103ri progresive: r\u0103spuns la chestionare, rezolvarea dilemelor \u0219i a situa\u021biilor problematice, alegerea celor mai bune practici referitoare la gestionarea de\u0219eurilor alimentare.<\/p><p>P\u00e2n\u0103 \u00een prezent, institu\u021biile partenere au f\u0103cut cercet\u0103ri \u0219i \u00a0au furnizat informa\u021bii despre beneficiile, respectiv dezavantajele jocurilor educa\u021bionale, aduc\u00e2ndu-\u0219i contribu\u021bia pe baza experien\u021bei personale cu privire la aceast\u0103 metod\u0103 educa\u021bional\u0103. \u00a0\u00cen plus, partenerii au analizat, la nivelul fiec\u0103rei \u021b\u0103ri implicate \u00een proiect, situa\u021bia \u00a0referitoare la educa\u021bia furnizat\u0103 \u00een \u0219coli pe tema gestion\u0103rii de\u0219eurilor alimentare. Aceasta este o parte valoroas\u0103 a Rezultatului proiectului Nr. 3, deoarece rezultatele vor fi folosite pentru dezvoltarea unui joc educa\u021bional eficient. Jocul \u00a0va fi revizuit at\u00e2t de grupul \u021bint\u0103 direct (profesori\/elevi), c\u00e2t \u0219i de grupul \u021bint\u0103 intermediar (p\u0103rin\u021bi). Acesta va fi disponibil ini\u021bial \u00een englez\u0103 \u0219i apoi, \u00een iunie 2023, va fi tradus \u00een limbile partenerilor.<\/p>\t\t\t\t\t\t\t\t<\/div>\n\t\t\t\t<\/div>\n\t\t\t\t<div class=\"elementor-element elementor-element-a41607d elementor-widget elementor-widget-spacer\" data-id=\"a41607d\" data-element_type=\"widget\" data-e-type=\"widget\" data-widget_type=\"spacer.default\">\n\t\t\t\t<div class=\"elementor-widget-container\">\n\t\t\t\t\t\t\t<div class=\"elementor-spacer\">\n\t\t\t<div class=\"elementor-spacer-inner\"><\/div>\n\t\t<\/div>\n\t\t\t\t\t\t<\/div>\n\t\t\t\t<\/div>\n\t\t\t\t\t<\/div>\n\t\t<\/div>\n\t\t\t\t\t<\/div>\n\t\t<\/section>\n\t\t\t\t<section class=\"elementor-section elementor-top-section elementor-element elementor-element-3d91091 elementor-section-boxed elementor-section-height-default elementor-section-height-default\" data-id=\"3d91091\" data-element_type=\"section\" data-e-type=\"section\">\n\t\t\t\t\t\t<div class=\"elementor-container elementor-column-gap-default\">\n\t\t\t\t\t<div class=\"elementor-column elementor-col-33 elementor-top-column elementor-element elementor-element-ace994f\" data-id=\"ace994f\" data-element_type=\"column\" data-e-type=\"column\">\n\t\t\t<div class=\"elementor-widget-wrap elementor-element-populated\">\n\t\t\t\t\t\t<div class=\"elementor-element elementor-element-aaf0a07 elementor-widget elementor-widget-image\" data-id=\"aaf0a07\" data-element_type=\"widget\" data-e-type=\"widget\" data-widget_type=\"image.default\">\n\t\t\t\t<div class=\"elementor-widget-container\">\n\t\t\t\t\t\t\t\t\t\t\t\t\t\t\t<img decoding=\"async\" width=\"194\" height=\"42\" src=\"https:\/\/zero-waste-project.eu\/wp-content\/uploads\/2022\/04\/eu-logo-new.png\" class=\"attachment-medium size-medium wp-image-63\" alt=\"\" \/>\t\t\t\t\t\t\t\t\t\t\t\t\t\t\t<\/div>\n\t\t\t\t<\/div>\n\t\t\t\t<div class=\"elementor-element elementor-element-d7a4e1a elementor-widget elementor-widget-text-editor\" data-id=\"d7a4e1a\" data-element_type=\"widget\" data-e-type=\"widget\" data-widget_type=\"text-editor.default\">\n\t\t\t\t<div class=\"elementor-widget-container\">\n\t\t\t\t\t\t\t\t\t<p>Finan\u021bat de Uniunea European\u0103. Punctele de vedere \u0219i opiniile exprimate apar\u021bin, \u00eens\u0103, exclusiv autorului (autorilor) \u0219i nu reflect\u0103 neap\u0103rat punctele de vedere \u0219i opiniile Uniunii Europene sau ale Agen\u021biei Executive Europene pentru Educa\u021bie \u0219i Cultur\u0103 (EACEA). Nici Uniunea European\u0103 \u0219i nici EACEA nu pot fi considerate r\u0103spunz\u0103toare pentru acestea. 2021-1-RO01-KA220-SCH-000032588<\/p>\t\t\t\t\t\t\t\t<\/div>\n\t\t\t\t<\/div>\n\t\t\t\t\t<\/div>\n\t\t<\/div>\n\t\t\t\t<div class=\"elementor-column elementor-col-33 elementor-top-column elementor-element elementor-element-308cd29\" data-id=\"308cd29\" data-element_type=\"column\" data-e-type=\"column\">\n\t\t\t<div class=\"elementor-widget-wrap\">\n\t\t\t\t\t\t\t<\/div>\n\t\t<\/div>\n\t\t\t\t<div class=\"elementor-column elementor-col-33 elementor-top-column elementor-element elementor-element-6af2891\" data-id=\"6af2891\" data-element_type=\"column\" data-e-type=\"column\">\n\t\t\t<div class=\"elementor-widget-wrap elementor-element-populated\">\n\t\t\t\t\t\t<div class=\"elementor-element elementor-element-1cdbea8 elementor-widget elementor-widget-image\" data-id=\"1cdbea8\" data-element_type=\"widget\" data-e-type=\"widget\" data-widget_type=\"image.default\">\n\t\t\t\t<div class=\"elementor-widget-container\">\n\t\t\t\t\t\t\t\t\t\t\t\t\t\t\t\t<a href=\"https:\/\/zero-waste-project.eu\/\">\n\t\t\t\t\t\t\t<img decoding=\"async\" width=\"80\" height=\"46\" src=\"https:\/\/zero-waste-project.eu\/wp-content\/uploads\/2022\/03\/xxsmall.png\" class=\"attachment-medium size-medium wp-image-39\" alt=\"\" \/>\t\t\t\t\t\t\t\t<\/a>\n\t\t\t\t\t\t\t\t\t\t\t\t\t\t\t<\/div>\n\t\t\t\t<\/div>\n\t\t\t\t<div class=\"elementor-element elementor-element-f917911 elementor-widget elementor-widget-text-editor\" data-id=\"f917911\" data-element_type=\"widget\" data-e-type=\"widget\" data-widget_type=\"text-editor.default\">\n\t\t\t\t<div class=\"elementor-widget-container\">\n\t\t\t\t\t\t\t\t\t<a style=\"color: #344e41;\" href=\"https:\/\/zero-waste-project.eu\/index.php\/terms-of-use\/\" target=\"_blank\" rel=\"noopener\">Terms of Use<\/a>\t\t\t\t\t\t\t\t<\/div>\n\t\t\t\t<\/div>\n\t\t\t\t<div class=\"elementor-element elementor-element-e685bc0 elementor-shape-circle e-grid-align-right elementor-grid-0 elementor-widget elementor-widget-social-icons\" data-id=\"e685bc0\" data-element_type=\"widget\" data-e-type=\"widget\" data-widget_type=\"social-icons.default\">\n\t\t\t\t<div class=\"elementor-widget-container\">\n\t\t\t\t\t\t\t<div class=\"elementor-social-icons-wrapper elementor-grid\" role=\"list\">\n\t\t\t\t\t\t\t<span class=\"elementor-grid-item\" role=\"listitem\">\n\t\t\t\t\t<a class=\"elementor-icon elementor-social-icon elementor-social-icon-facebook elementor-animation-grow elementor-repeater-item-ef4f15e\" href=\"https:\/\/www.facebook.com\/ZeroWasteEUProject2\/%20\" target=\"_blank\">\n\t\t\t\t\t\t<span class=\"elementor-screen-only\">Facebook<\/span>\n\t\t\t\t\t\t<i aria-hidden=\"true\" class=\"fab fa-facebook\"><\/i>\t\t\t\t\t<\/a>\n\t\t\t\t<\/span>\n\t\t\t\t\t\t\t<span class=\"elementor-grid-item\" role=\"listitem\">\n\t\t\t\t\t<a class=\"elementor-icon elementor-social-icon elementor-social-icon-instagram elementor-animation-grow elementor-repeater-item-7eeb5b3\" href=\"https:\/\/www.instagram.https:\/\/www.instagram.com\/zerowaste_projecteu\/com\/zerowaste_projecteu\/\" target=\"_blank\">\n\t\t\t\t\t\t<span class=\"elementor-screen-only\">Instagram<\/span>\n\t\t\t\t\t\t<i aria-hidden=\"true\" class=\"fab fa-instagram\"><\/i>\t\t\t\t\t<\/a>\n\t\t\t\t<\/span>\n\t\t\t\t\t\t\t<span class=\"elementor-grid-item\" role=\"listitem\">\n\t\t\t\t\t<a class=\"elementor-icon elementor-social-icon elementor-social-icon-twitter elementor-animation-grow elementor-repeater-item-d67f1e7\" href=\"https:\/\/twitter.com\/ZeroWasteProje1\" target=\"_blank\">\n\t\t\t\t\t\t<span class=\"elementor-screen-only\">Twitter<\/span>\n\t\t\t\t\t\t<i aria-hidden=\"true\" class=\"fab fa-twitter\"><\/i>\t\t\t\t\t<\/a>\n\t\t\t\t<\/span>\n\t\t\t\t\t\t\t<span class=\"elementor-grid-item\" role=\"listitem\">\n\t\t\t\t\t<a class=\"elementor-icon elementor-social-icon elementor-social-icon-linkedin-in elementor-animation-grow elementor-repeater-item-1019605\" href=\"https:\/\/www.linkedin.com\/company\/84794263\/admin\/\" target=\"_blank\">\n\t\t\t\t\t\t<span class=\"elementor-screen-only\">Linkedin-in<\/span>\n\t\t\t\t\t\t<i aria-hidden=\"true\" class=\"fab fa-linkedin-in\"><\/i>\t\t\t\t\t<\/a>\n\t\t\t\t<\/span>\n\t\t\t\t\t<\/div>\n\t\t\t\t\t\t<\/div>\n\t\t\t\t<\/div>\n\t\t\t\t\t<\/div>\n\t\t<\/div>\n\t\t\t\t\t<\/div>\n\t\t<\/section>\n\t\t\t\t<section class=\"elementor-section elementor-top-section elementor-element elementor-element-21e6766 elementor-section-boxed elementor-section-height-default elementor-section-height-default\" data-id=\"21e6766\" data-element_type=\"section\" data-e-type=\"section\">\n\t\t\t\t\t\t<div class=\"elementor-container elementor-column-gap-default\">\n\t\t\t\t\t<div class=\"elementor-column elementor-col-100 elementor-top-column elementor-element elementor-element-143d935\" data-id=\"143d935\" data-element_type=\"column\" data-e-type=\"column\">\n\t\t\t<div class=\"elementor-widget-wrap elementor-element-populated\">\n\t\t\t\t\t\t<div class=\"elementor-element elementor-element-af5c453 elementor-widget-divider--view-line elementor-widget elementor-widget-divider\" data-id=\"af5c453\" data-element_type=\"widget\" data-e-type=\"widget\" data-widget_type=\"divider.default\">\n\t\t\t\t<div class=\"elementor-widget-container\">\n\t\t\t\t\t\t\t<div class=\"elementor-divider\">\n\t\t\t<span class=\"elementor-divider-separator\">\n\t\t\t\t\t\t<\/span>\n\t\t<\/div>\n\t\t\t\t\t\t<\/div>\n\t\t\t\t<\/div>\n\t\t\t\t\t<\/div>\n\t\t<\/div>\n\t\t\t\t\t<\/div>\n\t\t<\/section>\n\t\t\t\t<section class=\"elementor-section elementor-top-section elementor-element elementor-element-7f90fb9 elementor-section-boxed elementor-section-height-default elementor-section-height-default\" data-id=\"7f90fb9\" data-element_type=\"section\" data-e-type=\"section\">\n\t\t\t\t\t\t<div class=\"elementor-container elementor-column-gap-default\">\n\t\t\t\t\t<div class=\"elementor-column elementor-col-33 elementor-top-column elementor-element elementor-element-d1ba596\" data-id=\"d1ba596\" data-element_type=\"column\" data-e-type=\"column\">\n\t\t\t<div class=\"elementor-widget-wrap elementor-element-populated\">\n\t\t\t\t\t\t<div class=\"elementor-element elementor-element-5f35bde elementor-widget elementor-widget-text-editor\" data-id=\"5f35bde\" data-element_type=\"widget\" data-e-type=\"widget\" data-widget_type=\"text-editor.default\">\n\t\t\t\t<div class=\"elementor-widget-container\">\n\t\t\t\t\t\t\t\t\t<p>Copyright \u00a9 2022 Zero Waste. All Rights Reserved.<\/p>\t\t\t\t\t\t\t\t<\/div>\n\t\t\t\t<\/div>\n\t\t\t\t\t<\/div>\n\t\t<\/div>\n\t\t\t\t<div class=\"elementor-column elementor-col-33 elementor-top-column elementor-element elementor-element-584563a\" data-id=\"584563a\" data-element_type=\"column\" data-e-type=\"column\">\n\t\t\t<div class=\"elementor-widget-wrap\">\n\t\t\t\t\t\t\t<\/div>\n\t\t<\/div>\n\t\t\t\t<div class=\"elementor-column elementor-col-33 elementor-top-column elementor-element elementor-element-d09841a\" data-id=\"d09841a\" data-element_type=\"column\" data-e-type=\"column\">\n\t\t\t<div class=\"elementor-widget-wrap elementor-element-populated\">\n\t\t\t\t\t\t<div class=\"elementor-element elementor-element-bb45646 elementor-widget elementor-widget-text-editor\" data-id=\"bb45646\" data-element_type=\"widget\" data-e-type=\"widget\" data-widget_type=\"text-editor.default\">\n\t\t\t\t<div class=\"elementor-widget-container\">\n\t\t\t\t\t\t\t\t\t<span style=\"color: #797979; text-align: left;\">Powered by\u00a0<\/span><a style=\"color: #797979; text-align: right;\" href=\"https:\/\/innovationhive.eu\/\" target=\"_blank\" rel=\"noopener\">Innovation Hive<\/a>\t\t\t\t\t\t\t\t<\/div>\n\t\t\t\t<\/div>\n\t\t\t\t\t<\/div>\n\t\t<\/div>\n\t\t\t\t\t<\/div>\n\t\t<\/section>\n\t\t\t\t<\/div>\n\t\t","protected":false},"excerpt":{"rendered":"<p>Debut pentru Rezultatul proiectului nr. 3 Zero Waste &#8211; Joc educa\u021bional despre managementul de\u0219eurilor alimentare Prezentul articol este menit s\u0103 [&hellip;]<\/p>\n","protected":false},"author":1,"featured_media":0,"parent":0,"menu_order":0,"comment_status":"closed","ping_status":"closed","template":"page-templates\/template_page-builder.php","meta":{"_monsterinsights_skip_tracking":false,"_monsterinsights_sitenote_active":false,"_monsterinsights_sitenote_note":"","_monsterinsights_sitenote_category":0,"footnotes":""},"class_list":["post-1125","page","type-page","status-publish","hentry"],"aioseo_notices":[],"_links":{"self":[{"href":"https:\/\/zero-waste-project.eu\/index.php\/wp-json\/wp\/v2\/pages\/1125","targetHints":{"allow":["GET"]}}],"collection":[{"href":"https:\/\/zero-waste-project.eu\/index.php\/wp-json\/wp\/v2\/pages"}],"about":[{"href":"https:\/\/zero-waste-project.eu\/index.php\/wp-json\/wp\/v2\/types\/page"}],"author":[{"embeddable":true,"href":"https:\/\/zero-waste-project.eu\/index.php\/wp-json\/wp\/v2\/users\/1"}],"replies":[{"embeddable":true,"href":"https:\/\/zero-waste-project.eu\/index.php\/wp-json\/wp\/v2\/comments?post=1125"}],"version-history":[{"count":20,"href":"https:\/\/zero-waste-project.eu\/index.php\/wp-json\/wp\/v2\/pages\/1125\/revisions"}],"predecessor-version":[{"id":2296,"href":"https:\/\/zero-waste-project.eu\/index.php\/wp-json\/wp\/v2\/pages\/1125\/revisions\/2296"}],"wp:attachment":[{"href":"https:\/\/zero-waste-project.eu\/index.php\/wp-json\/wp\/v2\/media?parent=1125"}],"curies":[{"name":"wp","href":"https:\/\/api.w.org\/{rel}","templated":true}]}}