{"id":2453,"date":"2023-12-14T09:58:32","date_gmt":"2023-12-14T09:58:32","guid":{"rendered":"https:\/\/zero-waste-project.eu\/?page_id=2453"},"modified":"2023-12-14T09:59:29","modified_gmt":"2023-12-14T09:59:29","slug":"pr4-completamento-del-toolkit","status":"publish","type":"page","link":"https:\/\/zero-waste-project.eu\/index.php\/it\/pr4-completamento-del-toolkit\/","title":{"rendered":"PR4: Completamento del Toolkit"},"content":{"rendered":"\t\t<div data-elementor-type=\"wp-page\" data-elementor-id=\"2453\" class=\"elementor elementor-2453\">\n\t\t\t\t\t\t<section class=\"elementor-section elementor-top-section elementor-element elementor-element-f223be0 elementor-section-boxed elementor-section-height-default elementor-section-height-default\" data-id=\"f223be0\" data-element_type=\"section\" data-e-type=\"section\">\n\t\t\t\t\t\t\t<div class=\"elementor-background-overlay\"><\/div>\n\t\t\t\t\t\t\t<div class=\"elementor-container elementor-column-gap-default\">\n\t\t\t\t\t<div class=\"elementor-column elementor-col-100 elementor-top-column elementor-element elementor-element-e4d8d03\" data-id=\"e4d8d03\" data-element_type=\"column\" data-e-type=\"column\">\n\t\t\t<div class=\"elementor-widget-wrap elementor-element-populated\">\n\t\t\t\t\t\t<div class=\"elementor-element elementor-element-5249348 elementor-widget elementor-widget-spacer\" data-id=\"5249348\" data-element_type=\"widget\" data-e-type=\"widget\" data-widget_type=\"spacer.default\">\n\t\t\t\t<div class=\"elementor-widget-container\">\n\t\t\t\t\t\t\t<div class=\"elementor-spacer\">\n\t\t\t<div class=\"elementor-spacer-inner\"><\/div>\n\t\t<\/div>\n\t\t\t\t\t\t<\/div>\n\t\t\t\t<\/div>\n\t\t\t\t<div class=\"elementor-element elementor-element-f4cc4a8 elementor-widget elementor-widget-heading\" data-id=\"f4cc4a8\" data-element_type=\"widget\" data-e-type=\"widget\" data-widget_type=\"heading.default\">\n\t\t\t\t<div class=\"elementor-widget-container\">\n\t\t\t\t\t<h2 class=\"elementor-heading-title elementor-size-default\">Completamento del materiale PR4 - Trasformare l'istruzione per un domani sostenibile: obiettivi raggiunti del progetto \"ZERO WASTE\".<\/h2>\t\t\t\t<\/div>\n\t\t\t\t<\/div>\n\t\t\t\t<div class=\"elementor-element elementor-element-b33c1c2 elementor-widget elementor-widget-spacer\" data-id=\"b33c1c2\" data-element_type=\"widget\" data-e-type=\"widget\" data-widget_type=\"spacer.default\">\n\t\t\t\t<div class=\"elementor-widget-container\">\n\t\t\t\t\t\t\t<div class=\"elementor-spacer\">\n\t\t\t<div class=\"elementor-spacer-inner\"><\/div>\n\t\t<\/div>\n\t\t\t\t\t\t<\/div>\n\t\t\t\t<\/div>\n\t\t\t\t<div class=\"elementor-element elementor-element-4255ec0 elementor-widget elementor-widget-spacer\" data-id=\"4255ec0\" data-element_type=\"widget\" data-e-type=\"widget\" data-widget_type=\"spacer.default\">\n\t\t\t\t<div class=\"elementor-widget-container\">\n\t\t\t\t\t\t\t<div class=\"elementor-spacer\">\n\t\t\t<div class=\"elementor-spacer-inner\"><\/div>\n\t\t<\/div>\n\t\t\t\t\t\t<\/div>\n\t\t\t\t<\/div>\n\t\t\t\t\t<\/div>\n\t\t<\/div>\n\t\t\t\t\t<\/div>\n\t\t<\/section>\n\t\t\t\t<section class=\"elementor-section elementor-top-section elementor-element elementor-element-997cd66 elementor-section-boxed elementor-section-height-default elementor-section-height-default\" data-id=\"997cd66\" data-element_type=\"section\" data-e-type=\"section\">\n\t\t\t\t\t\t<div class=\"elementor-container elementor-column-gap-default\">\n\t\t\t\t\t<div class=\"elementor-column elementor-col-100 elementor-top-column elementor-element elementor-element-a77a97a\" data-id=\"a77a97a\" data-element_type=\"column\" data-e-type=\"column\">\n\t\t\t<div class=\"elementor-widget-wrap elementor-element-populated\">\n\t\t\t\t\t\t<div class=\"elementor-element elementor-element-34ec221 elementor-widget elementor-widget-spacer\" data-id=\"34ec221\" data-element_type=\"widget\" data-e-type=\"widget\" data-widget_type=\"spacer.default\">\n\t\t\t\t<div class=\"elementor-widget-container\">\n\t\t\t\t\t\t\t<div class=\"elementor-spacer\">\n\t\t\t<div class=\"elementor-spacer-inner\"><\/div>\n\t\t<\/div>\n\t\t\t\t\t\t<\/div>\n\t\t\t\t<\/div>\n\t\t\t\t<div class=\"elementor-element elementor-element-b44dde4 elementor-widget elementor-widget-text-editor\" data-id=\"b44dde4\" data-element_type=\"widget\" data-e-type=\"widget\" data-widget_type=\"text-editor.default\">\n\t\t\t\t<div class=\"elementor-widget-container\">\n\t\t\t\t\t\t\t\t\t<p><span style=\"font-weight: 400;\">In un percorso segnato da impegno e collaborazione, il progetto \u201cZERO WASTE\u201d celebra traguardi significativi, plasmando il futuro dell\u2019educazione alla sostenibilit\u00e0. Il completamento delle attivit\u00e0 pilota e la finalizzazione del toolkit completo (PR4) rappresentano risultati chiave che spingono il progetto verso la sua visione di un mondo senza rifiuti.<\/span><\/p><p>\u00a0<\/p><p><b>Approfondimenti dalle attivit\u00e0 pilota ZERO WASTE: voci trasformative<\/b><\/p><p>\u00a0<\/p><p><span style=\"font-weight: 400;\">Da giugno a settembre 2023, il progetto ha coinvolto insegnanti, studenti e genitori dei paesi partner in una fase pilota dinamica. Il feedback ricevuto da diversi punti di vista ha evidenziato punti di forza e aree di miglioramento, garantendo che il progetto rimanga reattivo alle esigenze in evoluzione dei suoi utenti.<\/span><\/p><p>\u00a0<\/p><p><span style=\"font-weight: 400;\">Impatto trasformativo sugli studenti: <\/span><span style=\"font-weight: 400;\">le attivit\u00e0 pilota di ZERO WASTE hanno lasciato un segno indelebile sugli studenti, trascendendo i confini. Gli studenti ora mostrano una maggiore consapevolezza globale, sollecitando una rivalutazione delle abitudini alimentari quotidiane per il bene comune. Risuona l\u2019appello per una nuova cultura della sostenibilit\u00e0, sottolineando l\u2019interconnessione dello spreco alimentare con le risorse, l\u2019energia e il benessere sociale. In varie regioni, gli studenti sottolineano l\u2019urgenza di cambiamenti radicali nel modo di pensare una gestione efficace dei rifiuti alimentari. Riconoscono il danno ambientale insito in abitudini apparentemente normali e abbracciano cambiamenti comportamentali duraturi, dalla pianificazione dei menu all\u2019uso creativo degli avanzi. Il gioco online emerge come catalizzatore per il consumo consapevole, innescando piani per il coinvolgimento delle ONG e un pi\u00f9 ampio impatto sociale.<\/span><\/p><p>\u00a0<\/p><p><span style=\"font-weight: 400;\">Cambiamento trasformativo negli atteggiamenti familiari: <\/span><span style=\"font-weight: 400;\">attraverso le attivit\u00e0 e l\u2019implementazione del progetto, i genitori lodano ZERO WASTE per aver trasformato le loro abitudini familiari, enfatizzando il pensiero ambientale precoce e la conoscenza pratica. Il materiale educativo \u00e8 visto come un catalizzatore per lo sviluppo personale e la formazione di una nuova cultura della gestione alimentare. I genitori trovano risorse preziose per la riduzione dei rifiuti, sostenendo il ruolo di ZERO WASTE nel cambiamento sociale. Testimoniando la crescita delle conoscenze dei propri figli, i genitori celebrano il progetto per promuovere atteggiamenti responsabili nei confronti del cibo.<\/span><\/p><p><br \/><br \/><br \/><\/p><p><b>PR4: Toolkit per la responsabilizzazione e la sostenibilit\u00e0<\/b><\/p><p>\u00a0<\/p><p><span style=\"font-weight: 400;\">Contemporaneamente e a seguito delle attivit\u00e0 pilota in tutti i paesi coinvolti nel progetto, il completamento di PR4 introduce un robusto kit di strumenti progettato per il personale scolastico, gli insegnanti, gli studenti, i genitori e i formatori interessati a continuare a portare avanti gli obiettivi del progetto.<\/span><\/p><p><span style=\"font-weight: 400;\">Questo toolkit garantisce la disponibilit\u00e0 e la sostenibilit\u00e0 dei risultati del progetto massimizzando al tempo stesso la trasferibilit\u00e0 degli strumenti e delle metodologie sviluppate.<\/span><\/p><p>\u00a0<\/p><p><span style=\"font-weight: 400;\">Punti salienti del toolkit: una risorsa completa<\/span><\/p><p>\u00a0<\/p><p><span style=\"font-weight: 400;\">Le sezioni pi\u00f9 importanti del toolkit sono qui riassunte:<\/span><\/p><p>\u00a0<\/p><ul><li style=\"font-weight: 400;\" aria-level=\"1\"><span style=\"font-weight: 400;\">Rapporto di sintesi (PR1) <\/span><span style=\"font-weight: 400;\">: raccoglie informazioni sulle problematiche relative allo spreco alimentare e sulla loro gestione, fungendo da documento guida per iniziative future.<\/span><\/li><li style=\"font-weight: 400;\" aria-level=\"1\"><span style=\"font-weight: 400;\">Approfondimenti didattici<\/span><span style=\"font-weight: 400;\">: derivati da una ricerca documentale e sul campo parte del PR1, che offrono preziosi approfondimenti sullo stato attuale dell&#8217;educazione alla gestione dei rifiuti alimentari.<\/span><\/li><li style=\"font-weight: 400;\" aria-level=\"1\"><span style=\"font-weight: 400;\">Raccomandazioni per l\u2019azione (PR1)<\/span><span style=\"font-weight: 400;\">: linee guida, raccomandazioni e brief politici per l\u2019insegnamento della gestione dello spreco alimentare nelle scuole sono stati forniti sulla base dei risultati della ricerca, garantendo un approccio pratico alla lotta allo spreco alimentare.<\/span><\/li><li style=\"font-weight: 400;\" aria-level=\"1\"><span style=\"font-weight: 400;\">Condivisione della conoscenza (PR2 e PR3): <\/span><span style=\"font-weight: 400;\">arricchiti con piani di lezione strutturati, video, quiz ed elementi di monitoraggio dei progressi, creando un&#8217;esperienza di apprendimento dinamica e coinvolgente, sia il corso e-learning che i serious game hanno come obiettivo principale quello di trasformare l&#8217;apprendimento del cibo gestione in un&#8217;avventura.<\/span><\/li><\/ul><p>\u00a0<\/p><p><b>Unisciti ai risultati del progetto: una chiamata all&#8217;azione<\/b><\/p><p>\u00a0<\/p><p><span style=\"font-weight: 400;\">Mentre il progetto &#8220;ZERO WASTE&#8221; celebra questi traguardi e il completamento del PR4 come ultima attivit\u00e0, estende un invito a educatori, politici e sostenitori della sostenibilit\u00e0 ad unirsi al movimento. Esplora il toolkit, interagisci con le risorse e partecipa al rimodellamento dell&#8217;istruzione per un mondo in cui i rifiuti non hanno posto.<\/span><\/p><p>\u00a0<\/p><p><span style=\"font-weight: 400;\">Scopri il toolkit qui: <\/span><a href=\"https:\/\/zero-waste-project.eu\/wp-content\/uploads\/2023\/11\/version3_ZEROWASTE-PR4-TOOLKIT-3.pdf\"><span style=\"font-weight: 400;\">https:\/\/zero-waste-project.eu\/wp-content\/uploads\/2023\/11\/version3_ZEROWASTE-PR4-TOOLKIT-3.pdf<\/span><\/a><span style=\"font-weight: 400;\">\u00a0<\/span><\/p><p><br \/><br \/><\/p><p><span style=\"font-weight: 400;\">Insieme, promuoviamo la visione di un futuro sostenibile, uno strumento alla volta. Abbraccia il viaggio dell&#8217;istruzione trasformativa per un domani senza sprechi.<\/span><\/p>\t\t\t\t\t\t\t\t<\/div>\n\t\t\t\t<\/div>\n\t\t\t\t<div class=\"elementor-element elementor-element-e285d0c elementor-widget elementor-widget-spacer\" data-id=\"e285d0c\" data-element_type=\"widget\" data-e-type=\"widget\" data-widget_type=\"spacer.default\">\n\t\t\t\t<div class=\"elementor-widget-container\">\n\t\t\t\t\t\t\t<div class=\"elementor-spacer\">\n\t\t\t<div class=\"elementor-spacer-inner\"><\/div>\n\t\t<\/div>\n\t\t\t\t\t\t<\/div>\n\t\t\t\t<\/div>\n\t\t\t\t\t<\/div>\n\t\t<\/div>\n\t\t\t\t\t<\/div>\n\t\t<\/section>\n\t\t\t\t<section class=\"elementor-section elementor-top-section elementor-element elementor-element-7efe761 elementor-section-boxed elementor-section-height-default elementor-section-height-default\" data-id=\"7efe761\" data-element_type=\"section\" data-e-type=\"section\">\n\t\t\t\t\t\t<div class=\"elementor-container elementor-column-gap-default\">\n\t\t\t\t\t<div class=\"elementor-column elementor-col-33 elementor-top-column elementor-element elementor-element-be0d01d\" data-id=\"be0d01d\" data-element_type=\"column\" data-e-type=\"column\">\n\t\t\t<div class=\"elementor-widget-wrap elementor-element-populated\">\n\t\t\t\t\t\t<div class=\"elementor-element elementor-element-ffe3927 elementor-widget elementor-widget-image\" data-id=\"ffe3927\" data-element_type=\"widget\" data-e-type=\"widget\" data-widget_type=\"image.default\">\n\t\t\t\t<div class=\"elementor-widget-container\">\n\t\t\t\t\t\t\t\t\t\t\t\t\t\t\t<img decoding=\"async\" width=\"194\" height=\"42\" src=\"https:\/\/zero-waste-project.eu\/wp-content\/uploads\/2022\/04\/eu-logo-new.png\" class=\"attachment-medium size-medium wp-image-63\" alt=\"\" \/>\t\t\t\t\t\t\t\t\t\t\t\t\t\t\t<\/div>\n\t\t\t\t<\/div>\n\t\t\t\t<div class=\"elementor-element elementor-element-632e724 elementor-widget elementor-widget-text-editor\" data-id=\"632e724\" data-element_type=\"widget\" data-e-type=\"widget\" data-widget_type=\"text-editor.default\">\n\t\t\t\t<div class=\"elementor-widget-container\">\n\t\t\t\t\t\t\t\t\t<p>Finanziato dall&#8217;Unione europea. Le opinioni espresse appartengono, tuttavia, al solo o ai soli autori e non riflettono necessariamente le opinioni dell&#8217;Unione europea o dell\u2019Agenzia esecutiva europea per l\u2019istruzione e la cultura (EACEA). N\u00e9 l&#8217;Unione europea n\u00e9 l&#8217;EACEA possono esserne ritenute responsabili. 2021-1-RO01-KA220-SCH-000032588<\/p>\t\t\t\t\t\t\t\t<\/div>\n\t\t\t\t<\/div>\n\t\t\t\t\t<\/div>\n\t\t<\/div>\n\t\t\t\t<div class=\"elementor-column elementor-col-33 elementor-top-column elementor-element elementor-element-4a1ef5a\" data-id=\"4a1ef5a\" data-element_type=\"column\" data-e-type=\"column\">\n\t\t\t<div class=\"elementor-widget-wrap\">\n\t\t\t\t\t\t\t<\/div>\n\t\t<\/div>\n\t\t\t\t<div class=\"elementor-column elementor-col-33 elementor-top-column elementor-element elementor-element-ff2b8fa\" data-id=\"ff2b8fa\" data-element_type=\"column\" data-e-type=\"column\">\n\t\t\t<div class=\"elementor-widget-wrap elementor-element-populated\">\n\t\t\t\t\t\t<div class=\"elementor-element elementor-element-17b67f4 elementor-widget elementor-widget-image\" data-id=\"17b67f4\" data-element_type=\"widget\" data-e-type=\"widget\" data-widget_type=\"image.default\">\n\t\t\t\t<div class=\"elementor-widget-container\">\n\t\t\t\t\t\t\t\t\t\t\t\t\t\t\t\t<a href=\"https:\/\/zero-waste-project.eu\/\">\n\t\t\t\t\t\t\t<img decoding=\"async\" width=\"80\" height=\"46\" src=\"https:\/\/zero-waste-project.eu\/wp-content\/uploads\/2022\/03\/xxsmall.png\" class=\"attachment-medium size-medium wp-image-39\" alt=\"\" \/>\t\t\t\t\t\t\t\t<\/a>\n\t\t\t\t\t\t\t\t\t\t\t\t\t\t\t<\/div>\n\t\t\t\t<\/div>\n\t\t\t\t<div class=\"elementor-element elementor-element-99a2a0e elementor-widget elementor-widget-text-editor\" data-id=\"99a2a0e\" data-element_type=\"widget\" data-e-type=\"widget\" data-widget_type=\"text-editor.default\">\n\t\t\t\t<div class=\"elementor-widget-container\">\n\t\t\t\t\t\t\t\t\t<a style=\"color: #344e41;\" href=\"https:\/\/zero-waste-project.eu\/index.php\/terms-of-use\/\" target=\"_blank\" rel=\"noopener\">Terms of Use<\/a>\t\t\t\t\t\t\t\t<\/div>\n\t\t\t\t<\/div>\n\t\t\t\t<div class=\"elementor-element elementor-element-7ec8d5e elementor-shape-circle e-grid-align-right elementor-grid-0 elementor-widget elementor-widget-social-icons\" data-id=\"7ec8d5e\" data-element_type=\"widget\" data-e-type=\"widget\" data-widget_type=\"social-icons.default\">\n\t\t\t\t<div class=\"elementor-widget-container\">\n\t\t\t\t\t\t\t<div class=\"elementor-social-icons-wrapper elementor-grid\" role=\"list\">\n\t\t\t\t\t\t\t<span class=\"elementor-grid-item\" role=\"listitem\">\n\t\t\t\t\t<a class=\"elementor-icon elementor-social-icon elementor-social-icon-facebook elementor-animation-grow elementor-repeater-item-ef4f15e\" href=\"https:\/\/www.facebook.com\/ZeroWasteEUProject2\/%20\" target=\"_blank\">\n\t\t\t\t\t\t<span class=\"elementor-screen-only\">Facebook<\/span>\n\t\t\t\t\t\t<i aria-hidden=\"true\" class=\"fab fa-facebook\"><\/i>\t\t\t\t\t<\/a>\n\t\t\t\t<\/span>\n\t\t\t\t\t\t\t<span class=\"elementor-grid-item\" role=\"listitem\">\n\t\t\t\t\t<a class=\"elementor-icon elementor-social-icon elementor-social-icon-instagram elementor-animation-grow elementor-repeater-item-7eeb5b3\" href=\"https:\/\/www.instagram.com\/zerowaste_projecteu\/\" target=\"_blank\">\n\t\t\t\t\t\t<span class=\"elementor-screen-only\">Instagram<\/span>\n\t\t\t\t\t\t<i aria-hidden=\"true\" class=\"fab fa-instagram\"><\/i>\t\t\t\t\t<\/a>\n\t\t\t\t<\/span>\n\t\t\t\t\t\t\t<span class=\"elementor-grid-item\" role=\"listitem\">\n\t\t\t\t\t<a class=\"elementor-icon elementor-social-icon elementor-social-icon-twitter elementor-animation-grow elementor-repeater-item-d67f1e7\" href=\"https:\/\/twitter.com\/ZeroWasteProje1\" target=\"_blank\">\n\t\t\t\t\t\t<span class=\"elementor-screen-only\">Twitter<\/span>\n\t\t\t\t\t\t<i aria-hidden=\"true\" class=\"fab fa-twitter\"><\/i>\t\t\t\t\t<\/a>\n\t\t\t\t<\/span>\n\t\t\t\t\t\t\t<span class=\"elementor-grid-item\" role=\"listitem\">\n\t\t\t\t\t<a class=\"elementor-icon elementor-social-icon elementor-social-icon-linkedin-in elementor-animation-grow elementor-repeater-item-1019605\" href=\"https:\/\/www.linkedin.com\/company\/84794263\/admin\/\" target=\"_blank\">\n\t\t\t\t\t\t<span class=\"elementor-screen-only\">Linkedin-in<\/span>\n\t\t\t\t\t\t<i aria-hidden=\"true\" class=\"fab fa-linkedin-in\"><\/i>\t\t\t\t\t<\/a>\n\t\t\t\t<\/span>\n\t\t\t\t\t<\/div>\n\t\t\t\t\t\t<\/div>\n\t\t\t\t<\/div>\n\t\t\t\t\t<\/div>\n\t\t<\/div>\n\t\t\t\t\t<\/div>\n\t\t<\/section>\n\t\t\t\t<section class=\"elementor-section elementor-top-section elementor-element elementor-element-265220b elementor-section-boxed elementor-section-height-default elementor-section-height-default\" data-id=\"265220b\" data-element_type=\"section\" data-e-type=\"section\">\n\t\t\t\t\t\t<div class=\"elementor-container elementor-column-gap-default\">\n\t\t\t\t\t<div class=\"elementor-column elementor-col-100 elementor-top-column elementor-element elementor-element-a630659\" data-id=\"a630659\" data-element_type=\"column\" data-e-type=\"column\">\n\t\t\t<div class=\"elementor-widget-wrap elementor-element-populated\">\n\t\t\t\t\t\t<div class=\"elementor-element elementor-element-c3c3d28 elementor-widget-divider--view-line elementor-widget elementor-widget-divider\" data-id=\"c3c3d28\" data-element_type=\"widget\" data-e-type=\"widget\" data-widget_type=\"divider.default\">\n\t\t\t\t<div class=\"elementor-widget-container\">\n\t\t\t\t\t\t\t<div class=\"elementor-divider\">\n\t\t\t<span class=\"elementor-divider-separator\">\n\t\t\t\t\t\t<\/span>\n\t\t<\/div>\n\t\t\t\t\t\t<\/div>\n\t\t\t\t<\/div>\n\t\t\t\t\t<\/div>\n\t\t<\/div>\n\t\t\t\t\t<\/div>\n\t\t<\/section>\n\t\t\t\t<section class=\"elementor-section elementor-top-section elementor-element elementor-element-5dc84cf elementor-section-boxed elementor-section-height-default elementor-section-height-default\" data-id=\"5dc84cf\" data-element_type=\"section\" data-e-type=\"section\">\n\t\t\t\t\t\t<div class=\"elementor-container elementor-column-gap-default\">\n\t\t\t\t\t<div class=\"elementor-column elementor-col-33 elementor-top-column elementor-element elementor-element-4e8c4be\" data-id=\"4e8c4be\" data-element_type=\"column\" data-e-type=\"column\">\n\t\t\t<div class=\"elementor-widget-wrap elementor-element-populated\">\n\t\t\t\t\t\t<div class=\"elementor-element elementor-element-bb15fb5 elementor-widget elementor-widget-text-editor\" data-id=\"bb15fb5\" data-element_type=\"widget\" data-e-type=\"widget\" data-widget_type=\"text-editor.default\">\n\t\t\t\t<div class=\"elementor-widget-container\">\n\t\t\t\t\t\t\t\t\t<p>Copyright \u00a9 2022 Zero Waste. All Rights Reserved.<\/p>\t\t\t\t\t\t\t\t<\/div>\n\t\t\t\t<\/div>\n\t\t\t\t\t<\/div>\n\t\t<\/div>\n\t\t\t\t<div class=\"elementor-column elementor-col-33 elementor-top-column elementor-element elementor-element-673a392\" data-id=\"673a392\" data-element_type=\"column\" data-e-type=\"column\">\n\t\t\t<div class=\"elementor-widget-wrap\">\n\t\t\t\t\t\t\t<\/div>\n\t\t<\/div>\n\t\t\t\t<div class=\"elementor-column elementor-col-33 elementor-top-column elementor-element elementor-element-4809332\" data-id=\"4809332\" data-element_type=\"column\" data-e-type=\"column\">\n\t\t\t<div class=\"elementor-widget-wrap elementor-element-populated\">\n\t\t\t\t\t\t<div class=\"elementor-element elementor-element-1e31b66 elementor-widget elementor-widget-text-editor\" data-id=\"1e31b66\" data-element_type=\"widget\" data-e-type=\"widget\" data-widget_type=\"text-editor.default\">\n\t\t\t\t<div class=\"elementor-widget-container\">\n\t\t\t\t\t\t\t\t\t<span style=\"color: #797979; text-align: left;\">Powered by\u00a0<\/span><a style=\"color: #797979; text-align: right;\" href=\"https:\/\/innovationhive.eu\/\" target=\"_blank\" rel=\"noopener\">Innovation Hive<\/a>\t\t\t\t\t\t\t\t<\/div>\n\t\t\t\t<\/div>\n\t\t\t\t\t<\/div>\n\t\t<\/div>\n\t\t\t\t\t<\/div>\n\t\t<\/section>\n\t\t\t\t<\/div>\n\t\t","protected":false},"excerpt":{"rendered":"<p>Completamento del materiale PR4 &#8211; Trasformare l&#8217;istruzione per un domani sostenibile: obiettivi raggiunti del progetto &#8220;ZERO WASTE&#8221;. In un percorso [&hellip;]<\/p>\n","protected":false},"author":1,"featured_media":0,"parent":0,"menu_order":0,"comment_status":"closed","ping_status":"closed","template":"page-templates\/template_page-builder.php","meta":{"_monsterinsights_skip_tracking":false,"_monsterinsights_sitenote_active":false,"_monsterinsights_sitenote_note":"","_monsterinsights_sitenote_category":0,"footnotes":""},"class_list":["post-2453","page","type-page","status-publish","hentry"],"aioseo_notices":[],"_links":{"self":[{"href":"https:\/\/zero-waste-project.eu\/index.php\/wp-json\/wp\/v2\/pages\/2453","targetHints":{"allow":["GET"]}}],"collection":[{"href":"https:\/\/zero-waste-project.eu\/index.php\/wp-json\/wp\/v2\/pages"}],"about":[{"href":"https:\/\/zero-waste-project.eu\/index.php\/wp-json\/wp\/v2\/types\/page"}],"author":[{"embeddable":true,"href":"https:\/\/zero-waste-project.eu\/index.php\/wp-json\/wp\/v2\/users\/1"}],"replies":[{"embeddable":true,"href":"https:\/\/zero-waste-project.eu\/index.php\/wp-json\/wp\/v2\/comments?post=2453"}],"version-history":[{"count":4,"href":"https:\/\/zero-waste-project.eu\/index.php\/wp-json\/wp\/v2\/pages\/2453\/revisions"}],"predecessor-version":[{"id":2457,"href":"https:\/\/zero-waste-project.eu\/index.php\/wp-json\/wp\/v2\/pages\/2453\/revisions\/2457"}],"wp:attachment":[{"href":"https:\/\/zero-waste-project.eu\/index.php\/wp-json\/wp\/v2\/media?parent=2453"}],"curies":[{"name":"wp","href":"https:\/\/api.w.org\/{rel}","templated":true}]}}