{"id":2467,"date":"2023-12-14T10:04:55","date_gmt":"2023-12-14T10:04:55","guid":{"rendered":"https:\/\/zero-waste-project.eu\/?page_id=2467"},"modified":"2023-12-14T10:05:37","modified_gmt":"2023-12-14T10:05:37","slug":"pr4-finalizacion-del-conjunto-de-herramientas","status":"publish","type":"page","link":"https:\/\/zero-waste-project.eu\/index.php\/es\/pr4-finalizacion-del-conjunto-de-herramientas\/","title":{"rendered":"PR4: Finalizaci\u00f3n del conjunto de herramientas"},"content":{"rendered":"\t\t<div data-elementor-type=\"wp-page\" data-elementor-id=\"2467\" class=\"elementor elementor-2467\">\n\t\t\t\t\t\t<section class=\"elementor-section elementor-top-section elementor-element elementor-element-f223be0 elementor-section-boxed elementor-section-height-default elementor-section-height-default\" data-id=\"f223be0\" data-element_type=\"section\" data-e-type=\"section\">\n\t\t\t\t\t\t\t<div class=\"elementor-background-overlay\"><\/div>\n\t\t\t\t\t\t\t<div class=\"elementor-container elementor-column-gap-default\">\n\t\t\t\t\t<div class=\"elementor-column elementor-col-100 elementor-top-column elementor-element elementor-element-e4d8d03\" data-id=\"e4d8d03\" data-element_type=\"column\" data-e-type=\"column\">\n\t\t\t<div class=\"elementor-widget-wrap elementor-element-populated\">\n\t\t\t\t\t\t<div class=\"elementor-element elementor-element-5249348 elementor-widget elementor-widget-spacer\" data-id=\"5249348\" data-element_type=\"widget\" data-e-type=\"widget\" data-widget_type=\"spacer.default\">\n\t\t\t\t<div class=\"elementor-widget-container\">\n\t\t\t\t\t\t\t<div class=\"elementor-spacer\">\n\t\t\t<div class=\"elementor-spacer-inner\"><\/div>\n\t\t<\/div>\n\t\t\t\t\t\t<\/div>\n\t\t\t\t<\/div>\n\t\t\t\t<div class=\"elementor-element elementor-element-f4cc4a8 elementor-widget elementor-widget-heading\" data-id=\"f4cc4a8\" data-element_type=\"widget\" data-e-type=\"widget\" data-widget_type=\"heading.default\">\n\t\t\t\t<div class=\"elementor-widget-container\">\n\t\t\t\t\t<h2 class=\"elementor-heading-title elementor-size-default\">Finalizaci\u00f3n del material PR4 - Transformar la educaci\u00f3n para un ma\u00f1ana sostenible: \"Hitos del proyecto \"ZERO WASTE\u2019\u2019<\/h2>\t\t\t\t<\/div>\n\t\t\t\t<\/div>\n\t\t\t\t<div class=\"elementor-element elementor-element-b33c1c2 elementor-widget elementor-widget-spacer\" data-id=\"b33c1c2\" data-element_type=\"widget\" data-e-type=\"widget\" data-widget_type=\"spacer.default\">\n\t\t\t\t<div class=\"elementor-widget-container\">\n\t\t\t\t\t\t\t<div class=\"elementor-spacer\">\n\t\t\t<div class=\"elementor-spacer-inner\"><\/div>\n\t\t<\/div>\n\t\t\t\t\t\t<\/div>\n\t\t\t\t<\/div>\n\t\t\t\t<div class=\"elementor-element elementor-element-4255ec0 elementor-widget elementor-widget-spacer\" data-id=\"4255ec0\" data-element_type=\"widget\" data-e-type=\"widget\" data-widget_type=\"spacer.default\">\n\t\t\t\t<div class=\"elementor-widget-container\">\n\t\t\t\t\t\t\t<div class=\"elementor-spacer\">\n\t\t\t<div class=\"elementor-spacer-inner\"><\/div>\n\t\t<\/div>\n\t\t\t\t\t\t<\/div>\n\t\t\t\t<\/div>\n\t\t\t\t\t<\/div>\n\t\t<\/div>\n\t\t\t\t\t<\/div>\n\t\t<\/section>\n\t\t\t\t<section class=\"elementor-section elementor-top-section elementor-element elementor-element-997cd66 elementor-section-boxed elementor-section-height-default elementor-section-height-default\" data-id=\"997cd66\" data-element_type=\"section\" data-e-type=\"section\">\n\t\t\t\t\t\t<div class=\"elementor-container elementor-column-gap-default\">\n\t\t\t\t\t<div class=\"elementor-column elementor-col-100 elementor-top-column elementor-element elementor-element-a77a97a\" data-id=\"a77a97a\" data-element_type=\"column\" data-e-type=\"column\">\n\t\t\t<div class=\"elementor-widget-wrap elementor-element-populated\">\n\t\t\t\t\t\t<div class=\"elementor-element elementor-element-34ec221 elementor-widget elementor-widget-spacer\" data-id=\"34ec221\" data-element_type=\"widget\" data-e-type=\"widget\" data-widget_type=\"spacer.default\">\n\t\t\t\t<div class=\"elementor-widget-container\">\n\t\t\t\t\t\t\t<div class=\"elementor-spacer\">\n\t\t\t<div class=\"elementor-spacer-inner\"><\/div>\n\t\t<\/div>\n\t\t\t\t\t\t<\/div>\n\t\t\t\t<\/div>\n\t\t\t\t<div class=\"elementor-element elementor-element-b44dde4 elementor-widget elementor-widget-text-editor\" data-id=\"b44dde4\" data-element_type=\"widget\" data-e-type=\"widget\" data-widget_type=\"text-editor.default\">\n\t\t\t\t<div class=\"elementor-widget-container\">\n\t\t\t\t\t\t\t\t\t<p><span style=\"font-weight: 400;\">En un viaje marcado por el compromiso y la colaboraci\u00f3n, el proyecto &#8220;ZERO WASTE&#8221; celebra hitos significativos, dando forma al futuro de la educaci\u00f3n para la sostenibilidad. La conclusi\u00f3n de las actividades piloto y la finalizaci\u00f3n del conjunto completo de herramientas (PR4) suponen logros clave que impulsan el proyecto hacia su visi\u00f3n de un mundo sin residuos.<\/span><\/p><p>\u00a0<\/p><p><b>Perspectivas de las actividades piloto de ZERO WASTE: Voces transformadoras<\/b><\/p><p>\u00a0<\/p><p><span style=\"font-weight: 400;\">De junio a septiembre de 2023, el proyecto cont\u00f3 con la participaci\u00f3n de profesores, alumnos y padres de los pa\u00edses socios en una din\u00e1mica fase piloto. Los comentarios recibidos desde diversos puntos de vista pusieron de manifiesto los puntos fuertes y las \u00e1reas de mejora, garantizando que el proyecto siga respondiendo a las necesidades cambiantes de sus usuarios.<\/span><\/p><p>\u00a0<\/p><p><span style=\"font-weight: 400;\">Impacto transformador en los estudiantes: <\/span><span style=\"font-weight: 400;\">las actividades piloto de ZERO WASTE han dejado una huella indeleble en los estudiantes, trascendiendo fronteras. Los estudiantes muestran ahora una mayor conciencia global, instando a una reevaluaci\u00f3n de los h\u00e1bitos alimentarios cotidianos en aras de un bien mayor. Resuena el llamamiento a una nueva cultura de la sostenibilidad, haciendo hincapi\u00e9 en la interconexi\u00f3n del desperdicio de alimentos con los recursos, la energ\u00eda y el bienestar de la sociedad. En diversas regiones, los estudiantes subrayan la urgencia de un cambio radical de mentalidad para una gesti\u00f3n eficaz de los residuos alimentarios. Reconocen el da\u00f1o medioambiental que conllevan h\u00e1bitos aparentemente normales y adoptan cambios de comportamiento duraderos, desde la planificaci\u00f3n de men\u00fas hasta el uso creativo de las sobras. El juego serio se convierte en un catalizador del consumo consciente, que da pie a planes de participaci\u00f3n de las ONG y a un mayor impacto social.<\/span><\/p><p>\u00a0<\/p><p><span style=\"font-weight: 400;\">Cambio transformador en las actitudes familiares: <\/span><span style=\"font-weight: 400;\">a trav\u00e9s de las actividades y la ejecuci\u00f3n del proyecto, los padres elogian a ZERO WASTE por haber transformado sus h\u00e1bitos familiares, haciendo hincapi\u00e9 en la reflexi\u00f3n medioambiental temprana y los conocimientos pr\u00e1cticos. El material educativo se considera un catalizador para el desarrollo personal y la formaci\u00f3n de una nueva cultura de gesti\u00f3n de los alimentos. Los padres encuentran recursos valiosos para la reducci\u00f3n de residuos y respaldan el papel de ZERO WASTE en el cambio social. Al ser testigos del aumento de conocimientos de sus hijos, los padres celebran el proyecto por fomentar actitudes responsables hacia los alimentos.<\/span><\/p><p><br \/><br \/><br \/><\/p><p><b>PR4: Herramientas para la capacitaci\u00f3n y la sostenibilidad<\/b><\/p><p>\u00a0<\/p><p><span style=\"font-weight: 400;\">Simult\u00e1neamente y tras las actividades piloto en todos los pa\u00edses participantes en el proyecto, la realizaci\u00f3n de PR4 presenta un s\u00f3lido conjunto de herramientas dise\u00f1adas para el personal escolar, los profesores, los estudiantes, los padres y los formadores interesados en continuar con el proyecto.<\/span><\/p><p><span style=\"font-weight: 400;\">Objetivos. Este conjunto de herramientas garantiza la disponibilidad y sostenibilidad de los resultados del proyecto, al tiempo que maximiza la transferibilidad de las herramientas y metodolog\u00edas desarrolladas.<\/span><\/p><p>\u00a0<\/p><p><span style=\"font-weight: 400;\">Herramientas destacadas: Un recurso completo\u00a0<\/span><\/p><p>\u00a0<\/p><p><span style=\"font-weight: 400;\">A continuaci\u00f3n se resumen las secciones m\u00e1s importantes del conjunto de herramientas:<\/span><\/p><p>\u00a0<\/p><ul><li style=\"font-weight: 400;\" aria-level=\"1\"><span style=\"font-weight: 400;\">Informe de s\u00edntesis (PR1)<\/span><span style=\"font-weight: 400;\">: recoge informaci\u00f3n sobre los problemas de los residuos alimentarios y su gesti\u00f3n, sirviendo de documento orientativo para futuras iniciativas.<\/span><\/li><li style=\"font-weight: 400;\" aria-level=\"1\"><span style=\"font-weight: 400;\">Perspectivas educativas <\/span><span style=\"font-weight: 400;\">: derivadas de los investigadores de gabinete y de campo de PR1, ofrecen valiosas perspectivas sobre el estado actual de la educaci\u00f3n en gesti\u00f3n de residuos alimentarios.<\/span><\/li><li style=\"font-weight: 400;\" aria-level=\"1\"><span style=\"font-weight: 400;\">Recomendaciones para la acci\u00f3n (PR1)<\/span><span style=\"font-weight: 400;\">: se han proporcionado directrices, recomendaciones y un documento de orientaci\u00f3n para la ense\u00f1anza de la gesti\u00f3n del desperdicio de alimentos en las escuelas, basadas en los resultados de la investigaci\u00f3n, que garantizan un enfoque pr\u00e1ctico de la lucha contra el desperdicio de alimentos.<\/span><\/li><li style=\"font-weight: 400;\" aria-level=\"1\"><span style=\"font-weight: 400;\">Compartir conocimientos (PR2 y PR3): <\/span><span style=\"font-weight: 400;\">enriquecidos con planes de lecciones estructurados, v\u00eddeos, cuestionarios y elementos de seguimiento del progreso, que crean una experiencia de aprendizaje din\u00e1mica y atractiva, tanto el curso de aprendizaje electr\u00f3nico como los juegos serios tienen como principal objetivo transformar el aprendizaje de la gesti\u00f3n alimentaria en una aventura.<\/span><\/li><\/ul><p>\u00a0<\/p><p><b>\u00danete a los resultados del proyecto: Llamamiento a la acci\u00f3n<\/b><\/p><p>\u00a0<\/p><p><span style=\"font-weight: 400;\">Mientras el proyecto &#8220;ZERO WASTE&#8221; celebra estos hitos y el concurso de PR4 como \u00faltima actividad, extiende una invitaci\u00f3n a educadores, responsables pol\u00edticos y defensores de la sostenibilidad para que se unan al movimiento. Explora el conjunto de herramientas, participa con los recursos y forma parte de la remodelaci\u00f3n de la educaci\u00f3n para un mundo en el que los residuos no tengan cabida.<\/span><\/p><p>\u00a0<\/p><p><span style=\"font-weight: 400;\">Descubra el kit de herramientas aqu\u00ed: <\/span><a href=\"https:\/\/zero-waste-project.eu\/wp-content\/uploads\/2023\/11\/version3_ZEROWASTE-PR4-TOOLKIT-3.pdf\"><span style=\"font-weight: 400;\">https:<\/span><\/a><span style=\"font-weight: 400;\">\/\/zero-waste-project.eu\/wp-content\/uploads\/2023\/11\/version3_ZEROWASTE-PR4-TOOLKIT-3.pdf\u00a0<\/span><\/p><p><br \/><br \/><\/p><p><span style=\"font-weight: 400;\">Juntos, impulsemos la visi\u00f3n de un futuro sostenible, una caja de herramientas cada vez. Emprende el viaje de la educaci\u00f3n transformadora para un ma\u00f1ana sin residuos.<\/span><\/p>\t\t\t\t\t\t\t\t<\/div>\n\t\t\t\t<\/div>\n\t\t\t\t<div class=\"elementor-element elementor-element-e285d0c elementor-widget elementor-widget-spacer\" data-id=\"e285d0c\" data-element_type=\"widget\" data-e-type=\"widget\" data-widget_type=\"spacer.default\">\n\t\t\t\t<div class=\"elementor-widget-container\">\n\t\t\t\t\t\t\t<div class=\"elementor-spacer\">\n\t\t\t<div class=\"elementor-spacer-inner\"><\/div>\n\t\t<\/div>\n\t\t\t\t\t\t<\/div>\n\t\t\t\t<\/div>\n\t\t\t\t\t<\/div>\n\t\t<\/div>\n\t\t\t\t\t<\/div>\n\t\t<\/section>\n\t\t\t\t<section class=\"elementor-section elementor-top-section elementor-element elementor-element-57ba041 elementor-section-boxed elementor-section-height-default elementor-section-height-default\" data-id=\"57ba041\" data-element_type=\"section\" data-e-type=\"section\">\n\t\t\t\t\t\t<div class=\"elementor-container elementor-column-gap-default\">\n\t\t\t\t\t<div class=\"elementor-column elementor-col-33 elementor-top-column elementor-element elementor-element-b6732a4\" data-id=\"b6732a4\" data-element_type=\"column\" data-e-type=\"column\">\n\t\t\t<div class=\"elementor-widget-wrap elementor-element-populated\">\n\t\t\t\t\t\t<div class=\"elementor-element elementor-element-57904f6 elementor-widget elementor-widget-image\" data-id=\"57904f6\" data-element_type=\"widget\" data-e-type=\"widget\" data-widget_type=\"image.default\">\n\t\t\t\t<div class=\"elementor-widget-container\">\n\t\t\t\t\t\t\t\t\t\t\t\t\t\t\t<img decoding=\"async\" width=\"194\" height=\"42\" src=\"https:\/\/zero-waste-project.eu\/wp-content\/uploads\/2022\/04\/eu-logo-new.png\" class=\"attachment-medium size-medium wp-image-63\" alt=\"\" \/>\t\t\t\t\t\t\t\t\t\t\t\t\t\t\t<\/div>\n\t\t\t\t<\/div>\n\t\t\t\t<div class=\"elementor-element elementor-element-30d74da elementor-widget elementor-widget-text-editor\" data-id=\"30d74da\" data-element_type=\"widget\" data-e-type=\"widget\" data-widget_type=\"text-editor.default\">\n\t\t\t\t<div class=\"elementor-widget-container\">\n\t\t\t\t\t\t\t\t\t<p>Financiado por la Uni\u00f3n Europea. Las opiniones y puntos de vista expresados solo comprometen a su(s) autor(es) y no reflejan necesariamente los de la Uni\u00f3n Europea o los de la Agencia Ejecutiva Europea de Educaci\u00f3n y Cultura (EACEA). Ni la Uni\u00f3n Europea ni la EACEA pueden ser considerados responsables de ellos. 2021-1-RO01-KA220-SCH-000032588<\/p>\t\t\t\t\t\t\t\t<\/div>\n\t\t\t\t<\/div>\n\t\t\t\t\t<\/div>\n\t\t<\/div>\n\t\t\t\t<div class=\"elementor-column elementor-col-33 elementor-top-column elementor-element elementor-element-e986491\" data-id=\"e986491\" data-element_type=\"column\" data-e-type=\"column\">\n\t\t\t<div class=\"elementor-widget-wrap\">\n\t\t\t\t\t\t\t<\/div>\n\t\t<\/div>\n\t\t\t\t<div class=\"elementor-column elementor-col-33 elementor-top-column elementor-element elementor-element-f2478a5\" data-id=\"f2478a5\" data-element_type=\"column\" data-e-type=\"column\">\n\t\t\t<div class=\"elementor-widget-wrap elementor-element-populated\">\n\t\t\t\t\t\t<div class=\"elementor-element elementor-element-0d8fc02 elementor-widget elementor-widget-image\" data-id=\"0d8fc02\" data-element_type=\"widget\" data-e-type=\"widget\" data-widget_type=\"image.default\">\n\t\t\t\t<div class=\"elementor-widget-container\">\n\t\t\t\t\t\t\t\t\t\t\t\t\t\t\t\t<a href=\"https:\/\/zero-waste-project.eu\/\">\n\t\t\t\t\t\t\t<img decoding=\"async\" width=\"80\" height=\"46\" src=\"https:\/\/zero-waste-project.eu\/wp-content\/uploads\/2022\/03\/xxsmall.png\" class=\"attachment-medium size-medium wp-image-39\" alt=\"\" \/>\t\t\t\t\t\t\t\t<\/a>\n\t\t\t\t\t\t\t\t\t\t\t\t\t\t\t<\/div>\n\t\t\t\t<\/div>\n\t\t\t\t<div class=\"elementor-element elementor-element-ead2862 elementor-widget elementor-widget-text-editor\" data-id=\"ead2862\" data-element_type=\"widget\" data-e-type=\"widget\" data-widget_type=\"text-editor.default\">\n\t\t\t\t<div class=\"elementor-widget-container\">\n\t\t\t\t\t\t\t\t\t<a style=\"color: #344e41;\" href=\"https:\/\/zero-waste-project.eu\/index.php\/terms-of-use\/\" target=\"_blank\" rel=\"noopener\">Terms of Use<\/a>\t\t\t\t\t\t\t\t<\/div>\n\t\t\t\t<\/div>\n\t\t\t\t<div class=\"elementor-element elementor-element-9a03bcf elementor-shape-circle e-grid-align-right elementor-grid-0 elementor-widget elementor-widget-social-icons\" data-id=\"9a03bcf\" data-element_type=\"widget\" data-e-type=\"widget\" data-widget_type=\"social-icons.default\">\n\t\t\t\t<div class=\"elementor-widget-container\">\n\t\t\t\t\t\t\t<div class=\"elementor-social-icons-wrapper elementor-grid\" role=\"list\">\n\t\t\t\t\t\t\t<span class=\"elementor-grid-item\" role=\"listitem\">\n\t\t\t\t\t<a class=\"elementor-icon elementor-social-icon elementor-social-icon-facebook elementor-animation-grow elementor-repeater-item-ef4f15e\" href=\"https:\/\/www.facebook.com\/ZeroWasteEUProject2\/%20\" target=\"_blank\">\n\t\t\t\t\t\t<span class=\"elementor-screen-only\">Facebook<\/span>\n\t\t\t\t\t\t<i aria-hidden=\"true\" class=\"fab fa-facebook\"><\/i>\t\t\t\t\t<\/a>\n\t\t\t\t<\/span>\n\t\t\t\t\t\t\t<span class=\"elementor-grid-item\" role=\"listitem\">\n\t\t\t\t\t<a class=\"elementor-icon elementor-social-icon elementor-social-icon-instagram elementor-animation-grow elementor-repeater-item-7eeb5b3\" href=\"https:\/\/www.instagram.com\/zerowaste_projecteu\/\" target=\"_blank\">\n\t\t\t\t\t\t<span class=\"elementor-screen-only\">Instagram<\/span>\n\t\t\t\t\t\t<i aria-hidden=\"true\" class=\"fab fa-instagram\"><\/i>\t\t\t\t\t<\/a>\n\t\t\t\t<\/span>\n\t\t\t\t\t\t\t<span class=\"elementor-grid-item\" role=\"listitem\">\n\t\t\t\t\t<a class=\"elementor-icon elementor-social-icon elementor-social-icon-twitter elementor-animation-grow elementor-repeater-item-d67f1e7\" href=\"https:\/\/twitter.com\/ZeroWasteProje1\" target=\"_blank\">\n\t\t\t\t\t\t<span class=\"elementor-screen-only\">Twitter<\/span>\n\t\t\t\t\t\t<i aria-hidden=\"true\" class=\"fab fa-twitter\"><\/i>\t\t\t\t\t<\/a>\n\t\t\t\t<\/span>\n\t\t\t\t\t\t\t<span class=\"elementor-grid-item\" role=\"listitem\">\n\t\t\t\t\t<a class=\"elementor-icon elementor-social-icon elementor-social-icon-linkedin-in elementor-animation-grow elementor-repeater-item-1019605\" href=\"https:\/\/www.linkedin.com\/company\/84794263\/admin\/\" target=\"_blank\">\n\t\t\t\t\t\t<span class=\"elementor-screen-only\">Linkedin-in<\/span>\n\t\t\t\t\t\t<i aria-hidden=\"true\" class=\"fab fa-linkedin-in\"><\/i>\t\t\t\t\t<\/a>\n\t\t\t\t<\/span>\n\t\t\t\t\t<\/div>\n\t\t\t\t\t\t<\/div>\n\t\t\t\t<\/div>\n\t\t\t\t\t<\/div>\n\t\t<\/div>\n\t\t\t\t\t<\/div>\n\t\t<\/section>\n\t\t\t\t<section class=\"elementor-section elementor-top-section elementor-element elementor-element-ef336a3 elementor-section-boxed elementor-section-height-default elementor-section-height-default\" data-id=\"ef336a3\" data-element_type=\"section\" data-e-type=\"section\">\n\t\t\t\t\t\t<div class=\"elementor-container elementor-column-gap-default\">\n\t\t\t\t\t<div class=\"elementor-column elementor-col-100 elementor-top-column elementor-element elementor-element-894b941\" data-id=\"894b941\" data-element_type=\"column\" data-e-type=\"column\">\n\t\t\t<div class=\"elementor-widget-wrap elementor-element-populated\">\n\t\t\t\t\t\t<div class=\"elementor-element elementor-element-53c0206 elementor-widget-divider--view-line elementor-widget elementor-widget-divider\" data-id=\"53c0206\" data-element_type=\"widget\" data-e-type=\"widget\" data-widget_type=\"divider.default\">\n\t\t\t\t<div class=\"elementor-widget-container\">\n\t\t\t\t\t\t\t<div class=\"elementor-divider\">\n\t\t\t<span class=\"elementor-divider-separator\">\n\t\t\t\t\t\t<\/span>\n\t\t<\/div>\n\t\t\t\t\t\t<\/div>\n\t\t\t\t<\/div>\n\t\t\t\t\t<\/div>\n\t\t<\/div>\n\t\t\t\t\t<\/div>\n\t\t<\/section>\n\t\t\t\t<section class=\"elementor-section elementor-top-section elementor-element elementor-element-32f252a elementor-section-boxed elementor-section-height-default elementor-section-height-default\" data-id=\"32f252a\" data-element_type=\"section\" data-e-type=\"section\">\n\t\t\t\t\t\t<div class=\"elementor-container elementor-column-gap-default\">\n\t\t\t\t\t<div class=\"elementor-column elementor-col-33 elementor-top-column elementor-element elementor-element-732f9ae\" data-id=\"732f9ae\" data-element_type=\"column\" data-e-type=\"column\">\n\t\t\t<div class=\"elementor-widget-wrap elementor-element-populated\">\n\t\t\t\t\t\t<div class=\"elementor-element elementor-element-c588bd0 elementor-widget elementor-widget-text-editor\" data-id=\"c588bd0\" data-element_type=\"widget\" data-e-type=\"widget\" data-widget_type=\"text-editor.default\">\n\t\t\t\t<div class=\"elementor-widget-container\">\n\t\t\t\t\t\t\t\t\t<p>Copyright \u00a9 2022 Zero Waste. All Rights Reserved.<\/p>\t\t\t\t\t\t\t\t<\/div>\n\t\t\t\t<\/div>\n\t\t\t\t\t<\/div>\n\t\t<\/div>\n\t\t\t\t<div class=\"elementor-column elementor-col-33 elementor-top-column elementor-element elementor-element-b66a280\" data-id=\"b66a280\" data-element_type=\"column\" data-e-type=\"column\">\n\t\t\t<div class=\"elementor-widget-wrap\">\n\t\t\t\t\t\t\t<\/div>\n\t\t<\/div>\n\t\t\t\t<div class=\"elementor-column elementor-col-33 elementor-top-column elementor-element elementor-element-b837dd9\" data-id=\"b837dd9\" data-element_type=\"column\" data-e-type=\"column\">\n\t\t\t<div class=\"elementor-widget-wrap elementor-element-populated\">\n\t\t\t\t\t\t<div class=\"elementor-element elementor-element-a6fb095 elementor-widget elementor-widget-text-editor\" data-id=\"a6fb095\" data-element_type=\"widget\" data-e-type=\"widget\" data-widget_type=\"text-editor.default\">\n\t\t\t\t<div class=\"elementor-widget-container\">\n\t\t\t\t\t\t\t\t\t<span style=\"color: #797979; text-align: left;\">Powered by\u00a0<\/span><a style=\"color: #797979; text-align: right;\" href=\"https:\/\/innovationhive.eu\/\" target=\"_blank\" rel=\"noopener\">Innovation Hive<\/a>\t\t\t\t\t\t\t\t<\/div>\n\t\t\t\t<\/div>\n\t\t\t\t\t<\/div>\n\t\t<\/div>\n\t\t\t\t\t<\/div>\n\t\t<\/section>\n\t\t\t\t<\/div>\n\t\t","protected":false},"excerpt":{"rendered":"<p>Finalizaci\u00f3n del material PR4 &#8211; Transformar la educaci\u00f3n para un ma\u00f1ana sostenible: &#8220;Hitos del proyecto &#8220;ZERO WASTE\u2019\u2019 En un viaje [&hellip;]<\/p>\n","protected":false},"author":1,"featured_media":0,"parent":0,"menu_order":0,"comment_status":"closed","ping_status":"closed","template":"page-templates\/template_page-builder.php","meta":{"_monsterinsights_skip_tracking":false,"_monsterinsights_sitenote_active":false,"_monsterinsights_sitenote_note":"","_monsterinsights_sitenote_category":0,"footnotes":""},"class_list":["post-2467","page","type-page","status-publish","hentry"],"aioseo_notices":[],"_links":{"self":[{"href":"https:\/\/zero-waste-project.eu\/index.php\/wp-json\/wp\/v2\/pages\/2467","targetHints":{"allow":["GET"]}}],"collection":[{"href":"https:\/\/zero-waste-project.eu\/index.php\/wp-json\/wp\/v2\/pages"}],"about":[{"href":"https:\/\/zero-waste-project.eu\/index.php\/wp-json\/wp\/v2\/types\/page"}],"author":[{"embeddable":true,"href":"https:\/\/zero-waste-project.eu\/index.php\/wp-json\/wp\/v2\/users\/1"}],"replies":[{"embeddable":true,"href":"https:\/\/zero-waste-project.eu\/index.php\/wp-json\/wp\/v2\/comments?post=2467"}],"version-history":[{"count":4,"href":"https:\/\/zero-waste-project.eu\/index.php\/wp-json\/wp\/v2\/pages\/2467\/revisions"}],"predecessor-version":[{"id":2471,"href":"https:\/\/zero-waste-project.eu\/index.php\/wp-json\/wp\/v2\/pages\/2467\/revisions\/2471"}],"wp:attachment":[{"href":"https:\/\/zero-waste-project.eu\/index.php\/wp-json\/wp\/v2\/media?parent=2467"}],"curies":[{"name":"wp","href":"https:\/\/api.w.org\/{rel}","templated":true}]}}