{"id":2472,"date":"2023-12-14T10:07:08","date_gmt":"2023-12-14T10:07:08","guid":{"rendered":"https:\/\/zero-waste-project.eu\/?page_id=2472"},"modified":"2023-12-14T10:08:01","modified_gmt":"2023-12-14T10:08:01","slug":"ltta-en-zaragoza-espana","status":"publish","type":"page","link":"https:\/\/zero-waste-project.eu\/index.php\/es\/ltta-en-zaragoza-espana\/","title":{"rendered":"LTTA en Zaragoza, Espa\u00f1a"},"content":{"rendered":"\t\t<div data-elementor-type=\"wp-page\" data-elementor-id=\"2472\" class=\"elementor elementor-2472\">\n\t\t\t\t\t\t<section class=\"elementor-section elementor-top-section elementor-element elementor-element-3f98668 elementor-section-boxed elementor-section-height-default elementor-section-height-default\" data-id=\"3f98668\" data-element_type=\"section\" data-e-type=\"section\" data-settings=\"{&quot;background_background&quot;:&quot;classic&quot;}\">\n\t\t\t\t\t\t\t<div class=\"elementor-background-overlay\"><\/div>\n\t\t\t\t\t\t\t<div class=\"elementor-container elementor-column-gap-default\">\n\t\t\t\t\t<div class=\"elementor-column elementor-col-100 elementor-top-column elementor-element elementor-element-55dcec3\" data-id=\"55dcec3\" data-element_type=\"column\" data-e-type=\"column\">\n\t\t\t<div class=\"elementor-widget-wrap elementor-element-populated\">\n\t\t\t\t\t\t<div class=\"elementor-element elementor-element-5d899e6 elementor-widget elementor-widget-spacer\" data-id=\"5d899e6\" data-element_type=\"widget\" data-e-type=\"widget\" data-widget_type=\"spacer.default\">\n\t\t\t\t<div class=\"elementor-widget-container\">\n\t\t\t\t\t\t\t<div class=\"elementor-spacer\">\n\t\t\t<div class=\"elementor-spacer-inner\"><\/div>\n\t\t<\/div>\n\t\t\t\t\t\t<\/div>\n\t\t\t\t<\/div>\n\t\t\t\t<div class=\"elementor-element elementor-element-697518c elementor-widget elementor-widget-heading\" data-id=\"697518c\" data-element_type=\"widget\" data-e-type=\"widget\" data-widget_type=\"heading.default\">\n\t\t\t\t<div class=\"elementor-widget-container\">\n\t\t\t\t\t<h2 class=\"elementor-heading-title elementor-size-default\">LTTA ZERO WASTE: un viaje transformador de tres d\u00edas hacia la educaci\u00f3n sostenible<\/h2>\t\t\t\t<\/div>\n\t\t\t\t<\/div>\n\t\t\t\t<div class=\"elementor-element elementor-element-453fc2e elementor-widget elementor-widget-spacer\" data-id=\"453fc2e\" data-element_type=\"widget\" data-e-type=\"widget\" data-widget_type=\"spacer.default\">\n\t\t\t\t<div class=\"elementor-widget-container\">\n\t\t\t\t\t\t\t<div class=\"elementor-spacer\">\n\t\t\t<div class=\"elementor-spacer-inner\"><\/div>\n\t\t<\/div>\n\t\t\t\t\t\t<\/div>\n\t\t\t\t<\/div>\n\t\t\t\t\t<\/div>\n\t\t<\/div>\n\t\t\t\t\t<\/div>\n\t\t<\/section>\n\t\t\t\t<section class=\"elementor-section elementor-top-section elementor-element elementor-element-26c2ff2 elementor-section-boxed elementor-section-height-default elementor-section-height-default\" data-id=\"26c2ff2\" data-element_type=\"section\" data-e-type=\"section\">\n\t\t\t\t\t\t<div class=\"elementor-container elementor-column-gap-default\">\n\t\t\t\t\t<div class=\"elementor-column elementor-col-100 elementor-top-column elementor-element elementor-element-18de0f9\" data-id=\"18de0f9\" data-element_type=\"column\" data-e-type=\"column\">\n\t\t\t<div class=\"elementor-widget-wrap elementor-element-populated\">\n\t\t\t\t\t\t<div class=\"elementor-element elementor-element-30b6be1 elementor-widget elementor-widget-spacer\" data-id=\"30b6be1\" data-element_type=\"widget\" data-e-type=\"widget\" data-widget_type=\"spacer.default\">\n\t\t\t\t<div class=\"elementor-widget-container\">\n\t\t\t\t\t\t\t<div class=\"elementor-spacer\">\n\t\t\t<div class=\"elementor-spacer-inner\"><\/div>\n\t\t<\/div>\n\t\t\t\t\t\t<\/div>\n\t\t\t\t<\/div>\n\t\t\t\t<div class=\"elementor-element elementor-element-d5d517f elementor-widget elementor-widget-text-editor\" data-id=\"d5d517f\" data-element_type=\"widget\" data-e-type=\"widget\" data-widget_type=\"text-editor.default\">\n\t\t\t\t<div class=\"elementor-widget-container\">\n\t\t\t\t\t\t\t\t\t<p><span style=\"font-weight: 400;\">Capacitar a los educadores para un futuro m\u00e1s verde<\/span><\/p><p>\u00a0<\/p><p><span style=\"font-weight: 400;\">En una impactante Actividad de Aprendizaje, Ense\u00f1anza y Formaci\u00f3n (LTTA) de tres d\u00edas de duraci\u00f3n, 25 entusiastas participantes se adentraron en el mundo de la educaci\u00f3n sostenible a trav\u00e9s de la lente del proyecto &#8220;ZERO WASTE&#8221;. El evento, celebrado del 5 al 7 de septiembre , 2023, en Zaragoza (Espa\u00f1a) y organizado por el socio GEINNOVA, se dise\u00f1\u00f3 para dotar a los educadores de los conocimientos y herramientas necesarios para promover pr\u00e1cticas de residuo cero en sus respectivas comunidades.<\/span><\/p><p>\u00a0<\/p><p><span style=\"font-weight: 400;\">D\u00eda 1: Una mezcla de ejercicios para romper el hielo y reflexiones sobre el plan de estudios<\/span><\/p><p>\u00a0<\/p><p><span style=\"font-weight: 400;\">La jornada comenz\u00f3 con unas atractivas actividades para romper el hielo centradas en las pr\u00e1cticas de cero residuos, que marcaron la pauta de un ambiente de colaboraci\u00f3n y concienciaci\u00f3n medioambiental. Una actividad \u00fanica de creaci\u00f3n de equipos, una versi\u00f3n de tem\u00e1tica ecol\u00f3gica del popular juego &#8220;\u00bfPreferir\u00edas?&#8221;, a\u00f1adi\u00f3 un toque de creatividad a la jornada. A continuaci\u00f3n, los participantes se adentraron en el meollo del proyecto, con la presentaci\u00f3n del plan de estudios\/manual combinado (PR1), que ofrece una gu\u00eda completa para la educaci\u00f3n sobre residuos cero. La recogida inmediata de opiniones garantiz\u00f3 que las perspectivas de los participantes se valoraran desde el principio.<\/span><\/p><p>\u00a0<\/p><p><span style=\"font-weight: 400;\">D\u00eda 2: Plataformas, recursos y conocimientos pr\u00e1cticos<\/span><\/p><p>\u00a0<\/p><p><span style=\"font-weight: 400;\">El mi\u00e9rcoles, los participantes se adentraron en el mundo digital al conocer y probar la Plataforma (PR2) y los recursos did\u00e1cticos asociados. Una presentaci\u00f3n informativa sobre herramientas digitales y recursos adicionales para profesores ampli\u00f3 sus horizontes tecnol\u00f3gicos. La jornada continu\u00f3 con una emocionante presentaci\u00f3n y prueba pr\u00e1ctica del juego serio ZERO WASTE (PR3), que ofrece un enfoque l\u00fadico para reforzar el aprendizaje. Una merecida pausa para comer foment\u00f3 las relaciones sociales antes de que los participantes se embarcaran en una visita al CTRUZ (Centro de Reciclaje de Zaragoza). Esta experiencia real arroj\u00f3 luz sobre la gesti\u00f3n de residuos y su intrincada conexi\u00f3n con la gesti\u00f3n de residuos alimentarios.<\/span><\/p><p>\u00a0<\/p><p><span style=\"font-weight: 400;\">D\u00eda 3: Inspiraci\u00f3n, hojas de ruta pol\u00edticas y participaci\u00f3n activa<\/span><\/p><p>\u00a0<\/p><p><span style=\"font-weight: 400;\">El \u00faltimo d\u00eda comenz\u00f3 con una actividad de grupo para despertar a los participantes, en la que se proyectaron v\u00eddeos inspiradores que crearon un ambiente positivo y motivador. El punto culminante de la jornada fue un taller sobre hojas de ruta pol\u00edticas, en el que los participantes se adentraron en el intrincado proceso de creaci\u00f3n de pol\u00edticas. En grupos, elaboraron sus propias hojas de ruta pol\u00edticas, teniendo en cuenta los retos a los que se enfrentan en sus respectivos pa\u00edses en materia de gesti\u00f3n de residuos alimentarios. Esta experiencia pr\u00e1ctica les permiti\u00f3 aplicar los conocimientos adquiridos a lo largo de la LTTA, fomentando el pensamiento cr\u00edtico y la capacidad pr\u00e1ctica de resoluci\u00f3n de problemas.<\/span><\/p><p>\u00a0<\/p><p><span style=\"font-weight: 400;\">A lo largo de los tres d\u00edas, los participantes participaron en una din\u00e1mica mezcla de ejercicios para romper el hielo, actividades de creaci\u00f3n de equipos y presentaciones informativas. La visita al CTRUZ proporcion\u00f3 una comprensi\u00f3n tangible de las pr\u00e1cticas de gesti\u00f3n de residuos, mientras que el taller sobre la hoja de ruta pol\u00edtica foment\u00f3 la participaci\u00f3n activa y la colaboraci\u00f3n. La LTTA fue una experiencia hol\u00edstica, que promovi\u00f3 sesiones interactivas, recogida de opiniones y debates abiertos, enriqueciendo a los participantes con las herramientas y el compromiso necesarios para defender las pr\u00e1cticas de residuo cero en sus entornos educativos.<\/span><\/p><p>\u00a0<\/p><p><span style=\"font-weight: 400;\">Cuando se cerr\u00f3 el tel\u00f3n de la LTTA ZERO WASTE, los educadores se marcharon equipados no s\u00f3lo con conocimientos, sino tambi\u00e9n con la inspiraci\u00f3n necesaria para liderar una revoluci\u00f3n verde en la educaci\u00f3n. El viaje hacia la educaci\u00f3n sostenible no hab\u00eda hecho m\u00e1s que empezar.<\/span><\/p>\t\t\t\t\t\t\t\t<\/div>\n\t\t\t\t<\/div>\n\t\t\t\t<div class=\"elementor-element elementor-element-8fae02d elementor-widget elementor-widget-spacer\" data-id=\"8fae02d\" data-element_type=\"widget\" data-e-type=\"widget\" data-widget_type=\"spacer.default\">\n\t\t\t\t<div class=\"elementor-widget-container\">\n\t\t\t\t\t\t\t<div class=\"elementor-spacer\">\n\t\t\t<div class=\"elementor-spacer-inner\"><\/div>\n\t\t<\/div>\n\t\t\t\t\t\t<\/div>\n\t\t\t\t<\/div>\n\t\t\t\t\t<\/div>\n\t\t<\/div>\n\t\t\t\t\t<\/div>\n\t\t<\/section>\n\t\t\t\t<section class=\"elementor-section elementor-top-section elementor-element elementor-element-364f8b0 elementor-section-boxed elementor-section-height-default elementor-section-height-default\" data-id=\"364f8b0\" data-element_type=\"section\" data-e-type=\"section\">\n\t\t\t\t\t\t<div class=\"elementor-container elementor-column-gap-default\">\n\t\t\t\t\t<div class=\"elementor-column elementor-col-33 elementor-top-column elementor-element elementor-element-082aef9\" data-id=\"082aef9\" data-element_type=\"column\" data-e-type=\"column\">\n\t\t\t<div class=\"elementor-widget-wrap elementor-element-populated\">\n\t\t\t\t\t\t<div class=\"elementor-element elementor-element-4eb954e elementor-widget elementor-widget-image\" data-id=\"4eb954e\" data-element_type=\"widget\" data-e-type=\"widget\" data-widget_type=\"image.default\">\n\t\t\t\t<div class=\"elementor-widget-container\">\n\t\t\t\t\t\t\t\t\t\t\t\t\t\t\t<img decoding=\"async\" width=\"194\" height=\"42\" src=\"https:\/\/zero-waste-project.eu\/wp-content\/uploads\/2022\/04\/eu-logo-new.png\" class=\"attachment-medium size-medium wp-image-63\" alt=\"\" \/>\t\t\t\t\t\t\t\t\t\t\t\t\t\t\t<\/div>\n\t\t\t\t<\/div>\n\t\t\t\t<div class=\"elementor-element elementor-element-ad20ddd elementor-widget elementor-widget-text-editor\" data-id=\"ad20ddd\" data-element_type=\"widget\" data-e-type=\"widget\" data-widget_type=\"text-editor.default\">\n\t\t\t\t<div class=\"elementor-widget-container\">\n\t\t\t\t\t\t\t\t\t<p>Financiado por la Uni\u00f3n Europea. Las opiniones y puntos de vista expresados solo comprometen a su(s) autor(es) y no reflejan necesariamente los de la Uni\u00f3n Europea o los de la Agencia Ejecutiva Europea de Educaci\u00f3n y Cultura (EACEA). Ni la Uni\u00f3n Europea ni la EACEA pueden ser considerados responsables de ellos. 2021-1-RO01-KA220-SCH-000032588<\/p>\t\t\t\t\t\t\t\t<\/div>\n\t\t\t\t<\/div>\n\t\t\t\t\t<\/div>\n\t\t<\/div>\n\t\t\t\t<div class=\"elementor-column elementor-col-33 elementor-top-column elementor-element elementor-element-26297d8\" data-id=\"26297d8\" data-element_type=\"column\" data-e-type=\"column\">\n\t\t\t<div class=\"elementor-widget-wrap\">\n\t\t\t\t\t\t\t<\/div>\n\t\t<\/div>\n\t\t\t\t<div class=\"elementor-column elementor-col-33 elementor-top-column elementor-element elementor-element-c2733e9\" data-id=\"c2733e9\" data-element_type=\"column\" data-e-type=\"column\">\n\t\t\t<div class=\"elementor-widget-wrap elementor-element-populated\">\n\t\t\t\t\t\t<div class=\"elementor-element elementor-element-01a389c elementor-widget elementor-widget-image\" data-id=\"01a389c\" data-element_type=\"widget\" data-e-type=\"widget\" data-widget_type=\"image.default\">\n\t\t\t\t<div class=\"elementor-widget-container\">\n\t\t\t\t\t\t\t\t\t\t\t\t\t\t\t\t<a href=\"https:\/\/zero-waste-project.eu\/\">\n\t\t\t\t\t\t\t<img decoding=\"async\" width=\"80\" height=\"46\" src=\"https:\/\/zero-waste-project.eu\/wp-content\/uploads\/2022\/03\/xxsmall.png\" class=\"attachment-medium size-medium wp-image-39\" alt=\"\" \/>\t\t\t\t\t\t\t\t<\/a>\n\t\t\t\t\t\t\t\t\t\t\t\t\t\t\t<\/div>\n\t\t\t\t<\/div>\n\t\t\t\t<div class=\"elementor-element elementor-element-e176684 elementor-widget elementor-widget-text-editor\" data-id=\"e176684\" data-element_type=\"widget\" data-e-type=\"widget\" data-widget_type=\"text-editor.default\">\n\t\t\t\t<div class=\"elementor-widget-container\">\n\t\t\t\t\t\t\t\t\t<a style=\"color: #344e41;\" href=\"https:\/\/zero-waste-project.eu\/index.php\/terms-of-use\/\" target=\"_blank\" rel=\"noopener\">Terms of Use<\/a>\t\t\t\t\t\t\t\t<\/div>\n\t\t\t\t<\/div>\n\t\t\t\t<div class=\"elementor-element elementor-element-122e2de elementor-shape-circle e-grid-align-right elementor-grid-0 elementor-widget elementor-widget-social-icons\" data-id=\"122e2de\" data-element_type=\"widget\" data-e-type=\"widget\" data-widget_type=\"social-icons.default\">\n\t\t\t\t<div class=\"elementor-widget-container\">\n\t\t\t\t\t\t\t<div class=\"elementor-social-icons-wrapper elementor-grid\" role=\"list\">\n\t\t\t\t\t\t\t<span class=\"elementor-grid-item\" role=\"listitem\">\n\t\t\t\t\t<a class=\"elementor-icon elementor-social-icon elementor-social-icon-facebook elementor-animation-grow elementor-repeater-item-ef4f15e\" href=\"https:\/\/www.facebook.com\/ZeroWasteEUProject2\/%20\" target=\"_blank\">\n\t\t\t\t\t\t<span class=\"elementor-screen-only\">Facebook<\/span>\n\t\t\t\t\t\t<i aria-hidden=\"true\" class=\"fab fa-facebook\"><\/i>\t\t\t\t\t<\/a>\n\t\t\t\t<\/span>\n\t\t\t\t\t\t\t<span class=\"elementor-grid-item\" role=\"listitem\">\n\t\t\t\t\t<a class=\"elementor-icon elementor-social-icon elementor-social-icon-instagram elementor-animation-grow elementor-repeater-item-7eeb5b3\" href=\"https:\/\/www.instagram.com\/zerowaste_projecteu\/\" target=\"_blank\">\n\t\t\t\t\t\t<span class=\"elementor-screen-only\">Instagram<\/span>\n\t\t\t\t\t\t<i aria-hidden=\"true\" class=\"fab fa-instagram\"><\/i>\t\t\t\t\t<\/a>\n\t\t\t\t<\/span>\n\t\t\t\t\t\t\t<span class=\"elementor-grid-item\" role=\"listitem\">\n\t\t\t\t\t<a class=\"elementor-icon elementor-social-icon elementor-social-icon-twitter elementor-animation-grow elementor-repeater-item-d67f1e7\" href=\"https:\/\/twitter.com\/ZeroWasteProje1\" target=\"_blank\">\n\t\t\t\t\t\t<span class=\"elementor-screen-only\">Twitter<\/span>\n\t\t\t\t\t\t<i aria-hidden=\"true\" class=\"fab fa-twitter\"><\/i>\t\t\t\t\t<\/a>\n\t\t\t\t<\/span>\n\t\t\t\t\t\t\t<span class=\"elementor-grid-item\" role=\"listitem\">\n\t\t\t\t\t<a class=\"elementor-icon elementor-social-icon elementor-social-icon-linkedin-in elementor-animation-grow elementor-repeater-item-1019605\" href=\"https:\/\/www.linkedin.com\/company\/84794263\/admin\/\" target=\"_blank\">\n\t\t\t\t\t\t<span class=\"elementor-screen-only\">Linkedin-in<\/span>\n\t\t\t\t\t\t<i aria-hidden=\"true\" class=\"fab fa-linkedin-in\"><\/i>\t\t\t\t\t<\/a>\n\t\t\t\t<\/span>\n\t\t\t\t\t<\/div>\n\t\t\t\t\t\t<\/div>\n\t\t\t\t<\/div>\n\t\t\t\t\t<\/div>\n\t\t<\/div>\n\t\t\t\t\t<\/div>\n\t\t<\/section>\n\t\t\t\t<section class=\"elementor-section elementor-top-section elementor-element elementor-element-eaf9094 elementor-section-boxed elementor-section-height-default elementor-section-height-default\" data-id=\"eaf9094\" data-element_type=\"section\" data-e-type=\"section\">\n\t\t\t\t\t\t<div class=\"elementor-container elementor-column-gap-default\">\n\t\t\t\t\t<div class=\"elementor-column elementor-col-100 elementor-top-column elementor-element elementor-element-ef6df59\" data-id=\"ef6df59\" data-element_type=\"column\" data-e-type=\"column\">\n\t\t\t<div class=\"elementor-widget-wrap elementor-element-populated\">\n\t\t\t\t\t\t<div class=\"elementor-element elementor-element-64b946c elementor-widget-divider--view-line elementor-widget elementor-widget-divider\" data-id=\"64b946c\" data-element_type=\"widget\" data-e-type=\"widget\" data-widget_type=\"divider.default\">\n\t\t\t\t<div class=\"elementor-widget-container\">\n\t\t\t\t\t\t\t<div class=\"elementor-divider\">\n\t\t\t<span class=\"elementor-divider-separator\">\n\t\t\t\t\t\t<\/span>\n\t\t<\/div>\n\t\t\t\t\t\t<\/div>\n\t\t\t\t<\/div>\n\t\t\t\t\t<\/div>\n\t\t<\/div>\n\t\t\t\t\t<\/div>\n\t\t<\/section>\n\t\t\t\t<section class=\"elementor-section elementor-top-section elementor-element elementor-element-a9dc027 elementor-section-boxed elementor-section-height-default elementor-section-height-default\" data-id=\"a9dc027\" data-element_type=\"section\" data-e-type=\"section\">\n\t\t\t\t\t\t<div class=\"elementor-container elementor-column-gap-default\">\n\t\t\t\t\t<div class=\"elementor-column elementor-col-33 elementor-top-column elementor-element elementor-element-eb85eb6\" data-id=\"eb85eb6\" data-element_type=\"column\" data-e-type=\"column\">\n\t\t\t<div class=\"elementor-widget-wrap elementor-element-populated\">\n\t\t\t\t\t\t<div class=\"elementor-element elementor-element-7afc3c7 elementor-widget elementor-widget-text-editor\" data-id=\"7afc3c7\" data-element_type=\"widget\" data-e-type=\"widget\" data-widget_type=\"text-editor.default\">\n\t\t\t\t<div class=\"elementor-widget-container\">\n\t\t\t\t\t\t\t\t\t<p>Copyright \u00a9 2022 Zero Waste. All Rights Reserved.<\/p>\t\t\t\t\t\t\t\t<\/div>\n\t\t\t\t<\/div>\n\t\t\t\t\t<\/div>\n\t\t<\/div>\n\t\t\t\t<div class=\"elementor-column elementor-col-33 elementor-top-column elementor-element elementor-element-d6fca28\" data-id=\"d6fca28\" data-element_type=\"column\" data-e-type=\"column\">\n\t\t\t<div class=\"elementor-widget-wrap\">\n\t\t\t\t\t\t\t<\/div>\n\t\t<\/div>\n\t\t\t\t<div class=\"elementor-column elementor-col-33 elementor-top-column elementor-element elementor-element-36f6e73\" data-id=\"36f6e73\" data-element_type=\"column\" data-e-type=\"column\">\n\t\t\t<div class=\"elementor-widget-wrap elementor-element-populated\">\n\t\t\t\t\t\t<div class=\"elementor-element elementor-element-656c170 elementor-widget elementor-widget-text-editor\" data-id=\"656c170\" data-element_type=\"widget\" data-e-type=\"widget\" data-widget_type=\"text-editor.default\">\n\t\t\t\t<div class=\"elementor-widget-container\">\n\t\t\t\t\t\t\t\t\t<span style=\"color: #797979; text-align: left;\">Powered by\u00a0<\/span><a style=\"color: #797979; text-align: right;\" href=\"https:\/\/innovationhive.eu\/\" target=\"_blank\" rel=\"noopener\">Innovation Hive<\/a>\t\t\t\t\t\t\t\t<\/div>\n\t\t\t\t<\/div>\n\t\t\t\t\t<\/div>\n\t\t<\/div>\n\t\t\t\t\t<\/div>\n\t\t<\/section>\n\t\t\t\t<\/div>\n\t\t","protected":false},"excerpt":{"rendered":"<p>LTTA ZERO WASTE: un viaje transformador de tres d\u00edas hacia la educaci\u00f3n sostenible Capacitar a los educadores para un futuro [&hellip;]<\/p>\n","protected":false},"author":1,"featured_media":0,"parent":0,"menu_order":0,"comment_status":"closed","ping_status":"closed","template":"page-templates\/template_page-builder.php","meta":{"_monsterinsights_skip_tracking":false,"_monsterinsights_sitenote_active":false,"_monsterinsights_sitenote_note":"","_monsterinsights_sitenote_category":0,"footnotes":""},"class_list":["post-2472","page","type-page","status-publish","hentry"],"aioseo_notices":[],"_links":{"self":[{"href":"https:\/\/zero-waste-project.eu\/index.php\/wp-json\/wp\/v2\/pages\/2472","targetHints":{"allow":["GET"]}}],"collection":[{"href":"https:\/\/zero-waste-project.eu\/index.php\/wp-json\/wp\/v2\/pages"}],"about":[{"href":"https:\/\/zero-waste-project.eu\/index.php\/wp-json\/wp\/v2\/types\/page"}],"author":[{"embeddable":true,"href":"https:\/\/zero-waste-project.eu\/index.php\/wp-json\/wp\/v2\/users\/1"}],"replies":[{"embeddable":true,"href":"https:\/\/zero-waste-project.eu\/index.php\/wp-json\/wp\/v2\/comments?post=2472"}],"version-history":[{"count":4,"href":"https:\/\/zero-waste-project.eu\/index.php\/wp-json\/wp\/v2\/pages\/2472\/revisions"}],"predecessor-version":[{"id":2480,"href":"https:\/\/zero-waste-project.eu\/index.php\/wp-json\/wp\/v2\/pages\/2472\/revisions\/2480"}],"wp:attachment":[{"href":"https:\/\/zero-waste-project.eu\/index.php\/wp-json\/wp\/v2\/media?parent=2472"}],"curies":[{"name":"wp","href":"https:\/\/api.w.org\/{rel}","templated":true}]}}