{"id":2517,"date":"2023-12-15T12:22:17","date_gmt":"2023-12-15T12:22:17","guid":{"rendered":"https:\/\/zero-waste-project.eu\/?page_id=2517"},"modified":"2023-12-15T12:23:01","modified_gmt":"2023-12-15T12:23:01","slug":"zaragoza-ispanyada-ltta","status":"publish","type":"page","link":"https:\/\/zero-waste-project.eu\/index.php\/tr\/zaragoza-ispanyada-ltta\/","title":{"rendered":"Zaragoza, \u0130spanya&#8217;da LTTA"},"content":{"rendered":"\t\t<div data-elementor-type=\"wp-page\" data-elementor-id=\"2517\" class=\"elementor elementor-2517\">\n\t\t\t\t\t\t<section class=\"elementor-section elementor-top-section elementor-element elementor-element-3f98668 elementor-section-boxed elementor-section-height-default elementor-section-height-default\" data-id=\"3f98668\" data-element_type=\"section\" data-e-type=\"section\" data-settings=\"{&quot;background_background&quot;:&quot;classic&quot;}\">\n\t\t\t\t\t\t\t<div class=\"elementor-background-overlay\"><\/div>\n\t\t\t\t\t\t\t<div class=\"elementor-container elementor-column-gap-default\">\n\t\t\t\t\t<div class=\"elementor-column elementor-col-100 elementor-top-column elementor-element elementor-element-55dcec3\" data-id=\"55dcec3\" data-element_type=\"column\" data-e-type=\"column\">\n\t\t\t<div class=\"elementor-widget-wrap elementor-element-populated\">\n\t\t\t\t\t\t<div class=\"elementor-element elementor-element-5d899e6 elementor-widget elementor-widget-spacer\" data-id=\"5d899e6\" data-element_type=\"widget\" data-e-type=\"widget\" data-widget_type=\"spacer.default\">\n\t\t\t\t<div class=\"elementor-widget-container\">\n\t\t\t\t\t\t\t<div class=\"elementor-spacer\">\n\t\t\t<div class=\"elementor-spacer-inner\"><\/div>\n\t\t<\/div>\n\t\t\t\t\t\t<\/div>\n\t\t\t\t<\/div>\n\t\t\t\t<div class=\"elementor-element elementor-element-697518c elementor-widget elementor-widget-heading\" data-id=\"697518c\" data-element_type=\"widget\" data-e-type=\"widget\" data-widget_type=\"heading.default\">\n\t\t\t\t<div class=\"elementor-widget-container\">\n\t\t\t\t\t<h2 class=\"elementor-heading-title elementor-size-default\">S\u0131f\u0131r At\u0131k LTTA: S\u00fcrd\u00fcr\u00fclebilir E\u011fitime Do\u011fru D\u00f6n\u00fc\u015ft\u00fcr\u00fcc\u00fc \u00dc\u00e7 G\u00fcnl\u00fck Bir Yolculuk<\/h2>\t\t\t\t<\/div>\n\t\t\t\t<\/div>\n\t\t\t\t<div class=\"elementor-element elementor-element-453fc2e elementor-widget elementor-widget-spacer\" data-id=\"453fc2e\" data-element_type=\"widget\" data-e-type=\"widget\" data-widget_type=\"spacer.default\">\n\t\t\t\t<div class=\"elementor-widget-container\">\n\t\t\t\t\t\t\t<div class=\"elementor-spacer\">\n\t\t\t<div class=\"elementor-spacer-inner\"><\/div>\n\t\t<\/div>\n\t\t\t\t\t\t<\/div>\n\t\t\t\t<\/div>\n\t\t\t\t\t<\/div>\n\t\t<\/div>\n\t\t\t\t\t<\/div>\n\t\t<\/section>\n\t\t\t\t<section class=\"elementor-section elementor-top-section elementor-element elementor-element-26c2ff2 elementor-section-boxed elementor-section-height-default elementor-section-height-default\" data-id=\"26c2ff2\" data-element_type=\"section\" data-e-type=\"section\">\n\t\t\t\t\t\t<div class=\"elementor-container elementor-column-gap-default\">\n\t\t\t\t\t<div class=\"elementor-column elementor-col-100 elementor-top-column elementor-element elementor-element-18de0f9\" data-id=\"18de0f9\" data-element_type=\"column\" data-e-type=\"column\">\n\t\t\t<div class=\"elementor-widget-wrap elementor-element-populated\">\n\t\t\t\t\t\t<div class=\"elementor-element elementor-element-30b6be1 elementor-widget elementor-widget-spacer\" data-id=\"30b6be1\" data-element_type=\"widget\" data-e-type=\"widget\" data-widget_type=\"spacer.default\">\n\t\t\t\t<div class=\"elementor-widget-container\">\n\t\t\t\t\t\t\t<div class=\"elementor-spacer\">\n\t\t\t<div class=\"elementor-spacer-inner\"><\/div>\n\t\t<\/div>\n\t\t\t\t\t\t<\/div>\n\t\t\t\t<\/div>\n\t\t\t\t<div class=\"elementor-element elementor-element-d5d517f elementor-widget elementor-widget-text-editor\" data-id=\"d5d517f\" data-element_type=\"widget\" data-e-type=\"widget\" data-widget_type=\"text-editor.default\">\n\t\t\t\t<div class=\"elementor-widget-container\">\n\t\t\t\t\t\t\t\t\t<p><span style=\"font-weight: 400;\">Daha Ye\u015fil Bir Gelecek \u0130\u00e7in E\u011fitimcileri G\u00fc\u00e7lendirmek<\/span><\/p><p>\u00a0<\/p><p><span style=\"font-weight: 400;\">\u00dc\u00e7 g\u00fcn s\u00fcren etkili bir \u00d6\u011frenme, \u00d6\u011fretme, E\u011fitim Etkinli\u011finde (LTTA), 25 hevesli kat\u0131l\u0131mc\u0131 &#8220;SIFIR ATIK&#8221; projesinin merce\u011finden s\u00fcrd\u00fcr\u00fclebilir e\u011fitim d\u00fcnyas\u0131n\u0131 inceledi. Ortak GEINNOVA&#8217;n\u0131n ev sahipli\u011finde 5-7 Eyl\u00fcl 2023 tarihleri aras\u0131nda Zaragoza&#8217;da (\u0130spanya) d\u00fczenlenen etkinlik, e\u011fitimcileri kendi toplumlar\u0131nda s\u0131f\u0131r at\u0131k uygulamalar\u0131n\u0131 desteklemek i\u00e7in gerekli bilgi ve ara\u00e7larla g\u00fc\u00e7lendirmek \u00fczere tasarland\u0131.<\/span><\/p><p>\u00a0<\/p><ol><li><span style=\"font-weight: 400;\"> G\u00fcn: Buz K\u0131r\u0131c\u0131lar ve M\u00fcfredat \u0130\u00e7g\u00f6r\u00fclerinin Bir Kar\u0131\u015f\u0131m\u0131<\/span><\/li><\/ol><p>\u00a0<\/p><p><span style=\"font-weight: 400;\">S\u0131f\u0131r at\u0131k uygulamalar\u0131na odaklanan ilgi \u00e7ekici buz k\u0131r\u0131c\u0131 etkinliklerle ba\u015flayan yolculuk, i\u015fbirli\u011fine dayal\u0131 ve \u00e7evreye duyarl\u0131 bir atmosferin olu\u015fmas\u0131na zemin haz\u0131rlad\u0131. E\u015fsiz bir ekip kurma etkinli\u011fi olan pop\u00fcler &#8220;Would You Rather&#8221; oyununun ekolojik temal\u0131 bir versiyonu g\u00fcne yarat\u0131c\u0131l\u0131k katt\u0131. Kat\u0131l\u0131mc\u0131lar daha sonra, s\u0131f\u0131r at\u0131k e\u011fitimi i\u00e7in kapsaml\u0131 bir rehber sunan Birle\u015fik m\u00fcfredat\/el kitab\u0131n\u0131n (PR1) sunumuyla projenin kalbine indiler. An\u0131nda geri bildirim toplanmas\u0131, kat\u0131l\u0131mc\u0131lar\u0131n bak\u0131\u015f a\u00e7\u0131lar\u0131na en ba\u015f\u0131ndan itibaren de\u011fer verilmesini sa\u011flam\u0131\u015ft\u0131r.<\/span><\/p><p><br \/><br \/><\/p><ol start=\"2\"><li><span style=\"font-weight: 400;\"> G\u00fcn: Platformlar, Kaynaklar ve Pratik Bilgiler<\/span><\/li><\/ol><p>\u00a0<\/p><p><span style=\"font-weight: 400;\">\u00c7ar\u015famba g\u00fcn\u00fc kat\u0131l\u0131mc\u0131lar, Platform (PR2) ve ilgili \u00f6\u011fretim kaynaklar\u0131n\u0131n tan\u0131t\u0131ld\u0131\u011f\u0131 ve test edildi\u011fi dijital d\u00fcnyaya dald\u0131lar. Dijital ara\u00e7lar ve \u00f6\u011fretmenlere y\u00f6nelik ek kaynaklar hakk\u0131nda bilgilendirici bir sunum kat\u0131l\u0131mc\u0131lar\u0131n teknolojik ufuklar\u0131n\u0131 geni\u015fletti. G\u00fcn, \u00f6\u011frenmeyi peki\u015ftirmek i\u00e7in oyunla\u015ft\u0131r\u0131lm\u0131\u015f bir yakla\u015f\u0131m sa\u011flayan ZERO WASTE ciddi oyununun (PR3) heyecan verici bir tan\u0131t\u0131m\u0131 ve uygulamal\u0131 testiyle devam etti. Kat\u0131l\u0131mc\u0131lar CTRUZ&#8217;u (Zaragoza Geri D\u00f6n\u00fc\u015f\u00fcm Merkezi) ziyaret etmeden \u00f6nce hak edilmi\u015f bir \u00f6\u011fle yeme\u011fi molas\u0131 sosyal ba\u011flant\u0131lar\u0131 te\u015fvik etti. Bu ger\u00e7ek d\u00fcnya deneyimi, at\u0131k y\u00f6netimine ve bunun g\u0131da at\u0131\u011f\u0131 y\u00f6netimiyle olan karma\u015f\u0131k ba\u011flant\u0131s\u0131na \u0131\u015f\u0131k tuttu.<\/span><\/p><p>\u00a0<\/p><ol start=\"3\"><li><span style=\"font-weight: 400;\"> G\u00fcn: \u0130lham, Politika Yol Haritalar\u0131 ve Aktif Kat\u0131l\u0131m<\/span><\/li><\/ol><p>\u00a0<\/p><p><span style=\"font-weight: 400;\">Son g\u00fcn, olumlu ve motive edici bir atmosfer yaratarak ilham verici videolar i\u00e7eren bir uyand\u0131rma grubu etkinli\u011fi ile ba\u015flad\u0131. G\u00fcn\u00fcn en \u00f6nemli etkinli\u011fi, kat\u0131l\u0131mc\u0131lar\u0131n karma\u015f\u0131k politika olu\u015fturma s\u00fcrecini inceledikleri Politika Yol Haritas\u0131 \u00e7al\u0131\u015ftay\u0131yd\u0131. Gruplar halinde, g\u0131da at\u0131\u011f\u0131 y\u00f6netimi konusunda kendi \u00fclkelerinde kar\u015f\u0131la\u015ft\u0131klar\u0131 zorluklar\u0131 g\u00f6z \u00f6n\u00fcnde bulundurarak kendi politika yol haritalar\u0131n\u0131 geli\u015ftirdiler. Bu uygulamal\u0131 deneyim, LTTA boyunca edindikleri bilgileri uygulamalar\u0131na olanak tan\u0131yarak ele\u015ftirel d\u00fc\u015f\u00fcnme ve pratik problem \u00e7\u00f6zme becerilerini geli\u015ftirdi.<\/span><\/p><p>\u00a0<\/p><p><span style=\"font-weight: 400;\">Kat\u0131l\u0131mc\u0131lar \u00fc\u00e7 g\u00fcn boyunca buz k\u0131r\u0131c\u0131lar, ekip kurma faaliyetleri ve bilgilendirici sunumlardan olu\u015fan dinamik bir kar\u0131\u015f\u0131mla me\u015fgul oldular. CTRUZ&#8217;a yap\u0131lan ziyaret at\u0131k y\u00f6netimi uygulamalar\u0131n\u0131n somut bir \u015fekilde anla\u015f\u0131lmas\u0131n\u0131 sa\u011flarken, Politika Yol Haritas\u0131 \u00e7al\u0131\u015ftay\u0131 aktif kat\u0131l\u0131m\u0131 ve i\u015fbirli\u011fini te\u015fvik etti. LTTA, interaktif oturumlar, geri bildirim toplama ve a\u00e7\u0131k tart\u0131\u015fmalar\u0131 te\u015fvik ederek kat\u0131l\u0131mc\u0131lar\u0131 e\u011fitim ortamlar\u0131nda s\u0131f\u0131r at\u0131k uygulamalar\u0131n\u0131 desteklemek i\u00e7in gereken ara\u00e7lar ve kararl\u0131l\u0131kla zenginle\u015ftiren b\u00fct\u00fcnsel bir deneyim oldu.<\/span><\/p><p>\u00a0<\/p><p><span style=\"font-weight: 400;\">S\u0131f\u0131r At\u0131k LTTA&#8217;s\u0131nda perdeler kapan\u0131rken, e\u011fitimciler yaln\u0131zca bilgiyle de\u011fil, ayn\u0131 zamanda e\u011fitimde ye\u015fil bir devrime \u00f6nc\u00fcl\u00fck etme ilham\u0131yla da donanm\u0131\u015f olarak ayr\u0131ld\u0131lar. S\u00fcrd\u00fcr\u00fclebilir e\u011fitime do\u011fru yolculuk daha yeni ba\u015flam\u0131\u015ft\u0131.<\/span><\/p>\t\t\t\t\t\t\t\t<\/div>\n\t\t\t\t<\/div>\n\t\t\t\t<div class=\"elementor-element elementor-element-8fae02d elementor-widget elementor-widget-spacer\" data-id=\"8fae02d\" data-element_type=\"widget\" data-e-type=\"widget\" data-widget_type=\"spacer.default\">\n\t\t\t\t<div class=\"elementor-widget-container\">\n\t\t\t\t\t\t\t<div class=\"elementor-spacer\">\n\t\t\t<div class=\"elementor-spacer-inner\"><\/div>\n\t\t<\/div>\n\t\t\t\t\t\t<\/div>\n\t\t\t\t<\/div>\n\t\t\t\t\t<\/div>\n\t\t<\/div>\n\t\t\t\t\t<\/div>\n\t\t<\/section>\n\t\t\t\t<section class=\"elementor-section elementor-top-section elementor-element elementor-element-c69e96f elementor-section-boxed elementor-section-height-default elementor-section-height-default\" data-id=\"c69e96f\" data-element_type=\"section\" data-e-type=\"section\">\n\t\t\t\t\t\t<div class=\"elementor-container elementor-column-gap-default\">\n\t\t\t\t\t<div class=\"elementor-column elementor-col-33 elementor-top-column elementor-element elementor-element-f6d6e20\" data-id=\"f6d6e20\" data-element_type=\"column\" data-e-type=\"column\">\n\t\t\t<div class=\"elementor-widget-wrap elementor-element-populated\">\n\t\t\t\t\t\t<div class=\"elementor-element elementor-element-86da396 elementor-widget elementor-widget-image\" data-id=\"86da396\" data-element_type=\"widget\" data-e-type=\"widget\" data-widget_type=\"image.default\">\n\t\t\t\t<div class=\"elementor-widget-container\">\n\t\t\t\t\t\t\t\t\t\t\t\t\t\t\t<img decoding=\"async\" width=\"194\" height=\"42\" src=\"https:\/\/zero-waste-project.eu\/wp-content\/uploads\/2022\/04\/eu-logo-new.png\" class=\"attachment-medium size-medium wp-image-63\" alt=\"\" \/>\t\t\t\t\t\t\t\t\t\t\t\t\t\t\t<\/div>\n\t\t\t\t<\/div>\n\t\t\t\t<div class=\"elementor-element elementor-element-2ab6cab elementor-widget elementor-widget-text-editor\" data-id=\"2ab6cab\" data-element_type=\"widget\" data-e-type=\"widget\" data-widget_type=\"text-editor.default\">\n\t\t\t\t<div class=\"elementor-widget-container\">\n\t\t\t\t\t\t\t\t\t<p>Avrupa Birli\u011fi taraf\u0131ndan finanse edilmektedir. Ancak ifade edilen g\u00f6r\u00fc\u015f ve d\u00fc\u015f\u00fcnceler sadece yazar(lar)a aittir ve Avrupa Birli\u011fi veya Avrupa E\u011fitim ve K\u00fclt\u00fcr Y\u00fcr\u00fctme Ajans\u0131&#8217;n\u0131n (EACEA) g\u00f6r\u00fc\u015flerini yans\u0131tmak zorunda de\u011fildir. Ne Avrupa Birli\u011fi ne de EACEA bunlardan sorumlu tutulamaz. 2021-1-RO01-KA220-SCH-000032588<\/p>\t\t\t\t\t\t\t\t<\/div>\n\t\t\t\t<\/div>\n\t\t\t\t\t<\/div>\n\t\t<\/div>\n\t\t\t\t<div class=\"elementor-column elementor-col-33 elementor-top-column elementor-element elementor-element-5cbf39e\" data-id=\"5cbf39e\" data-element_type=\"column\" data-e-type=\"column\">\n\t\t\t<div class=\"elementor-widget-wrap\">\n\t\t\t\t\t\t\t<\/div>\n\t\t<\/div>\n\t\t\t\t<div class=\"elementor-column elementor-col-33 elementor-top-column elementor-element elementor-element-d3a28b4\" data-id=\"d3a28b4\" data-element_type=\"column\" data-e-type=\"column\">\n\t\t\t<div class=\"elementor-widget-wrap elementor-element-populated\">\n\t\t\t\t\t\t<div class=\"elementor-element elementor-element-2b08bf4 elementor-widget elementor-widget-image\" data-id=\"2b08bf4\" data-element_type=\"widget\" data-e-type=\"widget\" data-widget_type=\"image.default\">\n\t\t\t\t<div class=\"elementor-widget-container\">\n\t\t\t\t\t\t\t\t\t\t\t\t\t\t\t\t<a href=\"https:\/\/zero-waste-project.eu\/\">\n\t\t\t\t\t\t\t<img decoding=\"async\" width=\"80\" height=\"46\" src=\"https:\/\/zero-waste-project.eu\/wp-content\/uploads\/2022\/03\/xxsmall.png\" class=\"attachment-medium size-medium wp-image-39\" alt=\"\" \/>\t\t\t\t\t\t\t\t<\/a>\n\t\t\t\t\t\t\t\t\t\t\t\t\t\t\t<\/div>\n\t\t\t\t<\/div>\n\t\t\t\t<div class=\"elementor-element elementor-element-1b6401c elementor-widget elementor-widget-text-editor\" data-id=\"1b6401c\" data-element_type=\"widget\" data-e-type=\"widget\" data-widget_type=\"text-editor.default\">\n\t\t\t\t<div class=\"elementor-widget-container\">\n\t\t\t\t\t\t\t\t\t<a style=\"color: #344e41;\" href=\"https:\/\/zero-waste-project.eu\/index.php\/terms-of-use\/\" target=\"_blank\" rel=\"noopener\">Terms of Use<\/a>\t\t\t\t\t\t\t\t<\/div>\n\t\t\t\t<\/div>\n\t\t\t\t<div class=\"elementor-element elementor-element-75e78a8 elementor-shape-circle e-grid-align-right elementor-grid-0 elementor-widget elementor-widget-social-icons\" data-id=\"75e78a8\" data-element_type=\"widget\" data-e-type=\"widget\" data-widget_type=\"social-icons.default\">\n\t\t\t\t<div class=\"elementor-widget-container\">\n\t\t\t\t\t\t\t<div class=\"elementor-social-icons-wrapper elementor-grid\" role=\"list\">\n\t\t\t\t\t\t\t<span class=\"elementor-grid-item\" role=\"listitem\">\n\t\t\t\t\t<a class=\"elementor-icon elementor-social-icon elementor-social-icon-facebook elementor-animation-grow elementor-repeater-item-ef4f15e\" href=\"https:\/\/www.facebook.com\/ZeroWasteEUProject2\/%20\" target=\"_blank\">\n\t\t\t\t\t\t<span class=\"elementor-screen-only\">Facebook<\/span>\n\t\t\t\t\t\t<i aria-hidden=\"true\" class=\"fab fa-facebook\"><\/i>\t\t\t\t\t<\/a>\n\t\t\t\t<\/span>\n\t\t\t\t\t\t\t<span class=\"elementor-grid-item\" role=\"listitem\">\n\t\t\t\t\t<a class=\"elementor-icon elementor-social-icon elementor-social-icon-instagram elementor-animation-grow elementor-repeater-item-7eeb5b3\" href=\"https:\/\/www.instagram.com\/zerowaste_projecteu\/\" target=\"_blank\">\n\t\t\t\t\t\t<span class=\"elementor-screen-only\">Instagram<\/span>\n\t\t\t\t\t\t<i aria-hidden=\"true\" class=\"fab fa-instagram\"><\/i>\t\t\t\t\t<\/a>\n\t\t\t\t<\/span>\n\t\t\t\t\t\t\t<span class=\"elementor-grid-item\" role=\"listitem\">\n\t\t\t\t\t<a class=\"elementor-icon elementor-social-icon elementor-social-icon-twitter elementor-animation-grow elementor-repeater-item-d67f1e7\" href=\"https:\/\/twitter.com\/ZeroWasteProje1\" target=\"_blank\">\n\t\t\t\t\t\t<span class=\"elementor-screen-only\">Twitter<\/span>\n\t\t\t\t\t\t<i aria-hidden=\"true\" class=\"fab fa-twitter\"><\/i>\t\t\t\t\t<\/a>\n\t\t\t\t<\/span>\n\t\t\t\t\t\t\t<span class=\"elementor-grid-item\" role=\"listitem\">\n\t\t\t\t\t<a class=\"elementor-icon elementor-social-icon elementor-social-icon-linkedin-in elementor-animation-grow elementor-repeater-item-1019605\" href=\"https:\/\/www.linkedin.com\/company\/84794263\/admin\/\" target=\"_blank\">\n\t\t\t\t\t\t<span class=\"elementor-screen-only\">Linkedin-in<\/span>\n\t\t\t\t\t\t<i aria-hidden=\"true\" class=\"fab fa-linkedin-in\"><\/i>\t\t\t\t\t<\/a>\n\t\t\t\t<\/span>\n\t\t\t\t\t<\/div>\n\t\t\t\t\t\t<\/div>\n\t\t\t\t<\/div>\n\t\t\t\t\t<\/div>\n\t\t<\/div>\n\t\t\t\t\t<\/div>\n\t\t<\/section>\n\t\t\t\t<section class=\"elementor-section elementor-top-section elementor-element elementor-element-8832b43 elementor-section-boxed elementor-section-height-default elementor-section-height-default\" data-id=\"8832b43\" data-element_type=\"section\" data-e-type=\"section\">\n\t\t\t\t\t\t<div class=\"elementor-container elementor-column-gap-default\">\n\t\t\t\t\t<div class=\"elementor-column elementor-col-100 elementor-top-column elementor-element elementor-element-45e64dc\" data-id=\"45e64dc\" data-element_type=\"column\" data-e-type=\"column\">\n\t\t\t<div class=\"elementor-widget-wrap elementor-element-populated\">\n\t\t\t\t\t\t<div class=\"elementor-element elementor-element-e3f6745 elementor-widget-divider--view-line elementor-widget elementor-widget-divider\" data-id=\"e3f6745\" data-element_type=\"widget\" data-e-type=\"widget\" data-widget_type=\"divider.default\">\n\t\t\t\t<div class=\"elementor-widget-container\">\n\t\t\t\t\t\t\t<div class=\"elementor-divider\">\n\t\t\t<span class=\"elementor-divider-separator\">\n\t\t\t\t\t\t<\/span>\n\t\t<\/div>\n\t\t\t\t\t\t<\/div>\n\t\t\t\t<\/div>\n\t\t\t\t\t<\/div>\n\t\t<\/div>\n\t\t\t\t\t<\/div>\n\t\t<\/section>\n\t\t\t\t<section class=\"elementor-section elementor-top-section elementor-element elementor-element-4e649f7 elementor-section-boxed elementor-section-height-default elementor-section-height-default\" data-id=\"4e649f7\" data-element_type=\"section\" data-e-type=\"section\">\n\t\t\t\t\t\t<div class=\"elementor-container elementor-column-gap-default\">\n\t\t\t\t\t<div class=\"elementor-column elementor-col-33 elementor-top-column elementor-element elementor-element-af943be\" data-id=\"af943be\" data-element_type=\"column\" data-e-type=\"column\">\n\t\t\t<div class=\"elementor-widget-wrap elementor-element-populated\">\n\t\t\t\t\t\t<div class=\"elementor-element elementor-element-a54e188 elementor-widget elementor-widget-text-editor\" data-id=\"a54e188\" data-element_type=\"widget\" data-e-type=\"widget\" data-widget_type=\"text-editor.default\">\n\t\t\t\t<div class=\"elementor-widget-container\">\n\t\t\t\t\t\t\t\t\t<p>Copyright \u00a9 2022 Zero Waste. All Rights Reserved.<\/p>\t\t\t\t\t\t\t\t<\/div>\n\t\t\t\t<\/div>\n\t\t\t\t\t<\/div>\n\t\t<\/div>\n\t\t\t\t<div class=\"elementor-column elementor-col-33 elementor-top-column elementor-element elementor-element-45295a9\" data-id=\"45295a9\" data-element_type=\"column\" data-e-type=\"column\">\n\t\t\t<div class=\"elementor-widget-wrap\">\n\t\t\t\t\t\t\t<\/div>\n\t\t<\/div>\n\t\t\t\t<div class=\"elementor-column elementor-col-33 elementor-top-column elementor-element elementor-element-e5c9240\" data-id=\"e5c9240\" data-element_type=\"column\" data-e-type=\"column\">\n\t\t\t<div class=\"elementor-widget-wrap elementor-element-populated\">\n\t\t\t\t\t\t<div class=\"elementor-element elementor-element-74a4d7a elementor-widget elementor-widget-text-editor\" data-id=\"74a4d7a\" data-element_type=\"widget\" data-e-type=\"widget\" data-widget_type=\"text-editor.default\">\n\t\t\t\t<div class=\"elementor-widget-container\">\n\t\t\t\t\t\t\t\t\t<span style=\"color: #797979; text-align: left;\">Powered by\u00a0<\/span><a style=\"color: #797979; text-align: right;\" href=\"https:\/\/innovationhive.eu\/\" target=\"_blank\" rel=\"noopener\">Innovation Hive<\/a>\t\t\t\t\t\t\t\t<\/div>\n\t\t\t\t<\/div>\n\t\t\t\t\t<\/div>\n\t\t<\/div>\n\t\t\t\t\t<\/div>\n\t\t<\/section>\n\t\t\t\t<\/div>\n\t\t","protected":false},"excerpt":{"rendered":"<p>S\u0131f\u0131r At\u0131k LTTA: S\u00fcrd\u00fcr\u00fclebilir E\u011fitime Do\u011fru D\u00f6n\u00fc\u015ft\u00fcr\u00fcc\u00fc \u00dc\u00e7 G\u00fcnl\u00fck Bir Yolculuk Daha Ye\u015fil Bir Gelecek \u0130\u00e7in E\u011fitimcileri G\u00fc\u00e7lendirmek \u00a0 \u00dc\u00e7 [&hellip;]<\/p>\n","protected":false},"author":1,"featured_media":0,"parent":0,"menu_order":0,"comment_status":"closed","ping_status":"closed","template":"page-templates\/template_page-builder.php","meta":{"_monsterinsights_skip_tracking":false,"_monsterinsights_sitenote_active":false,"_monsterinsights_sitenote_note":"","_monsterinsights_sitenote_category":0,"footnotes":""},"class_list":["post-2517","page","type-page","status-publish","hentry"],"aioseo_notices":[],"_links":{"self":[{"href":"https:\/\/zero-waste-project.eu\/index.php\/wp-json\/wp\/v2\/pages\/2517","targetHints":{"allow":["GET"]}}],"collection":[{"href":"https:\/\/zero-waste-project.eu\/index.php\/wp-json\/wp\/v2\/pages"}],"about":[{"href":"https:\/\/zero-waste-project.eu\/index.php\/wp-json\/wp\/v2\/types\/page"}],"author":[{"embeddable":true,"href":"https:\/\/zero-waste-project.eu\/index.php\/wp-json\/wp\/v2\/users\/1"}],"replies":[{"embeddable":true,"href":"https:\/\/zero-waste-project.eu\/index.php\/wp-json\/wp\/v2\/comments?post=2517"}],"version-history":[{"count":4,"href":"https:\/\/zero-waste-project.eu\/index.php\/wp-json\/wp\/v2\/pages\/2517\/revisions"}],"predecessor-version":[{"id":2522,"href":"https:\/\/zero-waste-project.eu\/index.php\/wp-json\/wp\/v2\/pages\/2517\/revisions\/2522"}],"wp:attachment":[{"href":"https:\/\/zero-waste-project.eu\/index.php\/wp-json\/wp\/v2\/media?parent=2517"}],"curies":[{"name":"wp","href":"https:\/\/api.w.org\/{rel}","templated":true}]}}