{"id":2530,"date":"2023-12-22T13:00:55","date_gmt":"2023-12-22T13:00:55","guid":{"rendered":"https:\/\/zero-waste-project.eu\/?page_id=2530"},"modified":"2023-12-22T13:04:56","modified_gmt":"2023-12-22T13:04:56","slug":"ltta-in-zaragoza-spania","status":"publish","type":"page","link":"https:\/\/zero-waste-project.eu\/index.php\/ro\/ltta-in-zaragoza-spania\/","title":{"rendered":"LTTA \u00een Zaragoza, Spania"},"content":{"rendered":"\t\t<div data-elementor-type=\"wp-page\" data-elementor-id=\"2530\" class=\"elementor elementor-2530\">\n\t\t\t\t\t\t<section class=\"elementor-section elementor-top-section elementor-element elementor-element-3f98668 elementor-section-boxed elementor-section-height-default elementor-section-height-default\" data-id=\"3f98668\" data-element_type=\"section\" data-e-type=\"section\" data-settings=\"{&quot;background_background&quot;:&quot;classic&quot;}\">\n\t\t\t\t\t\t\t<div class=\"elementor-background-overlay\"><\/div>\n\t\t\t\t\t\t\t<div class=\"elementor-container elementor-column-gap-default\">\n\t\t\t\t\t<div class=\"elementor-column elementor-col-100 elementor-top-column elementor-element elementor-element-55dcec3\" data-id=\"55dcec3\" data-element_type=\"column\" data-e-type=\"column\">\n\t\t\t<div class=\"elementor-widget-wrap elementor-element-populated\">\n\t\t\t\t\t\t<div class=\"elementor-element elementor-element-5d899e6 elementor-widget elementor-widget-spacer\" data-id=\"5d899e6\" data-element_type=\"widget\" data-e-type=\"widget\" data-widget_type=\"spacer.default\">\n\t\t\t\t<div class=\"elementor-widget-container\">\n\t\t\t\t\t\t\t<div class=\"elementor-spacer\">\n\t\t\t<div class=\"elementor-spacer-inner\"><\/div>\n\t\t<\/div>\n\t\t\t\t\t\t<\/div>\n\t\t\t\t<\/div>\n\t\t\t\t<div class=\"elementor-element elementor-element-697518c elementor-widget elementor-widget-heading\" data-id=\"697518c\" data-element_type=\"widget\" data-e-type=\"widget\" data-widget_type=\"heading.default\">\n\t\t\t\t<div class=\"elementor-widget-container\">\n\t\t\t\t\t<h2 class=\"elementor-heading-title elementor-size-default\">Zero Waste LTTA: O c\u0103l\u0103torie transformatoare, de trei zile, c\u0103tre o educa\u021bie durabil\u0103<\/h2>\t\t\t\t<\/div>\n\t\t\t\t<\/div>\n\t\t\t\t<div class=\"elementor-element elementor-element-453fc2e elementor-widget elementor-widget-spacer\" data-id=\"453fc2e\" data-element_type=\"widget\" data-e-type=\"widget\" data-widget_type=\"spacer.default\">\n\t\t\t\t<div class=\"elementor-widget-container\">\n\t\t\t\t\t\t\t<div class=\"elementor-spacer\">\n\t\t\t<div class=\"elementor-spacer-inner\"><\/div>\n\t\t<\/div>\n\t\t\t\t\t\t<\/div>\n\t\t\t\t<\/div>\n\t\t\t\t\t<\/div>\n\t\t<\/div>\n\t\t\t\t\t<\/div>\n\t\t<\/section>\n\t\t\t\t<section class=\"elementor-section elementor-top-section elementor-element elementor-element-26c2ff2 elementor-section-boxed elementor-section-height-default elementor-section-height-default\" data-id=\"26c2ff2\" data-element_type=\"section\" data-e-type=\"section\">\n\t\t\t\t\t\t<div class=\"elementor-container elementor-column-gap-default\">\n\t\t\t\t\t<div class=\"elementor-column elementor-col-100 elementor-top-column elementor-element elementor-element-18de0f9\" data-id=\"18de0f9\" data-element_type=\"column\" data-e-type=\"column\">\n\t\t\t<div class=\"elementor-widget-wrap elementor-element-populated\">\n\t\t\t\t\t\t<div class=\"elementor-element elementor-element-30b6be1 elementor-widget elementor-widget-spacer\" data-id=\"30b6be1\" data-element_type=\"widget\" data-e-type=\"widget\" data-widget_type=\"spacer.default\">\n\t\t\t\t<div class=\"elementor-widget-container\">\n\t\t\t\t\t\t\t<div class=\"elementor-spacer\">\n\t\t\t<div class=\"elementor-spacer-inner\"><\/div>\n\t\t<\/div>\n\t\t\t\t\t\t<\/div>\n\t\t\t\t<\/div>\n\t\t\t\t<div class=\"elementor-element elementor-element-d5d517f elementor-widget elementor-widget-text-editor\" data-id=\"d5d517f\" data-element_type=\"widget\" data-e-type=\"widget\" data-widget_type=\"text-editor.default\">\n\t\t\t\t<div class=\"elementor-widget-container\">\n\t\t\t\t\t\t\t\t\t<p><strong>Responsabilizarea educatorilor pentru un viitor mai verde<\/strong><\/p><p>\u00a0<\/p><p>\u00cen cadrul unei activit\u0103\u021bi de \u00eenv\u0103\u021bare, predare \u0219i formare (LTTA), cu o durat\u0103 de trei zile, 25 de participan\u021bi entuzia\u0219ti au p\u0103truns \u00een lumea educa\u021biei durabile prin prisma proiectului &#8220;ZERO WASTE&#8221;. Evenimentul, care a avut loc \u00een perioada 5-7 septembrie 2023, \u00een Zaragoza (Spania), g\u0103zduit de partenerul GEINNOVA, a fost conceput pentru a le oferi participan\u021bilor cuno\u0219tin\u021bele \u0219i instrumentele necesare \u00een vederea sus\u021binerii practicilor &#8220;Zero de\u0219euri&#8221; \u00een comunit\u0103\u021bile din care provin.<\/p><p>\u00a0<\/p><p><strong>Ziua 1: Jocuri de spargere a ghetii si informa<\/strong><strong>\u021b<\/strong><strong>ii despre curriculum<\/strong><\/p><p>\u00a0<\/p><p>C\u0103l\u0103toria a \u00eenceput cu activit\u0103\u021bi captivante de spargere a ghe\u021bii, axate pe practicile \u201eZero de\u0219euri\u201d, ceea ce a contribuit la crearea unei atmosfere de colaborare \u0219i con\u0219tientizare a importantei educatiei pentru mediu. O activitate unic\u0103 de consolidare a echipei, o versiune cu tematic\u0103 ecologic\u0103 a popularului joc &#8220;Would You Rather&#8221;, a ad\u0103ugat o not\u0103 de creativitate zilei. Participan\u021bii au p\u0103truns apoi \u00een esenta proiectului, cu prezentarea curriculumului\/manualului combinat (PR1), care ofer\u0103 un ghid cuprinz\u0103tor pentru educa\u021bia cu privire la reducerea risipei alimentare. Colectarea imediat\u0103 a feedback-ului a transmis participantilor ideea \u00a0c\u0103 perspectivele lor sunt bine venite si apreciate \u00eenc\u0103 de la \u00eenceput.<\/p><p>\u00a0<\/p><p><strong>Ziua 2: Platforme, resurse <\/strong><strong>\u0219<\/strong><strong>i perspective practice<\/strong><\/p><p>\u00a0<\/p><p>Miercuri, participan\u021bii au f\u0103cut o incursiune \u00een domeniul digital, deoarece au interactionat \u0219i testat platforma de e-learning (PR2) \u0219i resursele didactice asociate. O prezentare informativ\u0103 privind instrumentele digitale \u0219i resursele suplimentare existente pe platform\u0103 si oric\u00e2nd la \u00eendem\u00e2na profesorilor, le-a l\u0103rgit celor prezenti orizonturile tehnologice. Ziua a continuat cu o introducere interesant\u0103 \u0219i o testare practic\u0103 a jocului educational ZERO WASTE (PR3), care ofer\u0103 o abordare educationala bazat\u0103 pe gamificare, pentru a consolida \u00eenv\u0103\u021barea. O pauz\u0103 de pr\u00e2nz binemeritat\u0103 a favorizat leg\u0103turile sociale \u00eenainte ca participan\u021bii s\u0103 se \u00eembarce \u00eentr-o vizit\u0103 la CTRUZ (Centrul de reciclare din Zaragoza). Aceast\u0103 experien\u021b\u0103 din lumea real\u0103 a ilustrat modul de gestionare a de\u0219eurilor, \u00een general, dar si leg\u0103tura sa complex\u0103 cu gestionarea de\u0219eurilor alimentare, \u00een particular.<\/p><p>\u00a0<\/p><p><strong>Ziua 3: Inspira<\/strong><strong>\u021b<\/strong><strong>ie, demersuri politice <\/strong><strong>\u0219<\/strong><strong>i participare activ\u0103<\/strong><\/p><p>\u00a0<\/p><p>Ultima zi a debutat cu o activitate organizat\u0103 pe grupuri, prin vizionarea unor videoclipuri inspira\u021bionale, care a creat o atmosfer\u0103 pozitiv\u0103 \u0219i motivat\u0103. Punctul culminant al zilei a fost un atelier de lucru privind demersurile politicilor, \u00een cadrul c\u0103ruia participan\u021bii au aprofundat procesul complex de creare a politicilor. \u00cen grupuri, ace\u0219tia \u0219i-au elaborat propriile demersuri la nivel de politici educationale, lu\u00e2nd \u00een considerare provoc\u0103rile cu care se confrunt\u0103 \u00een \u021b\u0103rile lor \u00een ceea ce prive\u0219te gestionarea de\u0219eurilor alimentare. Aceast\u0103 experien\u021b\u0103 practic\u0103 le-a permis participantilor s\u0103 aplice cuno\u0219tin\u021bele dob\u00e2ndite pe parcursul activit\u0103tii de formare, promov\u00e2nd g\u00e2ndirea critic\u0103 \u0219i abilit\u0103\u021bile practice de rezolvare a problemelor.<\/p><p>\u00a0<\/p><p>Pe parcursul celor trei zile, participan\u021bii s-au implicat \u00eentr-o combina\u021bie dinamic\u0103 de activit\u0103\u021bi de spargere a ghe\u021bii, activit\u0103\u021bi de consolidare a echipei \u0219i prezent\u0103ri informative. Vizita la CTRUZ a oferit o \u00een\u021belegere tangibil\u0103 a practicilor de gestionare a de\u0219eurilor, \u00een timp ce atelierul privind demersurile de politici educationale a \u00eencurajat participarea activ\u0103 \u0219i colaborarea. Activitatea de formare a fost o experien\u021b\u0103 holistic\u0103, promov\u00e2nd sesiuni interactive, colectarea de feedback \u0219i discu\u021bii deschise, \u00eembog\u0103\u021bind participan\u021bii cu instrumentele \u0219i angajamentul necesar pentru a sus\u021bine practicile \u201eZero de\u0219euri\u201d \u00een mediile lor educa\u021bionale.<\/p><p>\u00a0<\/p><p>La sf\u00e2rsitul evenimentului de formare, participantii au plecat echipa\u021bi nu doar cu informatii si cunostinte, ci \u0219i cu inspira\u021bia de a produce o revolu\u021bie verde \u00een educa\u021bie. C\u0103l\u0103toria c\u0103tre o educa\u021bie durabil\u0103 abia \u00eencepuse.<\/p>\t\t\t\t\t\t\t\t<\/div>\n\t\t\t\t<\/div>\n\t\t\t\t<div class=\"elementor-element elementor-element-8fae02d elementor-widget elementor-widget-spacer\" data-id=\"8fae02d\" data-element_type=\"widget\" data-e-type=\"widget\" data-widget_type=\"spacer.default\">\n\t\t\t\t<div class=\"elementor-widget-container\">\n\t\t\t\t\t\t\t<div class=\"elementor-spacer\">\n\t\t\t<div class=\"elementor-spacer-inner\"><\/div>\n\t\t<\/div>\n\t\t\t\t\t\t<\/div>\n\t\t\t\t<\/div>\n\t\t\t\t\t<\/div>\n\t\t<\/div>\n\t\t\t\t\t<\/div>\n\t\t<\/section>\n\t\t\t\t<section class=\"elementor-section elementor-top-section elementor-element elementor-element-185cd2c elementor-section-boxed elementor-section-height-default elementor-section-height-default\" data-id=\"185cd2c\" data-element_type=\"section\" data-e-type=\"section\">\n\t\t\t\t\t\t<div class=\"elementor-container elementor-column-gap-default\">\n\t\t\t\t\t<div class=\"elementor-column elementor-col-33 elementor-top-column elementor-element elementor-element-c4a24ab\" data-id=\"c4a24ab\" data-element_type=\"column\" data-e-type=\"column\">\n\t\t\t<div class=\"elementor-widget-wrap elementor-element-populated\">\n\t\t\t\t\t\t<div class=\"elementor-element elementor-element-3434c3d elementor-widget elementor-widget-image\" data-id=\"3434c3d\" data-element_type=\"widget\" data-e-type=\"widget\" data-widget_type=\"image.default\">\n\t\t\t\t<div class=\"elementor-widget-container\">\n\t\t\t\t\t\t\t\t\t\t\t\t\t\t\t<img decoding=\"async\" width=\"194\" height=\"42\" src=\"https:\/\/zero-waste-project.eu\/wp-content\/uploads\/2022\/04\/eu-logo-new.png\" class=\"attachment-medium size-medium wp-image-63\" alt=\"\" \/>\t\t\t\t\t\t\t\t\t\t\t\t\t\t\t<\/div>\n\t\t\t\t<\/div>\n\t\t\t\t<div class=\"elementor-element elementor-element-b05e808 elementor-widget elementor-widget-text-editor\" data-id=\"b05e808\" data-element_type=\"widget\" data-e-type=\"widget\" data-widget_type=\"text-editor.default\">\n\t\t\t\t<div class=\"elementor-widget-container\">\n\t\t\t\t\t\t\t\t\t<p>Finan\u021bat de Uniunea European\u0103. Punctele de vedere \u0219i opiniile exprimate apar\u021bin, \u00eens\u0103, exclusiv autorului (autorilor) \u0219i nu reflect\u0103 neap\u0103rat punctele de vedere \u0219i opiniile Uniunii Europene sau ale Agen\u021biei Executive Europene pentru Educa\u021bie \u0219i Cultur\u0103 (EACEA). Nici Uniunea European\u0103 \u0219i nici EACEA nu pot fi considerate r\u0103spunz\u0103toare pentru acestea. 2021-1-RO01-KA220-SCH-000032588<\/p>\t\t\t\t\t\t\t\t<\/div>\n\t\t\t\t<\/div>\n\t\t\t\t\t<\/div>\n\t\t<\/div>\n\t\t\t\t<div class=\"elementor-column elementor-col-33 elementor-top-column elementor-element elementor-element-295fc75\" data-id=\"295fc75\" data-element_type=\"column\" data-e-type=\"column\">\n\t\t\t<div class=\"elementor-widget-wrap\">\n\t\t\t\t\t\t\t<\/div>\n\t\t<\/div>\n\t\t\t\t<div class=\"elementor-column elementor-col-33 elementor-top-column elementor-element elementor-element-bfa2504\" data-id=\"bfa2504\" data-element_type=\"column\" data-e-type=\"column\">\n\t\t\t<div class=\"elementor-widget-wrap elementor-element-populated\">\n\t\t\t\t\t\t<div class=\"elementor-element elementor-element-f3c61ac elementor-widget elementor-widget-image\" data-id=\"f3c61ac\" data-element_type=\"widget\" data-e-type=\"widget\" data-widget_type=\"image.default\">\n\t\t\t\t<div class=\"elementor-widget-container\">\n\t\t\t\t\t\t\t\t\t\t\t\t\t\t\t\t<a href=\"https:\/\/zero-waste-project.eu\/\">\n\t\t\t\t\t\t\t<img decoding=\"async\" width=\"80\" height=\"46\" src=\"https:\/\/zero-waste-project.eu\/wp-content\/uploads\/2022\/03\/xxsmall.png\" class=\"attachment-medium size-medium wp-image-39\" alt=\"\" \/>\t\t\t\t\t\t\t\t<\/a>\n\t\t\t\t\t\t\t\t\t\t\t\t\t\t\t<\/div>\n\t\t\t\t<\/div>\n\t\t\t\t<div class=\"elementor-element elementor-element-52fe903 elementor-widget elementor-widget-text-editor\" data-id=\"52fe903\" data-element_type=\"widget\" data-e-type=\"widget\" data-widget_type=\"text-editor.default\">\n\t\t\t\t<div class=\"elementor-widget-container\">\n\t\t\t\t\t\t\t\t\t<a style=\"color: #344e41;\" href=\"https:\/\/zero-waste-project.eu\/index.php\/terms-of-use\/\" target=\"_blank\" rel=\"noopener\">Terms of Use<\/a>\t\t\t\t\t\t\t\t<\/div>\n\t\t\t\t<\/div>\n\t\t\t\t<div class=\"elementor-element elementor-element-7371ada elementor-shape-circle e-grid-align-right elementor-grid-0 elementor-widget elementor-widget-social-icons\" data-id=\"7371ada\" data-element_type=\"widget\" data-e-type=\"widget\" data-widget_type=\"social-icons.default\">\n\t\t\t\t<div class=\"elementor-widget-container\">\n\t\t\t\t\t\t\t<div class=\"elementor-social-icons-wrapper elementor-grid\" role=\"list\">\n\t\t\t\t\t\t\t<span class=\"elementor-grid-item\" role=\"listitem\">\n\t\t\t\t\t<a class=\"elementor-icon elementor-social-icon elementor-social-icon-facebook elementor-animation-grow elementor-repeater-item-ef4f15e\" href=\"https:\/\/www.facebook.com\/ZeroWasteEUProject2\/%20\" target=\"_blank\">\n\t\t\t\t\t\t<span class=\"elementor-screen-only\">Facebook<\/span>\n\t\t\t\t\t\t<i aria-hidden=\"true\" class=\"fab fa-facebook\"><\/i>\t\t\t\t\t<\/a>\n\t\t\t\t<\/span>\n\t\t\t\t\t\t\t<span class=\"elementor-grid-item\" role=\"listitem\">\n\t\t\t\t\t<a class=\"elementor-icon elementor-social-icon elementor-social-icon-instagram elementor-animation-grow elementor-repeater-item-7eeb5b3\" href=\"https:\/\/www.instagram.com\/zerowaste_projecteu\/\" target=\"_blank\">\n\t\t\t\t\t\t<span class=\"elementor-screen-only\">Instagram<\/span>\n\t\t\t\t\t\t<i aria-hidden=\"true\" class=\"fab fa-instagram\"><\/i>\t\t\t\t\t<\/a>\n\t\t\t\t<\/span>\n\t\t\t\t\t\t\t<span class=\"elementor-grid-item\" role=\"listitem\">\n\t\t\t\t\t<a class=\"elementor-icon elementor-social-icon elementor-social-icon-twitter elementor-animation-grow elementor-repeater-item-d67f1e7\" href=\"https:\/\/twitter.com\/ZeroWasteProje1\" target=\"_blank\">\n\t\t\t\t\t\t<span class=\"elementor-screen-only\">Twitter<\/span>\n\t\t\t\t\t\t<i aria-hidden=\"true\" class=\"fab fa-twitter\"><\/i>\t\t\t\t\t<\/a>\n\t\t\t\t<\/span>\n\t\t\t\t\t\t\t<span class=\"elementor-grid-item\" role=\"listitem\">\n\t\t\t\t\t<a class=\"elementor-icon elementor-social-icon elementor-social-icon-linkedin-in elementor-animation-grow elementor-repeater-item-1019605\" href=\"https:\/\/www.linkedin.com\/company\/84794263\/admin\/\" target=\"_blank\">\n\t\t\t\t\t\t<span class=\"elementor-screen-only\">Linkedin-in<\/span>\n\t\t\t\t\t\t<i aria-hidden=\"true\" class=\"fab fa-linkedin-in\"><\/i>\t\t\t\t\t<\/a>\n\t\t\t\t<\/span>\n\t\t\t\t\t<\/div>\n\t\t\t\t\t\t<\/div>\n\t\t\t\t<\/div>\n\t\t\t\t\t<\/div>\n\t\t<\/div>\n\t\t\t\t\t<\/div>\n\t\t<\/section>\n\t\t\t\t<section class=\"elementor-section elementor-top-section elementor-element elementor-element-1a1700a elementor-section-boxed elementor-section-height-default elementor-section-height-default\" data-id=\"1a1700a\" data-element_type=\"section\" data-e-type=\"section\">\n\t\t\t\t\t\t<div class=\"elementor-container elementor-column-gap-default\">\n\t\t\t\t\t<div class=\"elementor-column elementor-col-100 elementor-top-column elementor-element elementor-element-7185eb9\" data-id=\"7185eb9\" data-element_type=\"column\" data-e-type=\"column\">\n\t\t\t<div class=\"elementor-widget-wrap elementor-element-populated\">\n\t\t\t\t\t\t<div class=\"elementor-element elementor-element-26771e9 elementor-widget-divider--view-line elementor-widget elementor-widget-divider\" data-id=\"26771e9\" data-element_type=\"widget\" data-e-type=\"widget\" data-widget_type=\"divider.default\">\n\t\t\t\t<div class=\"elementor-widget-container\">\n\t\t\t\t\t\t\t<div class=\"elementor-divider\">\n\t\t\t<span class=\"elementor-divider-separator\">\n\t\t\t\t\t\t<\/span>\n\t\t<\/div>\n\t\t\t\t\t\t<\/div>\n\t\t\t\t<\/div>\n\t\t\t\t\t<\/div>\n\t\t<\/div>\n\t\t\t\t\t<\/div>\n\t\t<\/section>\n\t\t\t\t<section class=\"elementor-section elementor-top-section elementor-element elementor-element-aff7e44 elementor-section-boxed elementor-section-height-default elementor-section-height-default\" data-id=\"aff7e44\" data-element_type=\"section\" data-e-type=\"section\">\n\t\t\t\t\t\t<div class=\"elementor-container elementor-column-gap-default\">\n\t\t\t\t\t<div class=\"elementor-column elementor-col-33 elementor-top-column elementor-element elementor-element-ad31bb5\" data-id=\"ad31bb5\" data-element_type=\"column\" data-e-type=\"column\">\n\t\t\t<div class=\"elementor-widget-wrap elementor-element-populated\">\n\t\t\t\t\t\t<div class=\"elementor-element elementor-element-c0e69f8 elementor-widget elementor-widget-text-editor\" data-id=\"c0e69f8\" data-element_type=\"widget\" data-e-type=\"widget\" data-widget_type=\"text-editor.default\">\n\t\t\t\t<div class=\"elementor-widget-container\">\n\t\t\t\t\t\t\t\t\t<p>Copyright \u00a9 2022 Zero Waste. All Rights Reserved.<\/p>\t\t\t\t\t\t\t\t<\/div>\n\t\t\t\t<\/div>\n\t\t\t\t\t<\/div>\n\t\t<\/div>\n\t\t\t\t<div class=\"elementor-column elementor-col-33 elementor-top-column elementor-element elementor-element-aefa038\" data-id=\"aefa038\" data-element_type=\"column\" data-e-type=\"column\">\n\t\t\t<div class=\"elementor-widget-wrap\">\n\t\t\t\t\t\t\t<\/div>\n\t\t<\/div>\n\t\t\t\t<div class=\"elementor-column elementor-col-33 elementor-top-column elementor-element elementor-element-12feb2f\" data-id=\"12feb2f\" data-element_type=\"column\" data-e-type=\"column\">\n\t\t\t<div class=\"elementor-widget-wrap elementor-element-populated\">\n\t\t\t\t\t\t<div class=\"elementor-element elementor-element-2ed7ef2 elementor-widget elementor-widget-text-editor\" data-id=\"2ed7ef2\" data-element_type=\"widget\" data-e-type=\"widget\" data-widget_type=\"text-editor.default\">\n\t\t\t\t<div class=\"elementor-widget-container\">\n\t\t\t\t\t\t\t\t\t<span style=\"color: #797979; text-align: left;\">Powered by\u00a0<\/span><a style=\"color: #797979; text-align: right;\" href=\"https:\/\/innovationhive.eu\/\" target=\"_blank\" rel=\"noopener\">Innovation Hive<\/a>\t\t\t\t\t\t\t\t<\/div>\n\t\t\t\t<\/div>\n\t\t\t\t\t<\/div>\n\t\t<\/div>\n\t\t\t\t\t<\/div>\n\t\t<\/section>\n\t\t\t\t<\/div>\n\t\t","protected":false},"excerpt":{"rendered":"<p>Zero Waste LTTA: O c\u0103l\u0103torie transformatoare, de trei zile, c\u0103tre o educa\u021bie durabil\u0103 Responsabilizarea educatorilor pentru un viitor mai verde [&hellip;]<\/p>\n","protected":false},"author":1,"featured_media":0,"parent":0,"menu_order":0,"comment_status":"closed","ping_status":"closed","template":"page-templates\/template_page-builder.php","meta":{"_monsterinsights_skip_tracking":false,"_monsterinsights_sitenote_active":false,"_monsterinsights_sitenote_note":"","_monsterinsights_sitenote_category":0,"footnotes":""},"class_list":["post-2530","page","type-page","status-publish","hentry"],"aioseo_notices":[],"_links":{"self":[{"href":"https:\/\/zero-waste-project.eu\/index.php\/wp-json\/wp\/v2\/pages\/2530","targetHints":{"allow":["GET"]}}],"collection":[{"href":"https:\/\/zero-waste-project.eu\/index.php\/wp-json\/wp\/v2\/pages"}],"about":[{"href":"https:\/\/zero-waste-project.eu\/index.php\/wp-json\/wp\/v2\/types\/page"}],"author":[{"embeddable":true,"href":"https:\/\/zero-waste-project.eu\/index.php\/wp-json\/wp\/v2\/users\/1"}],"replies":[{"embeddable":true,"href":"https:\/\/zero-waste-project.eu\/index.php\/wp-json\/wp\/v2\/comments?post=2530"}],"version-history":[{"count":4,"href":"https:\/\/zero-waste-project.eu\/index.php\/wp-json\/wp\/v2\/pages\/2530\/revisions"}],"predecessor-version":[{"id":2535,"href":"https:\/\/zero-waste-project.eu\/index.php\/wp-json\/wp\/v2\/pages\/2530\/revisions\/2535"}],"wp:attachment":[{"href":"https:\/\/zero-waste-project.eu\/index.php\/wp-json\/wp\/v2\/media?parent=2530"}],"curies":[{"name":"wp","href":"https:\/\/api.w.org\/{rel}","templated":true}]}}