{"id":2545,"date":"2024-01-09T10:30:27","date_gmt":"2024-01-09T10:30:27","guid":{"rendered":"https:\/\/zero-waste-project.eu\/?page_id=2545"},"modified":"2024-01-09T10:32:23","modified_gmt":"2024-01-09T10:32:23","slug":"a-treia-intalnire-de-proiect-trani","status":"publish","type":"page","link":"https:\/\/zero-waste-project.eu\/index.php\/ro\/a-treia-intalnire-de-proiect-trani\/","title":{"rendered":"A treia \u00eent\u00e2lnire de proiect @ Trani"},"content":{"rendered":"\t\t<div data-elementor-type=\"wp-page\" data-elementor-id=\"2545\" class=\"elementor elementor-2545\">\n\t\t\t\t\t\t<section class=\"elementor-section elementor-top-section elementor-element elementor-element-76aec1d elementor-section-boxed elementor-section-height-default elementor-section-height-default\" data-id=\"76aec1d\" data-element_type=\"section\" data-e-type=\"section\" data-settings=\"{&quot;background_background&quot;:&quot;classic&quot;}\">\n\t\t\t\t\t\t\t<div class=\"elementor-background-overlay\"><\/div>\n\t\t\t\t\t\t\t<div class=\"elementor-container elementor-column-gap-default\">\n\t\t\t\t\t<div class=\"elementor-column elementor-col-100 elementor-top-column elementor-element elementor-element-1f66025\" data-id=\"1f66025\" data-element_type=\"column\" data-e-type=\"column\">\n\t\t\t<div class=\"elementor-widget-wrap elementor-element-populated\">\n\t\t\t\t\t\t<div class=\"elementor-element elementor-element-154bf4f elementor-widget elementor-widget-spacer\" data-id=\"154bf4f\" data-element_type=\"widget\" data-e-type=\"widget\" data-widget_type=\"spacer.default\">\n\t\t\t\t<div class=\"elementor-widget-container\">\n\t\t\t\t\t\t\t<div class=\"elementor-spacer\">\n\t\t\t<div class=\"elementor-spacer-inner\"><\/div>\n\t\t<\/div>\n\t\t\t\t\t\t<\/div>\n\t\t\t\t<\/div>\n\t\t\t\t<div class=\"elementor-element elementor-element-40abe09 elementor-widget elementor-widget-heading\" data-id=\"40abe09\" data-element_type=\"widget\" data-e-type=\"widget\" data-widget_type=\"heading.default\">\n\t\t\t\t<div class=\"elementor-widget-container\">\n\t\t\t\t\t<h2 class=\"elementor-heading-title elementor-size-default\">A treia \u00eent\u00e2lnire de proiect @ Trani<\/h2>\t\t\t\t<\/div>\n\t\t\t\t<\/div>\n\t\t\t\t<div class=\"elementor-element elementor-element-c2bcb12 elementor-widget elementor-widget-spacer\" data-id=\"c2bcb12\" data-element_type=\"widget\" data-e-type=\"widget\" data-widget_type=\"spacer.default\">\n\t\t\t\t<div class=\"elementor-widget-container\">\n\t\t\t\t\t\t\t<div class=\"elementor-spacer\">\n\t\t\t<div class=\"elementor-spacer-inner\"><\/div>\n\t\t<\/div>\n\t\t\t\t\t\t<\/div>\n\t\t\t\t<\/div>\n\t\t\t\t\t<\/div>\n\t\t<\/div>\n\t\t\t\t\t<\/div>\n\t\t<\/section>\n\t\t\t\t<section class=\"elementor-section elementor-top-section elementor-element elementor-element-8e97299 elementor-section-boxed elementor-section-height-default elementor-section-height-default\" data-id=\"8e97299\" data-element_type=\"section\" data-e-type=\"section\">\n\t\t\t\t\t\t<div class=\"elementor-container elementor-column-gap-default\">\n\t\t\t\t\t<div class=\"elementor-column elementor-col-100 elementor-top-column elementor-element elementor-element-9fe2a92\" data-id=\"9fe2a92\" data-element_type=\"column\" data-e-type=\"column\">\n\t\t\t<div class=\"elementor-widget-wrap elementor-element-populated\">\n\t\t\t\t\t\t<div class=\"elementor-element elementor-element-6ff26af elementor-widget elementor-widget-spacer\" data-id=\"6ff26af\" data-element_type=\"widget\" data-e-type=\"widget\" data-widget_type=\"spacer.default\">\n\t\t\t\t<div class=\"elementor-widget-container\">\n\t\t\t\t\t\t\t<div class=\"elementor-spacer\">\n\t\t\t<div class=\"elementor-spacer-inner\"><\/div>\n\t\t<\/div>\n\t\t\t\t\t\t<\/div>\n\t\t\t\t<\/div>\n\t\t\t\t<div class=\"elementor-element elementor-element-b743da8 elementor-widget elementor-widget-text-editor\" data-id=\"b743da8\" data-element_type=\"widget\" data-e-type=\"widget\" data-widget_type=\"text-editor.default\">\n\t\t\t\t<div class=\"elementor-widget-container\">\n\t\t\t\t\t\t\t\t\t<p><b>ITALIA <\/b><b>28 Februarie -1 Martie 2023<\/b><\/p><p><span style=\"font-weight: 400;\">La c\u00e2teva luni dup\u0103 a doua \u00eent\u00e2lnire transna\u021bional\u0103 de proiect care a avut loc \u00een Grecia, reprezentan\u021bii celor 8 organiza\u021bii partenere implicate \u00een <\/span><b>proiectul \u201eZero Waste\u201d<\/b><span style=\"font-weight: 400;\"> au avut ocazia s\u0103 se \u00eent\u00e2lneasc\u0103 din nou personal, de data aceasta la Trani, Italia.<\/span><\/p><p>\u00a0<\/p><p><span style=\"font-weight: 400;\">\u00cen cadrul \u00eent\u00e2lnirii, consor\u021biul a discutat, printre altele, despre progresul celui de-al doilea (PR2), respectiv al treilea rezultat al proiectului (PR3). Mai precis, a fost prezentat <\/span><b>materialul final al cursului de formare<\/b><span style=\"font-weight: 400;\"> pentru cadrele didactice, precum \u0219i <\/span><b>platforma online <\/b><span style=\"font-weight: 400;\">care \u00eel g\u0103zduie\u0219te. Ambele au fost dezvoltate \u00een conformitate cu liniile directoare oferite de partenerul coordonator al rezultatului proiectului (Dot2dot) \u0219i cu feedback-ul oferit de consor\u021biu. Cursul de formare con\u021bine informa\u021bii detaliate despre: risipa de alimente, cauzele acesteia \u0219i etapele \u00een care aceasta are loc, impactul risipei alimentare asupra lan\u021bului alimentar, asupra mediului \u0219i economiei, precum \u0219i modalit\u0103\u021bile prin care se poate reduce risipa alimentar\u0103 \u00een via\u021ba de zi cu zi.<\/span><\/p><p>\u00a0<\/p><p><span style=\"font-weight: 400;\">De asemenea, partenerul responsabil pentru realizarea rezultatului proiectului PR2 a prezentat modelul care va fi folosit de to\u021bi partenerii pentru <\/span><b>resursele didactice<\/b><span style=\"font-weight: 400;\"> destinate elevilor, acestea urm\u00e2nd a fi <\/span><b>create \u00eempreun\u0103 cu profesorii<\/b><span style=\"font-weight: 400;\"> din \u00eenv\u0103\u021b\u0103m\u00e2ntul secundar. Participan\u021bii la \u00eent\u00e2lnire au discutat activit\u0103\u021bile ce se vor derula \u00een continuare: <\/span><b>pilotarea materialului de instruire<\/b><span style=\"font-weight: 400;\"> \u0219i a <\/span><b>resurselor didactice<\/b><span style=\"font-weight: 400;\">, respectiv finalizarea \u0219i traducerea rezultatului proiectului PR2. Partenerii au convenit asupra <\/span><b>termenelor limit\u0103<\/b><span style=\"font-weight: 400;\"> specifice pentru realizarea fiec\u0103rei sarcini. Totodat\u0103, organiza\u021biile partenere au avut o discu\u021bie ini\u021bial\u0103 cu privire la <\/span><b>recomand\u0103rile de politici<\/b><span style=\"font-weight: 400;\"> care urmeaz\u0103 a fi dezvoltate \u00een ultima parte a proiectului. Pe agenda \u00eent\u00e2lnirii s-a aflat \u0219i cel de-al treilea rezultat al proiectului (PR3), care este dedicat realiz\u0103rii unui <\/span><b>joc educa\u021bional ZERO WASTE<\/b><span style=\"font-weight: 400;\">.\u00a0<\/span><\/p><p><br \/><span style=\"font-weight: 400;\">\u00cen a doua zi a \u00eent\u00e2lnirii transna\u021bionale, partenerii au discutat despre <\/span><b>activitatea de formare<\/b><span style=\"font-weight: 400;\"> care va avea loc \u00een Spania \u0219i la care vor participa c\u00e2te 3 cadre didactice din fiecare \u021bar\u0103 partener\u0103. \u00cen cadrul \u00eent\u00e2lnirii, au fost abordate aspecte referitoare la <\/span><b>managementul financiar<\/b><span style=\"font-weight: 400;\">, la <\/span><b>evaluarea calitativ\u0103<\/b><span style=\"font-weight: 400;\"> a proiectului, feedback-ul primit de la Agen\u021bia Na\u021bional\u0103 din Rom\u00e2nia cu privire la <\/span><b>raportul intermediar<\/b><span style=\"font-weight: 400;\"> transmis dup\u0103 finalizarea primului an de proiect. <\/span><\/p>\t\t\t\t\t\t\t\t<\/div>\n\t\t\t\t<\/div>\n\t\t\t\t<div class=\"elementor-element elementor-element-c921056 elementor-widget elementor-widget-image\" data-id=\"c921056\" data-element_type=\"widget\" data-e-type=\"widget\" data-widget_type=\"image.default\">\n\t\t\t\t<div class=\"elementor-widget-container\">\n\t\t\t\t\t\t\t\t\t\t\t\t\t\t\t<img fetchpriority=\"high\" decoding=\"async\" width=\"1024\" height=\"576\" src=\"https:\/\/zero-waste-project.eu\/wp-content\/uploads\/2023\/03\/20230228_175933-1024x576.jpg\" class=\"attachment-large size-large wp-image-1137\" alt=\"\" srcset=\"https:\/\/zero-waste-project.eu\/wp-content\/uploads\/2023\/03\/20230228_175933-1024x576.jpg 1024w, https:\/\/zero-waste-project.eu\/wp-content\/uploads\/2023\/03\/20230228_175933-300x169.jpg 300w, https:\/\/zero-waste-project.eu\/wp-content\/uploads\/2023\/03\/20230228_175933-768x432.jpg 768w, https:\/\/zero-waste-project.eu\/wp-content\/uploads\/2023\/03\/20230228_175933-1536x864.jpg 1536w, https:\/\/zero-waste-project.eu\/wp-content\/uploads\/2023\/03\/20230228_175933-2048x1152.jpg 2048w, https:\/\/zero-waste-project.eu\/wp-content\/uploads\/2023\/03\/20230228_175933-720x405.jpg 720w\" sizes=\"(max-width: 1024px) 100vw, 1024px\" \/>\t\t\t\t\t\t\t\t\t\t\t\t\t\t\t<\/div>\n\t\t\t\t<\/div>\n\t\t\t\t<div class=\"elementor-element elementor-element-6fbde56 elementor-widget elementor-widget-spacer\" data-id=\"6fbde56\" data-element_type=\"widget\" data-e-type=\"widget\" data-widget_type=\"spacer.default\">\n\t\t\t\t<div class=\"elementor-widget-container\">\n\t\t\t\t\t\t\t<div class=\"elementor-spacer\">\n\t\t\t<div class=\"elementor-spacer-inner\"><\/div>\n\t\t<\/div>\n\t\t\t\t\t\t<\/div>\n\t\t\t\t<\/div>\n\t\t\t\t\t<\/div>\n\t\t<\/div>\n\t\t\t\t\t<\/div>\n\t\t<\/section>\n\t\t\t\t<section class=\"elementor-section elementor-top-section elementor-element elementor-element-f8076e5 elementor-section-boxed elementor-section-height-default elementor-section-height-default\" data-id=\"f8076e5\" data-element_type=\"section\" data-e-type=\"section\">\n\t\t\t\t\t\t<div class=\"elementor-container elementor-column-gap-default\">\n\t\t\t\t\t<div class=\"elementor-column elementor-col-33 elementor-top-column elementor-element elementor-element-43b6b46\" data-id=\"43b6b46\" data-element_type=\"column\" data-e-type=\"column\">\n\t\t\t<div class=\"elementor-widget-wrap elementor-element-populated\">\n\t\t\t\t\t\t<div class=\"elementor-element elementor-element-da0972c elementor-widget elementor-widget-image\" data-id=\"da0972c\" data-element_type=\"widget\" data-e-type=\"widget\" data-widget_type=\"image.default\">\n\t\t\t\t<div class=\"elementor-widget-container\">\n\t\t\t\t\t\t\t\t\t\t\t\t\t\t\t<img decoding=\"async\" width=\"194\" height=\"42\" src=\"https:\/\/zero-waste-project.eu\/wp-content\/uploads\/2022\/04\/eu-logo-new.png\" class=\"attachment-medium size-medium wp-image-63\" alt=\"\" \/>\t\t\t\t\t\t\t\t\t\t\t\t\t\t\t<\/div>\n\t\t\t\t<\/div>\n\t\t\t\t<div class=\"elementor-element elementor-element-764b0bd elementor-widget elementor-widget-text-editor\" data-id=\"764b0bd\" data-element_type=\"widget\" data-e-type=\"widget\" data-widget_type=\"text-editor.default\">\n\t\t\t\t<div class=\"elementor-widget-container\">\n\t\t\t\t\t\t\t\t\t<p>Finan\u021bat de Uniunea European\u0103. Punctele de vedere \u0219i opiniile exprimate apar\u021bin, \u00eens\u0103, exclusiv autorului (autorilor) \u0219i nu reflect\u0103 neap\u0103rat punctele de vedere \u0219i opiniile Uniunii Europene sau ale Agen\u021biei Executive Europene pentru Educa\u021bie \u0219i Cultur\u0103 (EACEA). Nici Uniunea European\u0103 \u0219i nici EACEA nu pot fi considerate r\u0103spunz\u0103toare pentru acestea. 2021-1-RO01-KA220-SCH-000032588<\/p>\t\t\t\t\t\t\t\t<\/div>\n\t\t\t\t<\/div>\n\t\t\t\t\t<\/div>\n\t\t<\/div>\n\t\t\t\t<div class=\"elementor-column elementor-col-33 elementor-top-column elementor-element elementor-element-d71df2f\" data-id=\"d71df2f\" data-element_type=\"column\" data-e-type=\"column\">\n\t\t\t<div class=\"elementor-widget-wrap\">\n\t\t\t\t\t\t\t<\/div>\n\t\t<\/div>\n\t\t\t\t<div class=\"elementor-column elementor-col-33 elementor-top-column elementor-element elementor-element-8f3f265\" data-id=\"8f3f265\" data-element_type=\"column\" data-e-type=\"column\">\n\t\t\t<div class=\"elementor-widget-wrap elementor-element-populated\">\n\t\t\t\t\t\t<div class=\"elementor-element elementor-element-74be685 elementor-widget elementor-widget-image\" data-id=\"74be685\" data-element_type=\"widget\" data-e-type=\"widget\" data-widget_type=\"image.default\">\n\t\t\t\t<div class=\"elementor-widget-container\">\n\t\t\t\t\t\t\t\t\t\t\t\t\t\t\t\t<a href=\"https:\/\/zero-waste-project.eu\/\">\n\t\t\t\t\t\t\t<img decoding=\"async\" width=\"80\" height=\"46\" src=\"https:\/\/zero-waste-project.eu\/wp-content\/uploads\/2022\/03\/xxsmall.png\" class=\"attachment-medium size-medium wp-image-39\" alt=\"\" \/>\t\t\t\t\t\t\t\t<\/a>\n\t\t\t\t\t\t\t\t\t\t\t\t\t\t\t<\/div>\n\t\t\t\t<\/div>\n\t\t\t\t<div class=\"elementor-element elementor-element-0ccd97e elementor-widget elementor-widget-text-editor\" data-id=\"0ccd97e\" data-element_type=\"widget\" data-e-type=\"widget\" data-widget_type=\"text-editor.default\">\n\t\t\t\t<div class=\"elementor-widget-container\">\n\t\t\t\t\t\t\t\t\t<a style=\"color: #344e41;\" href=\"https:\/\/zero-waste-project.eu\/index.php\/terms-of-use\/\" target=\"_blank\" rel=\"noopener\">Terms of Use<\/a>\t\t\t\t\t\t\t\t<\/div>\n\t\t\t\t<\/div>\n\t\t\t\t<div class=\"elementor-element elementor-element-15ebe6d elementor-shape-circle e-grid-align-right elementor-grid-0 elementor-widget elementor-widget-social-icons\" data-id=\"15ebe6d\" data-element_type=\"widget\" data-e-type=\"widget\" data-widget_type=\"social-icons.default\">\n\t\t\t\t<div class=\"elementor-widget-container\">\n\t\t\t\t\t\t\t<div class=\"elementor-social-icons-wrapper elementor-grid\" role=\"list\">\n\t\t\t\t\t\t\t<span class=\"elementor-grid-item\" role=\"listitem\">\n\t\t\t\t\t<a class=\"elementor-icon elementor-social-icon elementor-social-icon-facebook elementor-animation-grow elementor-repeater-item-ef4f15e\" href=\"https:\/\/www.facebook.com\/ZeroWasteEUProject2\/%20\" target=\"_blank\">\n\t\t\t\t\t\t<span class=\"elementor-screen-only\">Facebook<\/span>\n\t\t\t\t\t\t<i aria-hidden=\"true\" class=\"fab fa-facebook\"><\/i>\t\t\t\t\t<\/a>\n\t\t\t\t<\/span>\n\t\t\t\t\t\t\t<span class=\"elementor-grid-item\" role=\"listitem\">\n\t\t\t\t\t<a class=\"elementor-icon elementor-social-icon elementor-social-icon-instagram elementor-animation-grow elementor-repeater-item-7eeb5b3\" href=\"https:\/\/www.instagram.com\/zerowaste_projecteu\/\" target=\"_blank\">\n\t\t\t\t\t\t<span class=\"elementor-screen-only\">Instagram<\/span>\n\t\t\t\t\t\t<i aria-hidden=\"true\" class=\"fab fa-instagram\"><\/i>\t\t\t\t\t<\/a>\n\t\t\t\t<\/span>\n\t\t\t\t\t\t\t<span class=\"elementor-grid-item\" role=\"listitem\">\n\t\t\t\t\t<a class=\"elementor-icon elementor-social-icon elementor-social-icon-twitter elementor-animation-grow elementor-repeater-item-d67f1e7\" href=\"https:\/\/twitter.com\/ZeroWasteProje1\" target=\"_blank\">\n\t\t\t\t\t\t<span class=\"elementor-screen-only\">Twitter<\/span>\n\t\t\t\t\t\t<i aria-hidden=\"true\" class=\"fab fa-twitter\"><\/i>\t\t\t\t\t<\/a>\n\t\t\t\t<\/span>\n\t\t\t\t\t\t\t<span class=\"elementor-grid-item\" role=\"listitem\">\n\t\t\t\t\t<a class=\"elementor-icon elementor-social-icon elementor-social-icon-linkedin-in elementor-animation-grow elementor-repeater-item-1019605\" href=\"https:\/\/www.linkedin.com\/company\/84794263\/admin\/\" target=\"_blank\">\n\t\t\t\t\t\t<span class=\"elementor-screen-only\">Linkedin-in<\/span>\n\t\t\t\t\t\t<i aria-hidden=\"true\" class=\"fab fa-linkedin-in\"><\/i>\t\t\t\t\t<\/a>\n\t\t\t\t<\/span>\n\t\t\t\t\t<\/div>\n\t\t\t\t\t\t<\/div>\n\t\t\t\t<\/div>\n\t\t\t\t\t<\/div>\n\t\t<\/div>\n\t\t\t\t\t<\/div>\n\t\t<\/section>\n\t\t\t\t<section class=\"elementor-section elementor-top-section elementor-element elementor-element-dcc21a2 elementor-section-boxed elementor-section-height-default elementor-section-height-default\" data-id=\"dcc21a2\" data-element_type=\"section\" data-e-type=\"section\">\n\t\t\t\t\t\t<div class=\"elementor-container elementor-column-gap-default\">\n\t\t\t\t\t<div class=\"elementor-column elementor-col-100 elementor-top-column elementor-element elementor-element-186b994\" data-id=\"186b994\" data-element_type=\"column\" data-e-type=\"column\">\n\t\t\t<div class=\"elementor-widget-wrap elementor-element-populated\">\n\t\t\t\t\t\t<div class=\"elementor-element elementor-element-797f517 elementor-widget-divider--view-line elementor-widget elementor-widget-divider\" data-id=\"797f517\" data-element_type=\"widget\" data-e-type=\"widget\" data-widget_type=\"divider.default\">\n\t\t\t\t<div class=\"elementor-widget-container\">\n\t\t\t\t\t\t\t<div class=\"elementor-divider\">\n\t\t\t<span class=\"elementor-divider-separator\">\n\t\t\t\t\t\t<\/span>\n\t\t<\/div>\n\t\t\t\t\t\t<\/div>\n\t\t\t\t<\/div>\n\t\t\t\t\t<\/div>\n\t\t<\/div>\n\t\t\t\t\t<\/div>\n\t\t<\/section>\n\t\t\t\t<section class=\"elementor-section elementor-top-section elementor-element elementor-element-4f1edae elementor-section-boxed elementor-section-height-default elementor-section-height-default\" data-id=\"4f1edae\" data-element_type=\"section\" data-e-type=\"section\">\n\t\t\t\t\t\t<div class=\"elementor-container elementor-column-gap-default\">\n\t\t\t\t\t<div class=\"elementor-column elementor-col-33 elementor-top-column elementor-element elementor-element-c710339\" data-id=\"c710339\" data-element_type=\"column\" data-e-type=\"column\">\n\t\t\t<div class=\"elementor-widget-wrap elementor-element-populated\">\n\t\t\t\t\t\t<div class=\"elementor-element elementor-element-b7fa407 elementor-widget elementor-widget-text-editor\" data-id=\"b7fa407\" data-element_type=\"widget\" data-e-type=\"widget\" data-widget_type=\"text-editor.default\">\n\t\t\t\t<div class=\"elementor-widget-container\">\n\t\t\t\t\t\t\t\t\t<p>Copyright \u00a9 2022 Zero Waste. All Rights Reserved.<\/p>\t\t\t\t\t\t\t\t<\/div>\n\t\t\t\t<\/div>\n\t\t\t\t\t<\/div>\n\t\t<\/div>\n\t\t\t\t<div class=\"elementor-column elementor-col-33 elementor-top-column elementor-element elementor-element-8297fbe\" data-id=\"8297fbe\" data-element_type=\"column\" data-e-type=\"column\">\n\t\t\t<div class=\"elementor-widget-wrap\">\n\t\t\t\t\t\t\t<\/div>\n\t\t<\/div>\n\t\t\t\t<div class=\"elementor-column elementor-col-33 elementor-top-column elementor-element elementor-element-1456804\" data-id=\"1456804\" data-element_type=\"column\" data-e-type=\"column\">\n\t\t\t<div class=\"elementor-widget-wrap elementor-element-populated\">\n\t\t\t\t\t\t<div class=\"elementor-element elementor-element-1b1f411 elementor-widget elementor-widget-text-editor\" data-id=\"1b1f411\" data-element_type=\"widget\" data-e-type=\"widget\" data-widget_type=\"text-editor.default\">\n\t\t\t\t<div class=\"elementor-widget-container\">\n\t\t\t\t\t\t\t\t\t<span style=\"color: #797979; text-align: left;\">Powered by\u00a0<\/span><a style=\"color: #797979; text-align: right;\" href=\"https:\/\/innovationhive.eu\/\" target=\"_blank\" rel=\"noopener\">Innovation Hive<\/a>\t\t\t\t\t\t\t\t<\/div>\n\t\t\t\t<\/div>\n\t\t\t\t\t<\/div>\n\t\t<\/div>\n\t\t\t\t\t<\/div>\n\t\t<\/section>\n\t\t\t\t<\/div>\n\t\t","protected":false},"excerpt":{"rendered":"<p>A treia \u00eent\u00e2lnire de proiect @ Trani ITALIA 28 Februarie -1 Martie 2023 La c\u00e2teva luni dup\u0103 a doua \u00eent\u00e2lnire [&hellip;]<\/p>\n","protected":false},"author":1,"featured_media":0,"parent":0,"menu_order":0,"comment_status":"closed","ping_status":"closed","template":"page-templates\/template_page-builder.php","meta":{"_monsterinsights_skip_tracking":false,"_monsterinsights_sitenote_active":false,"_monsterinsights_sitenote_note":"","_monsterinsights_sitenote_category":0,"footnotes":""},"class_list":["post-2545","page","type-page","status-publish","hentry"],"aioseo_notices":[],"_links":{"self":[{"href":"https:\/\/zero-waste-project.eu\/index.php\/wp-json\/wp\/v2\/pages\/2545","targetHints":{"allow":["GET"]}}],"collection":[{"href":"https:\/\/zero-waste-project.eu\/index.php\/wp-json\/wp\/v2\/pages"}],"about":[{"href":"https:\/\/zero-waste-project.eu\/index.php\/wp-json\/wp\/v2\/types\/page"}],"author":[{"embeddable":true,"href":"https:\/\/zero-waste-project.eu\/index.php\/wp-json\/wp\/v2\/users\/1"}],"replies":[{"embeddable":true,"href":"https:\/\/zero-waste-project.eu\/index.php\/wp-json\/wp\/v2\/comments?post=2545"}],"version-history":[{"count":4,"href":"https:\/\/zero-waste-project.eu\/index.php\/wp-json\/wp\/v2\/pages\/2545\/revisions"}],"predecessor-version":[{"id":2549,"href":"https:\/\/zero-waste-project.eu\/index.php\/wp-json\/wp\/v2\/pages\/2545\/revisions\/2549"}],"wp:attachment":[{"href":"https:\/\/zero-waste-project.eu\/index.php\/wp-json\/wp\/v2\/media?parent=2545"}],"curies":[{"name":"wp","href":"https:\/\/api.w.org\/{rel}","templated":true}]}}