{"id":2557,"date":"2024-01-09T10:39:17","date_gmt":"2024-01-09T10:39:17","guid":{"rendered":"https:\/\/zero-waste-project.eu\/?page_id=2557"},"modified":"2024-01-09T10:41:01","modified_gmt":"2024-01-09T10:41:01","slug":"finalizarea-materialului-pr2-si-pregatirea-etapei-de-testare","status":"publish","type":"page","link":"https:\/\/zero-waste-project.eu\/index.php\/ro\/finalizarea-materialului-pr2-si-pregatirea-etapei-de-testare\/","title":{"rendered":"Finalizarea materialului PR2 \u0219i preg\u0103tirea etapei de testare"},"content":{"rendered":"\t\t<div data-elementor-type=\"wp-page\" data-elementor-id=\"2557\" class=\"elementor elementor-2557\">\n\t\t\t\t\t\t<section class=\"elementor-section elementor-top-section elementor-element elementor-element-a60e8bf elementor-section-boxed elementor-section-height-default elementor-section-height-default\" data-id=\"a60e8bf\" data-element_type=\"section\" data-e-type=\"section\" data-settings=\"{&quot;background_background&quot;:&quot;classic&quot;}\">\n\t\t\t\t\t\t\t<div class=\"elementor-background-overlay\"><\/div>\n\t\t\t\t\t\t\t<div class=\"elementor-container elementor-column-gap-default\">\n\t\t\t\t\t<div class=\"elementor-column elementor-col-100 elementor-top-column elementor-element elementor-element-81b7910\" data-id=\"81b7910\" data-element_type=\"column\" data-e-type=\"column\">\n\t\t\t<div class=\"elementor-widget-wrap elementor-element-populated\">\n\t\t\t\t\t\t<div class=\"elementor-element elementor-element-4c7f46d elementor-widget elementor-widget-spacer\" data-id=\"4c7f46d\" data-element_type=\"widget\" data-e-type=\"widget\" data-widget_type=\"spacer.default\">\n\t\t\t\t<div class=\"elementor-widget-container\">\n\t\t\t\t\t\t\t<div class=\"elementor-spacer\">\n\t\t\t<div class=\"elementor-spacer-inner\"><\/div>\n\t\t<\/div>\n\t\t\t\t\t\t<\/div>\n\t\t\t\t<\/div>\n\t\t\t\t<div class=\"elementor-element elementor-element-89e8808 elementor-widget elementor-widget-heading\" data-id=\"89e8808\" data-element_type=\"widget\" data-e-type=\"widget\" data-widget_type=\"heading.default\">\n\t\t\t\t<div class=\"elementor-widget-container\">\n\t\t\t\t\t<h2 class=\"elementor-heading-title elementor-size-default\">Finalizarea materialului PR2 \u0219i preg\u0103tirea etapei de testare<\/h2>\t\t\t\t<\/div>\n\t\t\t\t<\/div>\n\t\t\t\t<div class=\"elementor-element elementor-element-64bde74 elementor-widget elementor-widget-spacer\" data-id=\"64bde74\" data-element_type=\"widget\" data-e-type=\"widget\" data-widget_type=\"spacer.default\">\n\t\t\t\t<div class=\"elementor-widget-container\">\n\t\t\t\t\t\t\t<div class=\"elementor-spacer\">\n\t\t\t<div class=\"elementor-spacer-inner\"><\/div>\n\t\t<\/div>\n\t\t\t\t\t\t<\/div>\n\t\t\t\t<\/div>\n\t\t\t\t\t<\/div>\n\t\t<\/div>\n\t\t\t\t\t<\/div>\n\t\t<\/section>\n\t\t\t\t<section class=\"elementor-section elementor-top-section elementor-element elementor-element-e641e77 elementor-section-boxed elementor-section-height-default elementor-section-height-default\" data-id=\"e641e77\" data-element_type=\"section\" data-e-type=\"section\">\n\t\t\t\t\t\t<div class=\"elementor-container elementor-column-gap-default\">\n\t\t\t\t\t<div class=\"elementor-column elementor-col-100 elementor-top-column elementor-element elementor-element-4d9c392\" data-id=\"4d9c392\" data-element_type=\"column\" data-e-type=\"column\">\n\t\t\t<div class=\"elementor-widget-wrap elementor-element-populated\">\n\t\t\t\t\t\t<div class=\"elementor-element elementor-element-8051385 elementor-widget elementor-widget-spacer\" data-id=\"8051385\" data-element_type=\"widget\" data-e-type=\"widget\" data-widget_type=\"spacer.default\">\n\t\t\t\t<div class=\"elementor-widget-container\">\n\t\t\t\t\t\t\t<div class=\"elementor-spacer\">\n\t\t\t<div class=\"elementor-spacer-inner\"><\/div>\n\t\t<\/div>\n\t\t\t\t\t\t<\/div>\n\t\t\t\t<\/div>\n\t\t\t\t<div class=\"elementor-element elementor-element-dfae6e2 elementor-widget elementor-widget-text-editor\" data-id=\"dfae6e2\" data-element_type=\"widget\" data-e-type=\"widget\" data-widget_type=\"text-editor.default\">\n\t\t\t\t<div class=\"elementor-widget-container\">\n\t\t\t\t\t\t\t\t\t<p><span style=\"font-weight: 400;\">Partenerii au depus un efort considerabil \u00een vederea finaliz\u0103rii <\/span><b>modulelor de formare<\/b> <span style=\"font-weight: 400;\">\u0219<\/span><span style=\"font-weight: 400;\">i a celor <\/span><b>80 de resurse didactice<\/b><span style=\"font-weight: 400;\"> pentru profesori, care includ o multitudine de activit\u0103<\/span><span style=\"font-weight: 400;\">\u021b<\/span><span style=\"font-weight: 400;\">i pe care profesorii le pot folosi fie pentru a dezvolta cuno<\/span><span style=\"font-weight: 400;\">\u0219<\/span><span style=\"font-weight: 400;\">tin<\/span><span style=\"font-weight: 400;\">\u021b<\/span><span style=\"font-weight: 400;\">ele elevilor referitoare la risipa alimentar\u0103, fie pentru a le interioriza profund. Acestea au fost create \u00een conformitate cu recomand\u0103rile f\u0103cute de consor<\/span><span style=\"font-weight: 400;\">\u021b<\/span><span style=\"font-weight: 400;\">iu, respectiv de coordonatorul proiectului.<\/span><\/p><p>\u00a0<\/p><p><span style=\"font-weight: 400;\">Modulele online dezvoltate conduc participantul la formare prin <\/span><b>4 sec<\/b><b>\u021b<\/b><b>iuni<\/b><span style=\"font-weight: 400;\"> care vizeaz\u0103<\/span><span style=\"font-weight: 400;\">:<\/span><span style=\"font-weight: 400;\"> o introducere \u00een risipa de alimente, cauzele <\/span><span style=\"font-weight: 400;\">\u0219<\/span><span style=\"font-weight: 400;\">i etapele acesteia, consecin<\/span><span style=\"font-weight: 400;\">\u021b<\/span><span style=\"font-weight: 400;\">ele risipei alimentare <\/span><span style=\"font-weight: 400;\">\u0219<\/span><span style=\"font-weight: 400;\">i modalit\u0103<\/span><span style=\"font-weight: 400;\">\u021bi de a<\/span><span style=\"font-weight: 400;\"> reduce risipa de alimente zilnic.<\/span><\/p><p>\u00a0<\/p><p><span style=\"font-weight: 400;\">\u00cen plus, cursul de formare ofer\u0103 cuno<\/span><span style=\"font-weight: 400;\">\u0219<\/span><span style=\"font-weight: 400;\">tin<\/span><span style=\"font-weight: 400;\">\u021b<\/span><span style=\"font-weight: 400;\">e aprofundate despre pierderea <\/span><span style=\"font-weight: 400;\">\u0219<\/span><span style=\"font-weight: 400;\">i risipa de alimente, cauzele <\/span><span style=\"font-weight: 400;\">\u0219<\/span><span style=\"font-weight: 400;\">i etapele acesteia, modul \u00een care este afectat lan<\/span><span style=\"font-weight: 400;\">\u021b<\/span><span style=\"font-weight: 400;\">ul alimentar, mediul <\/span><span style=\"font-weight: 400;\">\u0219<\/span><span style=\"font-weight: 400;\">i economia, dar <\/span><span style=\"font-weight: 400;\">\u0219i<\/span><span style=\"font-weight: 400;\"> strategii pentru reducerea risipei de alimente \u00een via<\/span><span style=\"font-weight: 400;\">\u021b<\/span><span style=\"font-weight: 400;\">a de zi cu zi <\/span><span style=\"font-weight: 400;\">\u0219<\/span><span style=\"font-weight: 400;\">i un test, dup\u0103 fiecare sec<\/span><span style=\"font-weight: 400;\">\u021b<\/span><span style=\"font-weight: 400;\">iune, creat cu scopul verific\u0103rii cuno<\/span><span style=\"font-weight: 400;\">\u0219<\/span><span style=\"font-weight: 400;\">tin<\/span><span style=\"font-weight: 400;\">\u021b<\/span><span style=\"font-weight: 400;\">elor dob\u00e2ndite.<\/span><\/p><p>\u00a0<\/p><p><span style=\"font-weight: 400;\">Aceste module au fost realizate \u00een englez\u0103 de <\/span><b>Geinnova<\/b><span style=\"font-weight: 400;\"> (partenerul din Spania) <\/span><span style=\"font-weight: 400;\">\u0219<\/span><span style=\"font-weight: 400;\">i apoi traduse \u00een toate limbile na<\/span><span style=\"font-weight: 400;\">\u021b<\/span><span style=\"font-weight: 400;\">ionale ale institu<\/span><span style=\"font-weight: 400;\">\u021b<\/span><span style=\"font-weight: 400;\">iilor\u00a0 implicate \u00een proiect.<\/span><\/p><p>\u00a0<\/p><p><span style=\"font-weight: 400;\">Resursele didactice au fost create de to<\/span><span style=\"font-weight: 400;\">\u021b<\/span><span style=\"font-weight: 400;\">i partenerii <\/span><span style=\"font-weight: 400;\">\u0219<\/span><span style=\"font-weight: 400;\">i ofer\u0103 o gam\u0103 larg\u0103 de activit\u0103<\/span><span style=\"font-weight: 400;\">\u021b<\/span><span style=\"font-weight: 400;\">i, cu o abordare diferit\u0103, captivant\u0103, activit\u0103<\/span><span style=\"font-weight: 400;\">\u021b<\/span><span style=\"font-weight: 400;\">i interactive <\/span><span style=\"font-weight: 400;\">\u0219<\/span><span style=\"font-weight: 400;\">i distractive care necesit\u0103 aten<\/span><span style=\"font-weight: 400;\">\u021b<\/span><span style=\"font-weight: 400;\">ia deplin\u0103 a participantului <\/span><span style=\"font-weight: 400;\">\u0219<\/span><span style=\"font-weight: 400;\">i cuno<\/span><span style=\"font-weight: 400;\">\u0219<\/span><span style=\"font-weight: 400;\">tin<\/span><span style=\"font-weight: 400;\">\u021b<\/span><span style=\"font-weight: 400;\">ele dob\u00e2ndite anterior, pentru a fi finalizate cu succes.<\/span><\/p><p>\u00a0<\/p><p><b>Petit Pas Aps<\/b><span style=\"font-weight: 400;\">, partenerul din Italia, a stabilit liniile directoare ale parteneriatului privind <\/span><b>pilotarea <\/b><b>\u0219<\/b><b>i revizuirea materialelor de formare<\/b><span style=\"font-weight: 400;\">. Astfel, pentru testarea materialelor create \u00een cadrul produsului proiectului PR2, vor fi utilizate urm\u0103toarele <\/span><b>grupuri <\/b><b>\u021b<\/b><b>int\u0103 na<\/b><b>\u021b<\/b><b>ionale<\/b><span style=\"font-weight: 400;\">: 40 de p\u0103rin<\/span><span style=\"font-weight: 400;\">\u021b<\/span><span style=\"font-weight: 400;\">i, 20 de elevi <\/span><span style=\"font-weight: 400;\">\u0219<\/span><span style=\"font-weight: 400;\">i 15 profesori (conform indicatorilor de calitate asuma<\/span><span style=\"font-weight: 400;\">\u021b<\/span><span style=\"font-weight: 400;\">i prin proiect). Faza de pilotare este crucial\u0103 deoarece reduce blocajele specifice sau problemele preliminare, iar prin identificarea poten<\/span><span style=\"font-weight: 400;\">\u021b<\/span><span style=\"font-weight: 400;\">ialelor probleme \u00een aceast\u0103 faz\u0103, se vor putea face ajust\u0103rile necesare \u00eenainte de <\/span><b>implementarea rezultatului proiectului la scar\u0103 european\u0103<\/b><span style=\"font-weight: 400;\">. Aceast\u0103 faz\u0103 se va desf\u0103<\/span><span style=\"font-weight: 400;\">\u0219<\/span><span style=\"font-weight: 400;\">ura pe tot parcursul lunilor mai <\/span><span style=\"font-weight: 400;\">\u0219<\/span><span style=\"font-weight: 400;\">i iunie.<\/span><\/p><p><br \/><span style=\"font-weight: 400;\">Este important de men<\/span><span style=\"font-weight: 400;\">\u021b<\/span><span style=\"font-weight: 400;\">ionat c\u0103 toate materialele sunt disponibile pentru profesori pe <\/span><b>platforma online<\/b><span style=\"font-weight: 400;\"> a proiectului: <\/span><a href=\"https:\/\/zero-waste-hub.eu\/login\/index.php\"><span style=\"font-weight: 400;\">https:\/\/zero-waste-hub.eu\/login\/index.php<\/span><\/a><\/p>\t\t\t\t\t\t\t\t<\/div>\n\t\t\t\t<\/div>\n\t\t\t\t<div class=\"elementor-element elementor-element-1eb323c elementor-widget elementor-widget-spacer\" data-id=\"1eb323c\" data-element_type=\"widget\" data-e-type=\"widget\" data-widget_type=\"spacer.default\">\n\t\t\t\t<div class=\"elementor-widget-container\">\n\t\t\t\t\t\t\t<div class=\"elementor-spacer\">\n\t\t\t<div class=\"elementor-spacer-inner\"><\/div>\n\t\t<\/div>\n\t\t\t\t\t\t<\/div>\n\t\t\t\t<\/div>\n\t\t\t\t\t<\/div>\n\t\t<\/div>\n\t\t\t\t\t<\/div>\n\t\t<\/section>\n\t\t\t\t<section class=\"elementor-section elementor-top-section elementor-element elementor-element-d5d8799 elementor-section-boxed elementor-section-height-default elementor-section-height-default\" data-id=\"d5d8799\" data-element_type=\"section\" data-e-type=\"section\">\n\t\t\t\t\t\t<div class=\"elementor-container elementor-column-gap-default\">\n\t\t\t\t\t<div class=\"elementor-column elementor-col-33 elementor-top-column elementor-element elementor-element-ef3ebe0\" data-id=\"ef3ebe0\" data-element_type=\"column\" data-e-type=\"column\">\n\t\t\t<div class=\"elementor-widget-wrap elementor-element-populated\">\n\t\t\t\t\t\t<div class=\"elementor-element elementor-element-609976b elementor-widget elementor-widget-image\" data-id=\"609976b\" data-element_type=\"widget\" data-e-type=\"widget\" data-widget_type=\"image.default\">\n\t\t\t\t<div class=\"elementor-widget-container\">\n\t\t\t\t\t\t\t\t\t\t\t\t\t\t\t<img decoding=\"async\" width=\"194\" height=\"42\" src=\"https:\/\/zero-waste-project.eu\/wp-content\/uploads\/2022\/04\/eu-logo-new.png\" class=\"attachment-medium size-medium wp-image-63\" alt=\"\" \/>\t\t\t\t\t\t\t\t\t\t\t\t\t\t\t<\/div>\n\t\t\t\t<\/div>\n\t\t\t\t<div class=\"elementor-element elementor-element-7e5799e elementor-widget elementor-widget-text-editor\" data-id=\"7e5799e\" data-element_type=\"widget\" data-e-type=\"widget\" data-widget_type=\"text-editor.default\">\n\t\t\t\t<div class=\"elementor-widget-container\">\n\t\t\t\t\t\t\t\t\t<p>Finan\u021bat de Uniunea European\u0103. Punctele de vedere \u0219i opiniile exprimate apar\u021bin, \u00eens\u0103, exclusiv autorului (autorilor) \u0219i nu reflect\u0103 neap\u0103rat punctele de vedere \u0219i opiniile Uniunii Europene sau ale Agen\u021biei Executive Europene pentru Educa\u021bie \u0219i Cultur\u0103 (EACEA). Nici Uniunea European\u0103 \u0219i nici EACEA nu pot fi considerate r\u0103spunz\u0103toare pentru acestea. 2021-1-RO01-KA220-SCH-000032588<\/p>\t\t\t\t\t\t\t\t<\/div>\n\t\t\t\t<\/div>\n\t\t\t\t\t<\/div>\n\t\t<\/div>\n\t\t\t\t<div class=\"elementor-column elementor-col-33 elementor-top-column elementor-element elementor-element-1559a21\" data-id=\"1559a21\" data-element_type=\"column\" data-e-type=\"column\">\n\t\t\t<div class=\"elementor-widget-wrap\">\n\t\t\t\t\t\t\t<\/div>\n\t\t<\/div>\n\t\t\t\t<div class=\"elementor-column elementor-col-33 elementor-top-column elementor-element elementor-element-f605733\" data-id=\"f605733\" data-element_type=\"column\" data-e-type=\"column\">\n\t\t\t<div class=\"elementor-widget-wrap elementor-element-populated\">\n\t\t\t\t\t\t<div class=\"elementor-element elementor-element-e8885e1 elementor-widget elementor-widget-image\" data-id=\"e8885e1\" data-element_type=\"widget\" data-e-type=\"widget\" data-widget_type=\"image.default\">\n\t\t\t\t<div class=\"elementor-widget-container\">\n\t\t\t\t\t\t\t\t\t\t\t\t\t\t\t\t<a href=\"https:\/\/zero-waste-project.eu\/\">\n\t\t\t\t\t\t\t<img decoding=\"async\" width=\"80\" height=\"46\" src=\"https:\/\/zero-waste-project.eu\/wp-content\/uploads\/2022\/03\/xxsmall.png\" class=\"attachment-medium size-medium wp-image-39\" alt=\"\" \/>\t\t\t\t\t\t\t\t<\/a>\n\t\t\t\t\t\t\t\t\t\t\t\t\t\t\t<\/div>\n\t\t\t\t<\/div>\n\t\t\t\t<div class=\"elementor-element elementor-element-04127e3 elementor-widget elementor-widget-text-editor\" data-id=\"04127e3\" data-element_type=\"widget\" data-e-type=\"widget\" data-widget_type=\"text-editor.default\">\n\t\t\t\t<div class=\"elementor-widget-container\">\n\t\t\t\t\t\t\t\t\t<a style=\"color: #344e41;\" href=\"https:\/\/zero-waste-project.eu\/index.php\/terms-of-use\/\" target=\"_blank\" rel=\"noopener\">Terms of Use<\/a>\t\t\t\t\t\t\t\t<\/div>\n\t\t\t\t<\/div>\n\t\t\t\t<div class=\"elementor-element elementor-element-893160c elementor-shape-circle e-grid-align-right elementor-grid-0 elementor-widget elementor-widget-social-icons\" data-id=\"893160c\" data-element_type=\"widget\" data-e-type=\"widget\" data-widget_type=\"social-icons.default\">\n\t\t\t\t<div class=\"elementor-widget-container\">\n\t\t\t\t\t\t\t<div class=\"elementor-social-icons-wrapper elementor-grid\" role=\"list\">\n\t\t\t\t\t\t\t<span class=\"elementor-grid-item\" role=\"listitem\">\n\t\t\t\t\t<a class=\"elementor-icon elementor-social-icon elementor-social-icon-facebook elementor-animation-grow elementor-repeater-item-ef4f15e\" href=\"https:\/\/www.facebook.com\/ZeroWasteEUProject2\/%20\" target=\"_blank\">\n\t\t\t\t\t\t<span class=\"elementor-screen-only\">Facebook<\/span>\n\t\t\t\t\t\t<i aria-hidden=\"true\" class=\"fab fa-facebook\"><\/i>\t\t\t\t\t<\/a>\n\t\t\t\t<\/span>\n\t\t\t\t\t\t\t<span class=\"elementor-grid-item\" role=\"listitem\">\n\t\t\t\t\t<a class=\"elementor-icon elementor-social-icon elementor-social-icon-instagram elementor-animation-grow elementor-repeater-item-7eeb5b3\" href=\"https:\/\/www.instagram.com\/zerowaste_projecteu\/\" target=\"_blank\">\n\t\t\t\t\t\t<span class=\"elementor-screen-only\">Instagram<\/span>\n\t\t\t\t\t\t<i aria-hidden=\"true\" class=\"fab fa-instagram\"><\/i>\t\t\t\t\t<\/a>\n\t\t\t\t<\/span>\n\t\t\t\t\t\t\t<span class=\"elementor-grid-item\" role=\"listitem\">\n\t\t\t\t\t<a class=\"elementor-icon elementor-social-icon elementor-social-icon-twitter elementor-animation-grow elementor-repeater-item-d67f1e7\" href=\"https:\/\/twitter.com\/ZeroWasteProje1\" target=\"_blank\">\n\t\t\t\t\t\t<span class=\"elementor-screen-only\">Twitter<\/span>\n\t\t\t\t\t\t<i aria-hidden=\"true\" class=\"fab fa-twitter\"><\/i>\t\t\t\t\t<\/a>\n\t\t\t\t<\/span>\n\t\t\t\t\t\t\t<span class=\"elementor-grid-item\" role=\"listitem\">\n\t\t\t\t\t<a class=\"elementor-icon elementor-social-icon elementor-social-icon-linkedin-in elementor-animation-grow elementor-repeater-item-1019605\" href=\"https:\/\/www.linkedin.com\/company\/84794263\/admin\/\" target=\"_blank\">\n\t\t\t\t\t\t<span class=\"elementor-screen-only\">Linkedin-in<\/span>\n\t\t\t\t\t\t<i aria-hidden=\"true\" class=\"fab fa-linkedin-in\"><\/i>\t\t\t\t\t<\/a>\n\t\t\t\t<\/span>\n\t\t\t\t\t<\/div>\n\t\t\t\t\t\t<\/div>\n\t\t\t\t<\/div>\n\t\t\t\t\t<\/div>\n\t\t<\/div>\n\t\t\t\t\t<\/div>\n\t\t<\/section>\n\t\t\t\t<section class=\"elementor-section elementor-top-section elementor-element elementor-element-b4f1903 elementor-section-boxed elementor-section-height-default elementor-section-height-default\" data-id=\"b4f1903\" data-element_type=\"section\" data-e-type=\"section\">\n\t\t\t\t\t\t<div class=\"elementor-container elementor-column-gap-default\">\n\t\t\t\t\t<div class=\"elementor-column elementor-col-100 elementor-top-column elementor-element elementor-element-faded39\" data-id=\"faded39\" data-element_type=\"column\" data-e-type=\"column\">\n\t\t\t<div class=\"elementor-widget-wrap elementor-element-populated\">\n\t\t\t\t\t\t<div class=\"elementor-element elementor-element-1e2a0ca elementor-widget-divider--view-line elementor-widget elementor-widget-divider\" data-id=\"1e2a0ca\" data-element_type=\"widget\" data-e-type=\"widget\" data-widget_type=\"divider.default\">\n\t\t\t\t<div class=\"elementor-widget-container\">\n\t\t\t\t\t\t\t<div class=\"elementor-divider\">\n\t\t\t<span class=\"elementor-divider-separator\">\n\t\t\t\t\t\t<\/span>\n\t\t<\/div>\n\t\t\t\t\t\t<\/div>\n\t\t\t\t<\/div>\n\t\t\t\t\t<\/div>\n\t\t<\/div>\n\t\t\t\t\t<\/div>\n\t\t<\/section>\n\t\t\t\t<section class=\"elementor-section elementor-top-section elementor-element elementor-element-1cdcbbf elementor-section-boxed elementor-section-height-default elementor-section-height-default\" data-id=\"1cdcbbf\" data-element_type=\"section\" data-e-type=\"section\">\n\t\t\t\t\t\t<div class=\"elementor-container elementor-column-gap-default\">\n\t\t\t\t\t<div class=\"elementor-column elementor-col-33 elementor-top-column elementor-element elementor-element-7585eb2\" data-id=\"7585eb2\" data-element_type=\"column\" data-e-type=\"column\">\n\t\t\t<div class=\"elementor-widget-wrap elementor-element-populated\">\n\t\t\t\t\t\t<div class=\"elementor-element elementor-element-5a62266 elementor-widget elementor-widget-text-editor\" data-id=\"5a62266\" data-element_type=\"widget\" data-e-type=\"widget\" data-widget_type=\"text-editor.default\">\n\t\t\t\t<div class=\"elementor-widget-container\">\n\t\t\t\t\t\t\t\t\t<p>Copyright \u00a9 2022 Zero Waste. All Rights Reserved.<\/p>\t\t\t\t\t\t\t\t<\/div>\n\t\t\t\t<\/div>\n\t\t\t\t\t<\/div>\n\t\t<\/div>\n\t\t\t\t<div class=\"elementor-column elementor-col-33 elementor-top-column elementor-element elementor-element-6cf4d68\" data-id=\"6cf4d68\" data-element_type=\"column\" data-e-type=\"column\">\n\t\t\t<div class=\"elementor-widget-wrap\">\n\t\t\t\t\t\t\t<\/div>\n\t\t<\/div>\n\t\t\t\t<div class=\"elementor-column elementor-col-33 elementor-top-column elementor-element elementor-element-95ecd34\" data-id=\"95ecd34\" data-element_type=\"column\" data-e-type=\"column\">\n\t\t\t<div class=\"elementor-widget-wrap elementor-element-populated\">\n\t\t\t\t\t\t<div class=\"elementor-element elementor-element-20118db elementor-widget elementor-widget-text-editor\" data-id=\"20118db\" data-element_type=\"widget\" data-e-type=\"widget\" data-widget_type=\"text-editor.default\">\n\t\t\t\t<div class=\"elementor-widget-container\">\n\t\t\t\t\t\t\t\t\t<span style=\"color: #797979; text-align: left;\">Powered by\u00a0<\/span><a style=\"color: #797979; text-align: right;\" href=\"https:\/\/innovationhive.eu\/\" target=\"_blank\" rel=\"noopener\">Innovation Hive<\/a>\t\t\t\t\t\t\t\t<\/div>\n\t\t\t\t<\/div>\n\t\t\t\t\t<\/div>\n\t\t<\/div>\n\t\t\t\t\t<\/div>\n\t\t<\/section>\n\t\t\t\t<\/div>\n\t\t","protected":false},"excerpt":{"rendered":"<p>Finalizarea materialului PR2 \u0219i preg\u0103tirea etapei de testare Partenerii au depus un efort considerabil \u00een vederea finaliz\u0103rii modulelor de formare [&hellip;]<\/p>\n","protected":false},"author":1,"featured_media":0,"parent":0,"menu_order":0,"comment_status":"closed","ping_status":"closed","template":"page-templates\/template_page-builder.php","meta":{"_monsterinsights_skip_tracking":false,"_monsterinsights_sitenote_active":false,"_monsterinsights_sitenote_note":"","_monsterinsights_sitenote_category":0,"footnotes":""},"class_list":["post-2557","page","type-page","status-publish","hentry"],"aioseo_notices":[],"_links":{"self":[{"href":"https:\/\/zero-waste-project.eu\/index.php\/wp-json\/wp\/v2\/pages\/2557","targetHints":{"allow":["GET"]}}],"collection":[{"href":"https:\/\/zero-waste-project.eu\/index.php\/wp-json\/wp\/v2\/pages"}],"about":[{"href":"https:\/\/zero-waste-project.eu\/index.php\/wp-json\/wp\/v2\/types\/page"}],"author":[{"embeddable":true,"href":"https:\/\/zero-waste-project.eu\/index.php\/wp-json\/wp\/v2\/users\/1"}],"replies":[{"embeddable":true,"href":"https:\/\/zero-waste-project.eu\/index.php\/wp-json\/wp\/v2\/comments?post=2557"}],"version-history":[{"count":4,"href":"https:\/\/zero-waste-project.eu\/index.php\/wp-json\/wp\/v2\/pages\/2557\/revisions"}],"predecessor-version":[{"id":2561,"href":"https:\/\/zero-waste-project.eu\/index.php\/wp-json\/wp\/v2\/pages\/2557\/revisions\/2561"}],"wp:attachment":[{"href":"https:\/\/zero-waste-project.eu\/index.php\/wp-json\/wp\/v2\/media?parent=2557"}],"curies":[{"name":"wp","href":"https:\/\/api.w.org\/{rel}","templated":true}]}}