{"id":2566,"date":"2024-01-09T10:47:09","date_gmt":"2024-01-09T10:47:09","guid":{"rendered":"https:\/\/zero-waste-project.eu\/?page_id=2566"},"modified":"2024-01-09T11:42:33","modified_gmt":"2024-01-09T11:42:33","slug":"a-4-a-intalnire-transnationala-de-proiect-zaragoza","status":"publish","type":"page","link":"https:\/\/zero-waste-project.eu\/index.php\/ro\/a-4-a-intalnire-transnationala-de-proiect-zaragoza\/","title":{"rendered":"A 4-a \u00cent\u00e2lnire transna\u021bional\u0103 de proiect \u00a0@ Zaragoza"},"content":{"rendered":"\t\t<div data-elementor-type=\"wp-page\" data-elementor-id=\"2566\" class=\"elementor elementor-2566\">\n\t\t\t\t\t\t<section class=\"elementor-section elementor-top-section elementor-element elementor-element-296ae4e5 elementor-section-boxed elementor-section-height-default elementor-section-height-default\" data-id=\"296ae4e5\" data-element_type=\"section\" data-e-type=\"section\">\n\t\t\t\t\t\t<div class=\"elementor-container elementor-column-gap-default\">\n\t\t\t\t\t<div class=\"elementor-column elementor-col-100 elementor-top-column elementor-element elementor-element-5d6867ad\" data-id=\"5d6867ad\" data-element_type=\"column\" data-e-type=\"column\">\n\t\t\t<div class=\"elementor-widget-wrap elementor-element-populated\">\n\t\t\t\t\t\t<div class=\"elementor-element elementor-element-5b95fd1d elementor-widget elementor-widget-text-editor\" data-id=\"5b95fd1d\" data-element_type=\"widget\" data-e-type=\"widget\" data-widget_type=\"text-editor.default\">\n\t\t\t\t<div class=\"elementor-widget-container\">\n\t\t\t\t\t\t\t\t\t\n<p><strong>SPAIN 7th &#8211; 8th June 2023<\/strong><\/p>\n\t\t\t\t\t\t\t\t<\/div>\n\t\t\t\t<\/div>\n\t\t\t\t\t<\/div>\n\t\t<\/div>\n\t\t\t\t\t<\/div>\n\t\t<\/section>\n\t\t\t\t<section class=\"elementor-section elementor-top-section elementor-element elementor-element-10684c7 elementor-section-boxed elementor-section-height-default elementor-section-height-default\" data-id=\"10684c7\" data-element_type=\"section\" data-e-type=\"section\" data-settings=\"{&quot;background_background&quot;:&quot;classic&quot;}\">\n\t\t\t\t\t\t\t<div class=\"elementor-background-overlay\"><\/div>\n\t\t\t\t\t\t\t<div class=\"elementor-container elementor-column-gap-default\">\n\t\t\t\t\t<div class=\"elementor-column elementor-col-100 elementor-top-column elementor-element elementor-element-7cd524e\" data-id=\"7cd524e\" data-element_type=\"column\" data-e-type=\"column\">\n\t\t\t<div class=\"elementor-widget-wrap elementor-element-populated\">\n\t\t\t\t\t\t<div class=\"elementor-element elementor-element-c6bc635 elementor-widget elementor-widget-spacer\" data-id=\"c6bc635\" data-element_type=\"widget\" data-e-type=\"widget\" data-widget_type=\"spacer.default\">\n\t\t\t\t<div class=\"elementor-widget-container\">\n\t\t\t\t\t\t\t<div class=\"elementor-spacer\">\n\t\t\t<div class=\"elementor-spacer-inner\"><\/div>\n\t\t<\/div>\n\t\t\t\t\t\t<\/div>\n\t\t\t\t<\/div>\n\t\t\t\t<div class=\"elementor-element elementor-element-4179c9f elementor-widget elementor-widget-heading\" data-id=\"4179c9f\" data-element_type=\"widget\" data-e-type=\"widget\" data-widget_type=\"heading.default\">\n\t\t\t\t<div class=\"elementor-widget-container\">\n\t\t\t\t\t<h2 class=\"elementor-heading-title elementor-size-default\">\u00cent\u00e2lnire final\u0103 \u00een Zaragoza, Spania<\/h2>\t\t\t\t<\/div>\n\t\t\t\t<\/div>\n\t\t\t\t<div class=\"elementor-element elementor-element-c277ea8 elementor-widget elementor-widget-spacer\" data-id=\"c277ea8\" data-element_type=\"widget\" data-e-type=\"widget\" data-widget_type=\"spacer.default\">\n\t\t\t\t<div class=\"elementor-widget-container\">\n\t\t\t\t\t\t\t<div class=\"elementor-spacer\">\n\t\t\t<div class=\"elementor-spacer-inner\"><\/div>\n\t\t<\/div>\n\t\t\t\t\t\t<\/div>\n\t\t\t\t<\/div>\n\t\t\t\t\t<\/div>\n\t\t<\/div>\n\t\t\t\t\t<\/div>\n\t\t<\/section>\n\t\t\t\t<section class=\"elementor-section elementor-top-section elementor-element elementor-element-9f3e080 elementor-section-boxed elementor-section-height-default elementor-section-height-default\" data-id=\"9f3e080\" data-element_type=\"section\" data-e-type=\"section\">\n\t\t\t\t\t\t<div class=\"elementor-container elementor-column-gap-default\">\n\t\t\t\t\t<div class=\"elementor-column elementor-col-100 elementor-top-column elementor-element elementor-element-df999e3\" data-id=\"df999e3\" data-element_type=\"column\" data-e-type=\"column\">\n\t\t\t<div class=\"elementor-widget-wrap elementor-element-populated\">\n\t\t\t\t\t\t<div class=\"elementor-element elementor-element-61d7484 elementor-widget elementor-widget-spacer\" data-id=\"61d7484\" data-element_type=\"widget\" data-e-type=\"widget\" data-widget_type=\"spacer.default\">\n\t\t\t\t<div class=\"elementor-widget-container\">\n\t\t\t\t\t\t\t<div class=\"elementor-spacer\">\n\t\t\t<div class=\"elementor-spacer-inner\"><\/div>\n\t\t<\/div>\n\t\t\t\t\t\t<\/div>\n\t\t\t\t<\/div>\n\t\t\t\t<div class=\"elementor-element elementor-element-1bde854 elementor-widget elementor-widget-text-editor\" data-id=\"1bde854\" data-element_type=\"widget\" data-e-type=\"widget\" data-widget_type=\"text-editor.default\">\n\t\t\t\t<div class=\"elementor-widget-container\">\n\t\t\t\t\t\t\t\t\t<p><span style=\"font-weight: 400;\">S\u0103pt\u0103m\u00e2na trecut\u0103, organiza\u021biile partenere <\/span><i><span style=\"font-weight: 400;\">Zero Waste<\/span><\/i><span style=\"font-weight: 400;\"> au c\u0103l\u0103torit din \u021b\u0103rile lor de origine p\u00e2n\u0103 \u00een Zaragoza, Spania, pentru a patra \u0219i ultima \u00eent\u00e2lnire transna\u021bional\u0103 a proiectului. \u00cen aceast\u0103 perioad\u0103, au fost acoperi\u021bi \u0219i analiza\u021bi \u00een profunzime pa\u0219ii actuali \u0219i viitori relevan\u021bi pentru ultima perioad\u0103 de implementare a parteneriatului european.<\/span><\/p><p><span style=\"font-weight: 400;\">Cea mai nou\u0103 versiune a jocului interactiv <\/span><i><span style=\"font-weight: 400;\">Zero Waste Serious Game despre Food Waste Management<\/span><\/i><span style=\"font-weight: 400;\"> este acum disponibil\u0103 online \u0219i gata de utilizare. De\u0219i mai sunt c\u00e2teva modific\u0103ri de remediat, platforma ofer\u0103 o \u00een\u021belegere profund\u0103 a subiectului prin pove\u0219ti atractive \u0219i distractive, a\u0219a c\u0103 asigura\u021bi-v\u0103 c\u0103 arunca\u021bi o privire \u0219i fi\u021bi unul dintre primii care \u00eel testeaz\u0103. <\/span><a href=\"https:\/\/play.unity.com\/mg\/other\/zero-waste\"><span style=\"font-weight: 400;\">https:\/\/play.unity.com\/mg\/other\/zero-waste<\/span><\/a><\/p><p><span style=\"font-weight: 400;\">Mai multe detalii \u0219i informa\u021bii esen\u021biale despre <\/span><i><span style=\"font-weight: 400;\">C1 \u2013 Training, Teaching Activity<\/span><\/i><span style=\"font-weight: 400;\"> &#8211; Eveniment de formare pe termen scurt pentru profesori \/ exper\u021bi \u00een prevenirea de\u0219eurilor alimentare &#8211; au fost discutate \u00een cadrul consor\u021biului &#8211; de exemplu, grupul \u021bint\u0103, num\u0103rul de participan\u021bi \u0219i problemele care trebuie abordate. 24 de profesori\/exper\u021bi din \u021b\u0103rile implicate \u00een proiect vor avea ocazia s\u0103 afle mai multe despre proiect. Aceast\u0103 formare va oferi un set de cuno\u0219tin\u021be, abilit\u0103\u021bi \u0219i competen\u021be legate de managementul de\u0219eurilor alimentare, permi\u021b\u00e2ndu-le s\u0103 le foloseasc\u0103 pentru a forma\/educa elevii. Ei vor testa, de asemenea, materialul de formare creat \u00een cadrul proiectului, oferind o viziune critic\u0103 asupra documenta\u021biei \u0219i identific\u00e2nd posibile lacune sau dificult\u0103\u021bi \u00een aplicarea acestuia la cursan\u021bi.<\/span><\/p><p><span style=\"font-weight: 400;\">Partenerii au discutat \u0219i despre dezvoltarea produsului PR 4. Setul de instrumente nu va include doar materiale de proiect \u0219i dovezi importante din activit\u0103\u021bile de pilotare, ci \u0219i citate, m\u0103rturii \u0219i interviuri de la exper\u021bi \/ p\u0103rin\u021bi \/ elevi care au participat cel pu\u021bin la o parte a ciclului de via\u021b\u0103 al proiectului.<\/span><\/p><p><br \/><br \/><br \/><\/p><p><span style=\"font-weight: 400;\">\u00cen cele din urm\u0103, consor\u021biul a discutat, pe scurt, despre evenimentele de multiplicare ce vor avea loc \u00een octombrie. Acestea se vor organiza \u00een fiecare \u021bar\u0103 partener\u0103, iar participan\u021bii, persoane interesate de tema proiectului, vor primi detalii referitoare la obiective, activit\u0103\u021bi, impact; de asemenea, se vor disemina rezultatele proiectului.<\/span><\/p>\t\t\t\t\t\t\t\t<\/div>\n\t\t\t\t<\/div>\n\t\t\t\t<div class=\"elementor-element elementor-element-59e1104 elementor-widget elementor-widget-spacer\" data-id=\"59e1104\" data-element_type=\"widget\" data-e-type=\"widget\" data-widget_type=\"spacer.default\">\n\t\t\t\t<div class=\"elementor-widget-container\">\n\t\t\t\t\t\t\t<div class=\"elementor-spacer\">\n\t\t\t<div class=\"elementor-spacer-inner\"><\/div>\n\t\t<\/div>\n\t\t\t\t\t\t<\/div>\n\t\t\t\t<\/div>\n\t\t\t\t\t<\/div>\n\t\t<\/div>\n\t\t\t\t\t<\/div>\n\t\t<\/section>\n\t\t\t\t<section class=\"elementor-section elementor-top-section elementor-element elementor-element-1a49b30 elementor-section-boxed elementor-section-height-default elementor-section-height-default\" data-id=\"1a49b30\" data-element_type=\"section\" data-e-type=\"section\">\n\t\t\t\t\t\t<div class=\"elementor-container elementor-column-gap-default\">\n\t\t\t\t\t<div class=\"elementor-column elementor-col-33 elementor-top-column elementor-element elementor-element-70213c0\" data-id=\"70213c0\" data-element_type=\"column\" data-e-type=\"column\">\n\t\t\t<div class=\"elementor-widget-wrap elementor-element-populated\">\n\t\t\t\t\t\t<div class=\"elementor-element elementor-element-5ad0d06 elementor-widget elementor-widget-image\" data-id=\"5ad0d06\" data-element_type=\"widget\" data-e-type=\"widget\" data-widget_type=\"image.default\">\n\t\t\t\t<div class=\"elementor-widget-container\">\n\t\t\t\t\t\t\t\t\t\t\t\t\t\t\t<img decoding=\"async\" width=\"194\" height=\"42\" src=\"https:\/\/zero-waste-project.eu\/wp-content\/uploads\/2022\/04\/eu-logo-new.png\" class=\"attachment-medium size-medium wp-image-63\" alt=\"\" \/>\t\t\t\t\t\t\t\t\t\t\t\t\t\t\t<\/div>\n\t\t\t\t<\/div>\n\t\t\t\t<div class=\"elementor-element elementor-element-443b7cd elementor-widget elementor-widget-text-editor\" data-id=\"443b7cd\" data-element_type=\"widget\" data-e-type=\"widget\" data-widget_type=\"text-editor.default\">\n\t\t\t\t<div class=\"elementor-widget-container\">\n\t\t\t\t\t\t\t\t\t<p>Finan\u021bat de Uniunea European\u0103. Punctele de vedere \u0219i opiniile exprimate apar\u021bin, \u00eens\u0103, exclusiv autorului (autorilor) \u0219i nu reflect\u0103 neap\u0103rat punctele de vedere \u0219i opiniile Uniunii Europene sau ale Agen\u021biei Executive Europene pentru Educa\u021bie \u0219i Cultur\u0103 (EACEA). Nici Uniunea European\u0103 \u0219i nici EACEA nu pot fi considerate r\u0103spunz\u0103toare pentru acestea. 2021-1-RO01-KA220-SCH-000032588<\/p>\t\t\t\t\t\t\t\t<\/div>\n\t\t\t\t<\/div>\n\t\t\t\t\t<\/div>\n\t\t<\/div>\n\t\t\t\t<div class=\"elementor-column elementor-col-33 elementor-top-column elementor-element elementor-element-f6ee55d\" data-id=\"f6ee55d\" data-element_type=\"column\" data-e-type=\"column\">\n\t\t\t<div class=\"elementor-widget-wrap\">\n\t\t\t\t\t\t\t<\/div>\n\t\t<\/div>\n\t\t\t\t<div class=\"elementor-column elementor-col-33 elementor-top-column elementor-element elementor-element-7a4f9f9\" data-id=\"7a4f9f9\" data-element_type=\"column\" data-e-type=\"column\">\n\t\t\t<div class=\"elementor-widget-wrap elementor-element-populated\">\n\t\t\t\t\t\t<div class=\"elementor-element elementor-element-7eb1a5e elementor-widget elementor-widget-image\" data-id=\"7eb1a5e\" data-element_type=\"widget\" data-e-type=\"widget\" data-widget_type=\"image.default\">\n\t\t\t\t<div class=\"elementor-widget-container\">\n\t\t\t\t\t\t\t\t\t\t\t\t\t\t\t\t<a href=\"https:\/\/zero-waste-project.eu\/\">\n\t\t\t\t\t\t\t<img decoding=\"async\" width=\"80\" height=\"46\" src=\"https:\/\/zero-waste-project.eu\/wp-content\/uploads\/2022\/03\/xxsmall.png\" class=\"attachment-medium size-medium wp-image-39\" alt=\"\" \/>\t\t\t\t\t\t\t\t<\/a>\n\t\t\t\t\t\t\t\t\t\t\t\t\t\t\t<\/div>\n\t\t\t\t<\/div>\n\t\t\t\t<div class=\"elementor-element elementor-element-f4a28fe elementor-widget elementor-widget-text-editor\" data-id=\"f4a28fe\" data-element_type=\"widget\" data-e-type=\"widget\" data-widget_type=\"text-editor.default\">\n\t\t\t\t<div class=\"elementor-widget-container\">\n\t\t\t\t\t\t\t\t\t<a style=\"color: #344e41;\" href=\"https:\/\/zero-waste-project.eu\/index.php\/terms-of-use\/\" target=\"_blank\" rel=\"noopener\">Terms of Use<\/a>\t\t\t\t\t\t\t\t<\/div>\n\t\t\t\t<\/div>\n\t\t\t\t<div class=\"elementor-element elementor-element-e3f0acd elementor-shape-circle e-grid-align-right elementor-grid-0 elementor-widget elementor-widget-social-icons\" data-id=\"e3f0acd\" data-element_type=\"widget\" data-e-type=\"widget\" data-widget_type=\"social-icons.default\">\n\t\t\t\t<div class=\"elementor-widget-container\">\n\t\t\t\t\t\t\t<div class=\"elementor-social-icons-wrapper elementor-grid\" role=\"list\">\n\t\t\t\t\t\t\t<span class=\"elementor-grid-item\" role=\"listitem\">\n\t\t\t\t\t<a class=\"elementor-icon elementor-social-icon elementor-social-icon-facebook elementor-animation-grow elementor-repeater-item-ef4f15e\" href=\"https:\/\/www.facebook.com\/ZeroWasteEUProject2\/%20\" target=\"_blank\">\n\t\t\t\t\t\t<span class=\"elementor-screen-only\">Facebook<\/span>\n\t\t\t\t\t\t<i aria-hidden=\"true\" class=\"fab fa-facebook\"><\/i>\t\t\t\t\t<\/a>\n\t\t\t\t<\/span>\n\t\t\t\t\t\t\t<span class=\"elementor-grid-item\" role=\"listitem\">\n\t\t\t\t\t<a class=\"elementor-icon elementor-social-icon elementor-social-icon-instagram elementor-animation-grow elementor-repeater-item-7eeb5b3\" href=\"https:\/\/www.instagram.com\/zerowaste_projecteu\/\" target=\"_blank\">\n\t\t\t\t\t\t<span class=\"elementor-screen-only\">Instagram<\/span>\n\t\t\t\t\t\t<i aria-hidden=\"true\" class=\"fab fa-instagram\"><\/i>\t\t\t\t\t<\/a>\n\t\t\t\t<\/span>\n\t\t\t\t\t\t\t<span class=\"elementor-grid-item\" role=\"listitem\">\n\t\t\t\t\t<a class=\"elementor-icon elementor-social-icon elementor-social-icon-twitter elementor-animation-grow elementor-repeater-item-d67f1e7\" href=\"https:\/\/twitter.com\/ZeroWasteProje1\" target=\"_blank\">\n\t\t\t\t\t\t<span class=\"elementor-screen-only\">Twitter<\/span>\n\t\t\t\t\t\t<i aria-hidden=\"true\" class=\"fab fa-twitter\"><\/i>\t\t\t\t\t<\/a>\n\t\t\t\t<\/span>\n\t\t\t\t\t\t\t<span class=\"elementor-grid-item\" role=\"listitem\">\n\t\t\t\t\t<a class=\"elementor-icon elementor-social-icon elementor-social-icon-linkedin-in elementor-animation-grow elementor-repeater-item-1019605\" href=\"https:\/\/www.linkedin.com\/company\/84794263\/admin\/\" target=\"_blank\">\n\t\t\t\t\t\t<span class=\"elementor-screen-only\">Linkedin-in<\/span>\n\t\t\t\t\t\t<i aria-hidden=\"true\" class=\"fab fa-linkedin-in\"><\/i>\t\t\t\t\t<\/a>\n\t\t\t\t<\/span>\n\t\t\t\t\t<\/div>\n\t\t\t\t\t\t<\/div>\n\t\t\t\t<\/div>\n\t\t\t\t\t<\/div>\n\t\t<\/div>\n\t\t\t\t\t<\/div>\n\t\t<\/section>\n\t\t\t\t<section class=\"elementor-section elementor-top-section elementor-element elementor-element-e18e83c elementor-section-boxed elementor-section-height-default elementor-section-height-default\" data-id=\"e18e83c\" data-element_type=\"section\" data-e-type=\"section\">\n\t\t\t\t\t\t<div class=\"elementor-container elementor-column-gap-default\">\n\t\t\t\t\t<div class=\"elementor-column elementor-col-100 elementor-top-column elementor-element elementor-element-bde37ac\" data-id=\"bde37ac\" data-element_type=\"column\" data-e-type=\"column\">\n\t\t\t<div class=\"elementor-widget-wrap elementor-element-populated\">\n\t\t\t\t\t\t<div class=\"elementor-element elementor-element-961bf59 elementor-widget-divider--view-line elementor-widget elementor-widget-divider\" data-id=\"961bf59\" data-element_type=\"widget\" data-e-type=\"widget\" data-widget_type=\"divider.default\">\n\t\t\t\t<div class=\"elementor-widget-container\">\n\t\t\t\t\t\t\t<div class=\"elementor-divider\">\n\t\t\t<span class=\"elementor-divider-separator\">\n\t\t\t\t\t\t<\/span>\n\t\t<\/div>\n\t\t\t\t\t\t<\/div>\n\t\t\t\t<\/div>\n\t\t\t\t\t<\/div>\n\t\t<\/div>\n\t\t\t\t\t<\/div>\n\t\t<\/section>\n\t\t\t\t<section class=\"elementor-section elementor-top-section elementor-element elementor-element-ec2d76c elementor-section-boxed elementor-section-height-default elementor-section-height-default\" data-id=\"ec2d76c\" data-element_type=\"section\" data-e-type=\"section\">\n\t\t\t\t\t\t<div class=\"elementor-container elementor-column-gap-default\">\n\t\t\t\t\t<div class=\"elementor-column elementor-col-33 elementor-top-column elementor-element elementor-element-ab8514b\" data-id=\"ab8514b\" data-element_type=\"column\" data-e-type=\"column\">\n\t\t\t<div class=\"elementor-widget-wrap elementor-element-populated\">\n\t\t\t\t\t\t<div class=\"elementor-element elementor-element-767d1e6 elementor-widget elementor-widget-text-editor\" data-id=\"767d1e6\" data-element_type=\"widget\" data-e-type=\"widget\" data-widget_type=\"text-editor.default\">\n\t\t\t\t<div class=\"elementor-widget-container\">\n\t\t\t\t\t\t\t\t\t<p>Copyright \u00a9 2022 Zero Waste. All Rights Reserved.<\/p>\t\t\t\t\t\t\t\t<\/div>\n\t\t\t\t<\/div>\n\t\t\t\t\t<\/div>\n\t\t<\/div>\n\t\t\t\t<div class=\"elementor-column elementor-col-33 elementor-top-column elementor-element elementor-element-6418717\" data-id=\"6418717\" data-element_type=\"column\" data-e-type=\"column\">\n\t\t\t<div class=\"elementor-widget-wrap\">\n\t\t\t\t\t\t\t<\/div>\n\t\t<\/div>\n\t\t\t\t<div class=\"elementor-column elementor-col-33 elementor-top-column elementor-element elementor-element-36892c4\" data-id=\"36892c4\" data-element_type=\"column\" data-e-type=\"column\">\n\t\t\t<div class=\"elementor-widget-wrap elementor-element-populated\">\n\t\t\t\t\t\t<div class=\"elementor-element elementor-element-d670110 elementor-widget elementor-widget-text-editor\" data-id=\"d670110\" data-element_type=\"widget\" data-e-type=\"widget\" data-widget_type=\"text-editor.default\">\n\t\t\t\t<div class=\"elementor-widget-container\">\n\t\t\t\t\t\t\t\t\t<span style=\"color: #797979; text-align: left;\">Powered by\u00a0<\/span><a style=\"color: #797979; text-align: right;\" href=\"https:\/\/innovationhive.eu\/\" target=\"_blank\" rel=\"noopener\">Innovation Hive<\/a>\t\t\t\t\t\t\t\t<\/div>\n\t\t\t\t<\/div>\n\t\t\t\t\t<\/div>\n\t\t<\/div>\n\t\t\t\t\t<\/div>\n\t\t<\/section>\n\t\t\t\t<\/div>\n\t\t","protected":false},"excerpt":{"rendered":"<p>SPAIN 7th &#8211; 8th June 2023 \u00cent\u00e2lnire final\u0103 \u00een Zaragoza, Spania S\u0103pt\u0103m\u00e2na trecut\u0103, organiza\u021biile partenere Zero Waste au c\u0103l\u0103torit din [&hellip;]<\/p>\n","protected":false},"author":1,"featured_media":0,"parent":0,"menu_order":0,"comment_status":"closed","ping_status":"closed","template":"page-templates\/template_page-builder.php","meta":{"_monsterinsights_skip_tracking":false,"_monsterinsights_sitenote_active":false,"_monsterinsights_sitenote_note":"","_monsterinsights_sitenote_category":0,"footnotes":""},"class_list":["post-2566","page","type-page","status-publish","hentry"],"aioseo_notices":[],"_links":{"self":[{"href":"https:\/\/zero-waste-project.eu\/index.php\/wp-json\/wp\/v2\/pages\/2566","targetHints":{"allow":["GET"]}}],"collection":[{"href":"https:\/\/zero-waste-project.eu\/index.php\/wp-json\/wp\/v2\/pages"}],"about":[{"href":"https:\/\/zero-waste-project.eu\/index.php\/wp-json\/wp\/v2\/types\/page"}],"author":[{"embeddable":true,"href":"https:\/\/zero-waste-project.eu\/index.php\/wp-json\/wp\/v2\/users\/1"}],"replies":[{"embeddable":true,"href":"https:\/\/zero-waste-project.eu\/index.php\/wp-json\/wp\/v2\/comments?post=2566"}],"version-history":[{"count":7,"href":"https:\/\/zero-waste-project.eu\/index.php\/wp-json\/wp\/v2\/pages\/2566\/revisions"}],"predecessor-version":[{"id":2579,"href":"https:\/\/zero-waste-project.eu\/index.php\/wp-json\/wp\/v2\/pages\/2566\/revisions\/2579"}],"wp:attachment":[{"href":"https:\/\/zero-waste-project.eu\/index.php\/wp-json\/wp\/v2\/media?parent=2566"}],"curies":[{"name":"wp","href":"https:\/\/api.w.org\/{rel}","templated":true}]}}