{"id":596,"date":"2022-06-01T09:48:22","date_gmt":"2022-06-01T09:48:22","guid":{"rendered":"https:\/\/zero-waste-project.eu\/?page_id=596"},"modified":"2023-11-09T14:58:20","modified_gmt":"2023-11-09T14:58:20","slug":"project-ro","status":"publish","type":"page","link":"https:\/\/zero-waste-project.eu\/index.php\/ro\/project-ro\/","title":{"rendered":"PROIECT"},"content":{"rendered":"\t\t<div data-elementor-type=\"wp-page\" data-elementor-id=\"596\" class=\"elementor elementor-596\">\n\t\t\t\t\t\t<section class=\"elementor-section elementor-top-section elementor-element elementor-element-e501b0a elementor-section-boxed elementor-section-height-default elementor-section-height-default\" data-id=\"e501b0a\" data-element_type=\"section\" data-e-type=\"section\" data-settings=\"{&quot;background_background&quot;:&quot;classic&quot;}\">\n\t\t\t\t\t\t\t<div class=\"elementor-background-overlay\"><\/div>\n\t\t\t\t\t\t\t<div class=\"elementor-container elementor-column-gap-default\">\n\t\t\t\t\t<div class=\"elementor-column elementor-col-100 elementor-top-column elementor-element elementor-element-3aeef27\" data-id=\"3aeef27\" data-element_type=\"column\" data-e-type=\"column\">\n\t\t\t<div class=\"elementor-widget-wrap elementor-element-populated\">\n\t\t\t\t\t\t<div class=\"elementor-element elementor-element-67ad253 elementor-widget elementor-widget-spacer\" data-id=\"67ad253\" data-element_type=\"widget\" data-e-type=\"widget\" data-widget_type=\"spacer.default\">\n\t\t\t\t<div class=\"elementor-widget-container\">\n\t\t\t\t\t\t\t<div class=\"elementor-spacer\">\n\t\t\t<div class=\"elementor-spacer-inner\"><\/div>\n\t\t<\/div>\n\t\t\t\t\t\t<\/div>\n\t\t\t\t<\/div>\n\t\t\t\t<div class=\"elementor-element elementor-element-b30ce79 elementor-widget elementor-widget-heading\" data-id=\"b30ce79\" data-element_type=\"widget\" data-e-type=\"widget\" data-widget_type=\"heading.default\">\n\t\t\t\t<div class=\"elementor-widget-container\">\n\t\t\t\t\t<h1 class=\"elementor-heading-title elementor-size-default\">Proiectul<\/h1>\t\t\t\t<\/div>\n\t\t\t\t<\/div>\n\t\t\t\t<div class=\"elementor-element elementor-element-274fa2a elementor-widget elementor-widget-spacer\" data-id=\"274fa2a\" data-element_type=\"widget\" data-e-type=\"widget\" data-widget_type=\"spacer.default\">\n\t\t\t\t<div class=\"elementor-widget-container\">\n\t\t\t\t\t\t\t<div class=\"elementor-spacer\">\n\t\t\t<div class=\"elementor-spacer-inner\"><\/div>\n\t\t<\/div>\n\t\t\t\t\t\t<\/div>\n\t\t\t\t<\/div>\n\t\t\t\t<section class=\"elementor-section elementor-inner-section elementor-element elementor-element-eda5fcc elementor-section-boxed elementor-section-height-default elementor-section-height-default\" data-id=\"eda5fcc\" data-element_type=\"section\" data-e-type=\"section\" data-settings=\"{&quot;background_background&quot;:&quot;classic&quot;}\">\n\t\t\t\t\t\t<div class=\"elementor-container elementor-column-gap-default\">\n\t\t\t\t\t<div class=\"elementor-column elementor-col-100 elementor-inner-column elementor-element elementor-element-d43a10e\" data-id=\"d43a10e\" data-element_type=\"column\" data-e-type=\"column\">\n\t\t\t<div class=\"elementor-widget-wrap elementor-element-populated\">\n\t\t\t\t\t\t<div class=\"elementor-element elementor-element-643470d elementor-widget elementor-widget-heading\" data-id=\"643470d\" data-element_type=\"widget\" data-e-type=\"widget\" data-widget_type=\"heading.default\">\n\t\t\t\t<div class=\"elementor-widget-container\">\n\t\t\t\t\t<h3 class=\"elementor-heading-title elementor-size-default\">Descrierea proiectului<\/h3>\t\t\t\t<\/div>\n\t\t\t\t<\/div>\n\t\t\t\t<div class=\"elementor-element elementor-element-4531a58 elementor-widget elementor-widget-spacer\" data-id=\"4531a58\" data-element_type=\"widget\" data-e-type=\"widget\" data-widget_type=\"spacer.default\">\n\t\t\t\t<div class=\"elementor-widget-container\">\n\t\t\t\t\t\t\t<div class=\"elementor-spacer\">\n\t\t\t<div class=\"elementor-spacer-inner\"><\/div>\n\t\t<\/div>\n\t\t\t\t\t\t<\/div>\n\t\t\t\t<\/div>\n\t\t\t\t<div class=\"elementor-element elementor-element-96b59c7 elementor-widget elementor-widget-text-editor\" data-id=\"96b59c7\" data-element_type=\"widget\" data-e-type=\"widget\" data-widget_type=\"text-editor.default\">\n\t\t\t\t<div class=\"elementor-widget-container\">\n\t\t\t\t\t\t\t\t\t<p>Politicile recente ale UE urm\u0103resc s\u0103 protejeze mediul \u0219i s\u0103 reduc\u0103 la minimum riscurile legate de mediu, s\u0103n\u0103tatea uman\u0103 \u0219i biodiversitate. Acordul ecologic european, prezentat \u00een decembrie 2019, \u00ee\u0219i propune s\u0103 fac\u0103 din Europa primul continent neutru din punct de vedere climatic, par\u021bial prin dezvoltarea de surse mai curate de energie \u0219i tehnologii \u201everzi\u201d. Cu toate acestea, o problem\u0103 care trebuie abordat\u0103 este risipa alimentar\u0103.<\/p><p>Potrivit sondajelor, \u00een fiecare an aproximativ 1\/3 din alimentele destinate consumului uman (1,3 miliarde de tone) ajung \u00een gropile de gunoi \u00eempreun\u0103 cu energia, apa \u0219i substan\u021bele chimice care au fost folosite pentru producerea \u0219i eliminarea acestora. Risipa de alimente nu este doar o problem\u0103 etic\u0103 \u0219i economic\u0103, ci provoac\u0103 \u0219i o diminuare a resurselor naturale.<\/p><p>Cea mai bun\u0103 modalitate de a preveni risipa alimentar\u0103 este de a educa, inspira \u0219i \u00eencuraja publicul \u0219i mai ales genera\u021biile tinere s\u0103 ia m\u0103suri. Elevii, \u00een calitate de genera\u021bie viitoare, sunt cei mai importan\u021bi oameni la care trebuie s\u0103 se ajung\u0103 atunci c\u00e2nd se \u00eencearc\u0103 schimb\u0103ri majore de comportament. Mai precis, elevii (noua genera\u021bie), cu ajutorul \u0219colii \u0219i al profesorilor, ar putea juca un rol semnificativ \u00een reducerea risipei alimentare.<\/p><p>Abord\u00e2nd aceast\u0103 problem\u0103, strategia Erasmus+ KA2 a dat na\u0219tere proiectului \u201eZero Waste: O abordare inovativ\u0103 a managementului risipei alimentare pentru a educa tinerii s\u0103 pre\u021buiasc\u0103 alimentele \u0219i s\u0103 reduc\u0103 risipa acestora\u201d. Scopul principal al proiectului \u201eZero Waste\u201d este informarea \u0219i con\u0219tientizarea cadrelor didactice, prin intermediul unor sesiuni de formare , cu privire la consecin\u021bele sociale, ecologice \u0219i financiare ale risipei de hran\u0103, precum \u0219i cu privire la cele mai bune practici de reducere a acestei risipe. Profesorii vor avea posibilitatea de utiliza suportul de curs referitor la risipa alimentar\u0103 la clas\u0103, pentru a cre\u0219te gradul de con\u0219tientizare \u0219i pentru a transmite cuno\u0219tin\u021be elevilor lor. Procesul educa\u021bional se va desf\u0103\u0219ura mai eficient printr-un curs de formare \u0219i materiale inovative, \u00eempreun\u0103 cu dezvoltarea unei platforme de e-learning \u0219i printr-un joc didactic. Scopul final al acestui proiect este ca, at\u00e2t cadrele didactice, c\u00e2t \u0219i elevii (\u0219i ca urmare familiile lor) s\u0103 ac\u021bioneze ca transmi\u021b\u0103tori pentru un nou mod de via\u021b\u0103 bazat pe economia ciclic\u0103, gestionarea adecvat\u0103 a consumului zilnic de alimente \u0219i eliminarea risipei alimentare, av\u00e2nd ca motto \u201eutiliza\u021bi cu \u00een\u021belepciune, reduce\u021bi, recicla\u021bi\u201d.<\/p>\t\t\t\t\t\t\t\t<\/div>\n\t\t\t\t<\/div>\n\t\t\t\t\t<\/div>\n\t\t<\/div>\n\t\t\t\t\t<\/div>\n\t\t<\/section>\n\t\t\t\t<div class=\"elementor-element elementor-element-334ecec elementor-widget elementor-widget-spacer\" data-id=\"334ecec\" data-element_type=\"widget\" data-e-type=\"widget\" data-widget_type=\"spacer.default\">\n\t\t\t\t<div class=\"elementor-widget-container\">\n\t\t\t\t\t\t\t<div class=\"elementor-spacer\">\n\t\t\t<div class=\"elementor-spacer-inner\"><\/div>\n\t\t<\/div>\n\t\t\t\t\t\t<\/div>\n\t\t\t\t<\/div>\n\t\t\t\t<div class=\"elementor-element elementor-element-f6b4b9b elementor-widget elementor-widget-heading\" data-id=\"f6b4b9b\" data-element_type=\"widget\" data-e-type=\"widget\" data-widget_type=\"heading.default\">\n\t\t\t\t<div class=\"elementor-widget-container\">\n\t\t\t\t\t<h3 class=\"elementor-heading-title elementor-size-default\">Impact<\/h3>\t\t\t\t<\/div>\n\t\t\t\t<\/div>\n\t\t\t\t<div class=\"elementor-element elementor-element-35c6e93 elementor-widget elementor-widget-spacer\" data-id=\"35c6e93\" data-element_type=\"widget\" data-e-type=\"widget\" data-widget_type=\"spacer.default\">\n\t\t\t\t<div class=\"elementor-widget-container\">\n\t\t\t\t\t\t\t<div class=\"elementor-spacer\">\n\t\t\t<div class=\"elementor-spacer-inner\"><\/div>\n\t\t<\/div>\n\t\t\t\t\t\t<\/div>\n\t\t\t\t<\/div>\n\t\t\t\t<section class=\"elementor-section elementor-inner-section elementor-element elementor-element-8939b30 elementor-section-boxed elementor-section-height-default elementor-section-height-default\" data-id=\"8939b30\" data-element_type=\"section\" data-e-type=\"section\">\n\t\t\t\t\t\t<div class=\"elementor-container elementor-column-gap-default\">\n\t\t\t\t\t<div class=\"elementor-column elementor-col-33 elementor-inner-column elementor-element elementor-element-4f1a975\" data-id=\"4f1a975\" data-element_type=\"column\" data-e-type=\"column\">\n\t\t\t<div class=\"elementor-widget-wrap elementor-element-populated\">\n\t\t\t\t\t\t<div class=\"elementor-element elementor-element-51816bc elementor-widget elementor-widget-text-editor\" data-id=\"51816bc\" data-element_type=\"widget\" data-e-type=\"widget\" data-widget_type=\"text-editor.default\">\n\t\t\t\t<div class=\"elementor-widget-container\">\n\t\t\t\t\t\t\t\t\t<p>Zero Waste \u00ee\u0219i propune s\u0103 consolideze agenda european\u0103 pentru protec\u021bia mediului nu doar prin educarea beneficiarilor cu privire la importan\u021ba \u0219i consecin\u021bele risipei alimentare, ci \u0219i f\u0103c\u00e2ndu-i participan\u021bi activi la metode educa\u021bionale inovative. Cea mai mare realizare a acestui proiect este con\u0219tinetizarea \u0219i educarea \u00een problemele de mediu, gestionarea alimentelor \u0219i a de\u0219eurilor printr-un curs de instruire \u0219i materiale inovatoare, \u00eempreun\u0103 cu dezvoltarea unei platforme de e-learning \u0219i a unui joc educa\u021bional. Mai mult dec\u00e2t at\u00e2t, setul de instrumente care vizeaz\u0103 cre\u0219terea gradului de con\u0219tientizare a elevilor, profesorilor, personalului didactic auxiliar \u0219i nedidactic, respectiv al familiilor din care provin elevii cu privire la problemele legate de risipa alimentar\u0103 \u0219i introducerea de bune practici care sunt favorabile pentru reducerea risipei alimentare vor avea un impact pe termen lung \u0219i contribuie la prevenirea \u0219i reducerea risipei de alimente, deoarece reducerea risipei alimentare \u00eenseamn\u0103 mai mult\u0103 hran\u0103 pentru to\u021bi, mai pu\u021bine emisii de gaze cu efect de ser\u0103, mai pu\u021bin\u0103 presiune asupra mediului \u0219i cre\u0219terea productivit\u0103\u021bii \u0219i a economiei.<\/p>\t\t\t\t\t\t\t\t<\/div>\n\t\t\t\t<\/div>\n\t\t\t\t\t<\/div>\n\t\t<\/div>\n\t\t\t\t<div class=\"elementor-column elementor-col-33 elementor-inner-column elementor-element elementor-element-3955eac\" data-id=\"3955eac\" data-element_type=\"column\" data-e-type=\"column\">\n\t\t\t<div class=\"elementor-widget-wrap\">\n\t\t\t\t\t\t\t<\/div>\n\t\t<\/div>\n\t\t\t\t<div class=\"elementor-column elementor-col-33 elementor-inner-column elementor-element elementor-element-1628d7a\" data-id=\"1628d7a\" data-element_type=\"column\" data-e-type=\"column\">\n\t\t\t<div class=\"elementor-widget-wrap elementor-element-populated\">\n\t\t\t\t\t\t<div class=\"elementor-element elementor-element-57343f2 elementor-widget elementor-widget-image\" data-id=\"57343f2\" data-element_type=\"widget\" data-e-type=\"widget\" data-widget_type=\"image.default\">\n\t\t\t\t<div class=\"elementor-widget-container\">\n\t\t\t\t\t\t\t\t\t\t\t\t\t\t\t<img fetchpriority=\"high\" decoding=\"async\" width=\"225\" height=\"300\" src=\"https:\/\/zero-waste-project.eu\/wp-content\/uploads\/2022\/04\/sophia-marston-bZI7Wj_KoWw-unsplash-225x300.jpg\" class=\"attachment-medium size-medium wp-image-92\" alt=\"\" srcset=\"https:\/\/zero-waste-project.eu\/wp-content\/uploads\/2022\/04\/sophia-marston-bZI7Wj_KoWw-unsplash-225x300.jpg 225w, https:\/\/zero-waste-project.eu\/wp-content\/uploads\/2022\/04\/sophia-marston-bZI7Wj_KoWw-unsplash-768x1024.jpg 768w, https:\/\/zero-waste-project.eu\/wp-content\/uploads\/2022\/04\/sophia-marston-bZI7Wj_KoWw-unsplash-1152x1536.jpg 1152w, https:\/\/zero-waste-project.eu\/wp-content\/uploads\/2022\/04\/sophia-marston-bZI7Wj_KoWw-unsplash-1536x2048.jpg 1536w, https:\/\/zero-waste-project.eu\/wp-content\/uploads\/2022\/04\/sophia-marston-bZI7Wj_KoWw-unsplash-720x960.jpg 720w, https:\/\/zero-waste-project.eu\/wp-content\/uploads\/2022\/04\/sophia-marston-bZI7Wj_KoWw-unsplash-scaled.jpg 1920w\" sizes=\"(max-width: 225px) 100vw, 225px\" \/>\t\t\t\t\t\t\t\t\t\t\t\t\t\t\t<\/div>\n\t\t\t\t<\/div>\n\t\t\t\t\t<\/div>\n\t\t<\/div>\n\t\t\t\t\t<\/div>\n\t\t<\/section>\n\t\t\t\t<section class=\"elementor-section elementor-inner-section elementor-element elementor-element-4d53903 elementor-section-boxed elementor-section-height-default elementor-section-height-default\" data-id=\"4d53903\" data-element_type=\"section\" data-e-type=\"section\">\n\t\t\t\t\t\t<div class=\"elementor-container elementor-column-gap-default\">\n\t\t\t\t\t<div class=\"elementor-column elementor-col-100 elementor-inner-column elementor-element elementor-element-fba5943\" data-id=\"fba5943\" data-element_type=\"column\" data-e-type=\"column\">\n\t\t\t<div class=\"elementor-widget-wrap elementor-element-populated\">\n\t\t\t\t\t\t<div class=\"elementor-element elementor-element-7bc234a elementor-widget elementor-widget-spacer\" data-id=\"7bc234a\" data-element_type=\"widget\" data-e-type=\"widget\" data-widget_type=\"spacer.default\">\n\t\t\t\t<div class=\"elementor-widget-container\">\n\t\t\t\t\t\t\t<div class=\"elementor-spacer\">\n\t\t\t<div class=\"elementor-spacer-inner\"><\/div>\n\t\t<\/div>\n\t\t\t\t\t\t<\/div>\n\t\t\t\t<\/div>\n\t\t\t\t\t<\/div>\n\t\t<\/div>\n\t\t\t\t\t<\/div>\n\t\t<\/section>\n\t\t\t\t\t<\/div>\n\t\t<\/div>\n\t\t\t\t\t<\/div>\n\t\t<\/section>\n\t\t\t\t<section class=\"elementor-section elementor-top-section elementor-element elementor-element-64ca6544 elementor-section-boxed elementor-section-height-default elementor-section-height-default\" data-id=\"64ca6544\" data-element_type=\"section\" data-e-type=\"section\">\n\t\t\t\t\t\t<div class=\"elementor-container elementor-column-gap-default\">\n\t\t\t\t\t<div class=\"elementor-column elementor-col-100 elementor-top-column elementor-element elementor-element-5d4519e\" data-id=\"5d4519e\" data-element_type=\"column\" data-e-type=\"column\">\n\t\t\t<div class=\"elementor-widget-wrap elementor-element-populated\">\n\t\t\t\t\t\t<div class=\"elementor-element elementor-element-7e578b06 elementor-widget elementor-widget-spacer\" data-id=\"7e578b06\" data-element_type=\"widget\" data-e-type=\"widget\" data-widget_type=\"spacer.default\">\n\t\t\t\t<div class=\"elementor-widget-container\">\n\t\t\t\t\t\t\t<div class=\"elementor-spacer\">\n\t\t\t<div class=\"elementor-spacer-inner\"><\/div>\n\t\t<\/div>\n\t\t\t\t\t\t<\/div>\n\t\t\t\t<\/div>\n\t\t\t\t\t<\/div>\n\t\t<\/div>\n\t\t\t\t\t<\/div>\n\t\t<\/section>\n\t\t\t\t<section class=\"elementor-section elementor-top-section elementor-element elementor-element-452c6240 elementor-section-boxed elementor-section-height-default elementor-section-height-default\" data-id=\"452c6240\" data-element_type=\"section\" data-e-type=\"section\">\n\t\t\t\t\t\t<div class=\"elementor-container elementor-column-gap-default\">\n\t\t\t\t\t<div class=\"elementor-column elementor-col-33 elementor-top-column elementor-element elementor-element-62ab27e9\" data-id=\"62ab27e9\" data-element_type=\"column\" data-e-type=\"column\">\n\t\t\t<div class=\"elementor-widget-wrap elementor-element-populated\">\n\t\t\t\t\t\t<div class=\"elementor-element elementor-element-134637f elementor-widget elementor-widget-image\" data-id=\"134637f\" data-element_type=\"widget\" data-e-type=\"widget\" data-widget_type=\"image.default\">\n\t\t\t\t<div class=\"elementor-widget-container\">\n\t\t\t\t\t\t\t\t\t\t\t\t\t\t\t<img decoding=\"async\" width=\"194\" height=\"42\" src=\"https:\/\/zero-waste-project.eu\/wp-content\/uploads\/2022\/04\/eu-logo-new.png\" class=\"attachment-medium size-medium wp-image-63\" alt=\"\" \/>\t\t\t\t\t\t\t\t\t\t\t\t\t\t\t<\/div>\n\t\t\t\t<\/div>\n\t\t\t\t<div class=\"elementor-element elementor-element-ba66c85 elementor-widget elementor-widget-text-editor\" data-id=\"ba66c85\" data-element_type=\"widget\" data-e-type=\"widget\" data-widget_type=\"text-editor.default\">\n\t\t\t\t<div class=\"elementor-widget-container\">\n\t\t\t\t\t\t\t\t\t<p>Finan\u021bat de Uniunea European\u0103. Punctele de vedere \u0219i opiniile exprimate apar\u021bin, \u00eens\u0103, exclusiv autorului (autorilor) \u0219i nu reflect\u0103 neap\u0103rat punctele de vedere \u0219i opiniile Uniunii Europene sau ale Agen\u021biei Executive Europene pentru Educa\u021bie \u0219i Cultur\u0103 (EACEA). Nici Uniunea European\u0103 \u0219i nici EACEA nu pot fi considerate r\u0103spunz\u0103toare pentru acestea. 2021-1-RO01-KA220-SCH-000032588<\/p>\t\t\t\t\t\t\t\t<\/div>\n\t\t\t\t<\/div>\n\t\t\t\t\t<\/div>\n\t\t<\/div>\n\t\t\t\t<div class=\"elementor-column elementor-col-33 elementor-top-column elementor-element elementor-element-3952ad6e\" data-id=\"3952ad6e\" data-element_type=\"column\" data-e-type=\"column\">\n\t\t\t<div class=\"elementor-widget-wrap\">\n\t\t\t\t\t\t\t<\/div>\n\t\t<\/div>\n\t\t\t\t<div class=\"elementor-column elementor-col-33 elementor-top-column elementor-element elementor-element-9876728\" data-id=\"9876728\" data-element_type=\"column\" data-e-type=\"column\">\n\t\t\t<div class=\"elementor-widget-wrap elementor-element-populated\">\n\t\t\t\t\t\t<div class=\"elementor-element elementor-element-46c92a88 elementor-widget elementor-widget-image\" data-id=\"46c92a88\" data-element_type=\"widget\" data-e-type=\"widget\" data-widget_type=\"image.default\">\n\t\t\t\t<div class=\"elementor-widget-container\">\n\t\t\t\t\t\t\t\t\t\t\t\t\t\t\t\t<a href=\"https:\/\/zero-waste-project.eu\/\">\n\t\t\t\t\t\t\t<img decoding=\"async\" width=\"80\" height=\"46\" src=\"https:\/\/zero-waste-project.eu\/wp-content\/uploads\/2022\/03\/xxsmall.png\" class=\"attachment-medium size-medium wp-image-39\" alt=\"\" \/>\t\t\t\t\t\t\t\t<\/a>\n\t\t\t\t\t\t\t\t\t\t\t\t\t\t\t<\/div>\n\t\t\t\t<\/div>\n\t\t\t\t<div class=\"elementor-element elementor-element-4bb16043 elementor-widget elementor-widget-text-editor\" data-id=\"4bb16043\" data-element_type=\"widget\" data-e-type=\"widget\" data-widget_type=\"text-editor.default\">\n\t\t\t\t<div class=\"elementor-widget-container\">\n\t\t\t\t\t\t\t\t\t<a style=\"color: #344e41;\" href=\"https:\/\/zero-waste-project.eu\/index.php\/terms-of-use\/\" target=\"_blank\" rel=\"noopener\">Terms of Use<\/a>\t\t\t\t\t\t\t\t<\/div>\n\t\t\t\t<\/div>\n\t\t\t\t<div class=\"elementor-element elementor-element-75f77f89 elementor-shape-circle e-grid-align-right elementor-grid-0 elementor-widget elementor-widget-social-icons\" data-id=\"75f77f89\" data-element_type=\"widget\" data-e-type=\"widget\" data-widget_type=\"social-icons.default\">\n\t\t\t\t<div class=\"elementor-widget-container\">\n\t\t\t\t\t\t\t<div class=\"elementor-social-icons-wrapper elementor-grid\" role=\"list\">\n\t\t\t\t\t\t\t<span class=\"elementor-grid-item\" role=\"listitem\">\n\t\t\t\t\t<a class=\"elementor-icon elementor-social-icon elementor-social-icon-facebook elementor-animation-grow elementor-repeater-item-ef4f15e\" href=\"https:\/\/www.facebook.com\/ZeroWasteEUProject2\/%20\" target=\"_blank\">\n\t\t\t\t\t\t<span class=\"elementor-screen-only\">Facebook<\/span>\n\t\t\t\t\t\t<i aria-hidden=\"true\" class=\"fab fa-facebook\"><\/i>\t\t\t\t\t<\/a>\n\t\t\t\t<\/span>\n\t\t\t\t\t\t\t<span class=\"elementor-grid-item\" role=\"listitem\">\n\t\t\t\t\t<a class=\"elementor-icon elementor-social-icon elementor-social-icon-instagram elementor-animation-grow elementor-repeater-item-7eeb5b3\" href=\"https:\/\/www.instagram.com\/zerowaste_projecteu\/\" target=\"_blank\">\n\t\t\t\t\t\t<span class=\"elementor-screen-only\">Instagram<\/span>\n\t\t\t\t\t\t<i aria-hidden=\"true\" class=\"fab fa-instagram\"><\/i>\t\t\t\t\t<\/a>\n\t\t\t\t<\/span>\n\t\t\t\t\t\t\t<span class=\"elementor-grid-item\" role=\"listitem\">\n\t\t\t\t\t<a class=\"elementor-icon elementor-social-icon elementor-social-icon-twitter elementor-animation-grow elementor-repeater-item-d67f1e7\" href=\"https:\/\/twitter.com\/ZeroWasteProje1\" target=\"_blank\">\n\t\t\t\t\t\t<span class=\"elementor-screen-only\">Twitter<\/span>\n\t\t\t\t\t\t<i aria-hidden=\"true\" class=\"fab fa-twitter\"><\/i>\t\t\t\t\t<\/a>\n\t\t\t\t<\/span>\n\t\t\t\t\t\t\t<span class=\"elementor-grid-item\" role=\"listitem\">\n\t\t\t\t\t<a class=\"elementor-icon elementor-social-icon elementor-social-icon-linkedin-in elementor-animation-grow elementor-repeater-item-1019605\" href=\"https:\/\/www.linkedin.com\/company\/84794263\/admin\/\" target=\"_blank\">\n\t\t\t\t\t\t<span class=\"elementor-screen-only\">Linkedin-in<\/span>\n\t\t\t\t\t\t<i aria-hidden=\"true\" class=\"fab fa-linkedin-in\"><\/i>\t\t\t\t\t<\/a>\n\t\t\t\t<\/span>\n\t\t\t\t\t<\/div>\n\t\t\t\t\t\t<\/div>\n\t\t\t\t<\/div>\n\t\t\t\t\t<\/div>\n\t\t<\/div>\n\t\t\t\t\t<\/div>\n\t\t<\/section>\n\t\t\t\t<section class=\"elementor-section elementor-top-section elementor-element elementor-element-48fa05e8 elementor-section-boxed elementor-section-height-default elementor-section-height-default\" data-id=\"48fa05e8\" data-element_type=\"section\" data-e-type=\"section\">\n\t\t\t\t\t\t<div class=\"elementor-container elementor-column-gap-default\">\n\t\t\t\t\t<div class=\"elementor-column elementor-col-100 elementor-top-column elementor-element elementor-element-722f6a56\" data-id=\"722f6a56\" data-element_type=\"column\" data-e-type=\"column\">\n\t\t\t<div class=\"elementor-widget-wrap elementor-element-populated\">\n\t\t\t\t\t\t<div class=\"elementor-element elementor-element-33e004ad elementor-widget-divider--view-line elementor-widget elementor-widget-divider\" data-id=\"33e004ad\" data-element_type=\"widget\" data-e-type=\"widget\" data-widget_type=\"divider.default\">\n\t\t\t\t<div class=\"elementor-widget-container\">\n\t\t\t\t\t\t\t<div class=\"elementor-divider\">\n\t\t\t<span class=\"elementor-divider-separator\">\n\t\t\t\t\t\t<\/span>\n\t\t<\/div>\n\t\t\t\t\t\t<\/div>\n\t\t\t\t<\/div>\n\t\t\t\t\t<\/div>\n\t\t<\/div>\n\t\t\t\t\t<\/div>\n\t\t<\/section>\n\t\t\t\t<section class=\"elementor-section elementor-top-section elementor-element elementor-element-4430939a elementor-section-boxed elementor-section-height-default elementor-section-height-default\" data-id=\"4430939a\" data-element_type=\"section\" data-e-type=\"section\">\n\t\t\t\t\t\t<div class=\"elementor-container elementor-column-gap-default\">\n\t\t\t\t\t<div class=\"elementor-column elementor-col-33 elementor-top-column elementor-element elementor-element-4382a4f\" data-id=\"4382a4f\" data-element_type=\"column\" data-e-type=\"column\">\n\t\t\t<div class=\"elementor-widget-wrap elementor-element-populated\">\n\t\t\t\t\t\t<div class=\"elementor-element elementor-element-4b307482 elementor-widget elementor-widget-text-editor\" data-id=\"4b307482\" data-element_type=\"widget\" data-e-type=\"widget\" data-widget_type=\"text-editor.default\">\n\t\t\t\t<div class=\"elementor-widget-container\">\n\t\t\t\t\t\t\t\t\t<p>Copyright \u00a9 2022 Zero Waste. All Rights Reserved.<\/p>\t\t\t\t\t\t\t\t<\/div>\n\t\t\t\t<\/div>\n\t\t\t\t\t<\/div>\n\t\t<\/div>\n\t\t\t\t<div class=\"elementor-column elementor-col-33 elementor-top-column elementor-element elementor-element-70023399\" data-id=\"70023399\" data-element_type=\"column\" data-e-type=\"column\">\n\t\t\t<div class=\"elementor-widget-wrap\">\n\t\t\t\t\t\t\t<\/div>\n\t\t<\/div>\n\t\t\t\t<div class=\"elementor-column elementor-col-33 elementor-top-column elementor-element elementor-element-472d636e\" data-id=\"472d636e\" data-element_type=\"column\" data-e-type=\"column\">\n\t\t\t<div class=\"elementor-widget-wrap elementor-element-populated\">\n\t\t\t\t\t\t<div class=\"elementor-element elementor-element-35c8a0fd elementor-widget elementor-widget-text-editor\" data-id=\"35c8a0fd\" data-element_type=\"widget\" data-e-type=\"widget\" data-widget_type=\"text-editor.default\">\n\t\t\t\t<div class=\"elementor-widget-container\">\n\t\t\t\t\t\t\t\t\t<span style=\"color: #797979; text-align: left;\">Powered by\u00a0<\/span><a style=\"color: #797979; text-align: right;\" href=\"https:\/\/innovationhive.eu\/\" target=\"_blank\" rel=\"noopener\">Innovation Hive<\/a>\t\t\t\t\t\t\t\t<\/div>\n\t\t\t\t<\/div>\n\t\t\t\t\t<\/div>\n\t\t<\/div>\n\t\t\t\t\t<\/div>\n\t\t<\/section>\n\t\t\t\t<\/div>\n\t\t","protected":false},"excerpt":{"rendered":"<p>Proiectul Descrierea proiectului Politicile recente ale UE urm\u0103resc s\u0103 protejeze mediul \u0219i s\u0103 reduc\u0103 la minimum riscurile legate de mediu, [&hellip;]<\/p>\n","protected":false},"author":1,"featured_media":0,"parent":0,"menu_order":0,"comment_status":"closed","ping_status":"closed","template":"page-templates\/template_page-builder.php","meta":{"_monsterinsights_skip_tracking":false,"_monsterinsights_sitenote_active":false,"_monsterinsights_sitenote_note":"","_monsterinsights_sitenote_category":0,"footnotes":""},"class_list":["post-596","page","type-page","status-publish","hentry"],"aioseo_notices":[],"_links":{"self":[{"href":"https:\/\/zero-waste-project.eu\/index.php\/wp-json\/wp\/v2\/pages\/596","targetHints":{"allow":["GET"]}}],"collection":[{"href":"https:\/\/zero-waste-project.eu\/index.php\/wp-json\/wp\/v2\/pages"}],"about":[{"href":"https:\/\/zero-waste-project.eu\/index.php\/wp-json\/wp\/v2\/types\/page"}],"author":[{"embeddable":true,"href":"https:\/\/zero-waste-project.eu\/index.php\/wp-json\/wp\/v2\/users\/1"}],"replies":[{"embeddable":true,"href":"https:\/\/zero-waste-project.eu\/index.php\/wp-json\/wp\/v2\/comments?post=596"}],"version-history":[{"count":26,"href":"https:\/\/zero-waste-project.eu\/index.php\/wp-json\/wp\/v2\/pages\/596\/revisions"}],"predecessor-version":[{"id":2290,"href":"https:\/\/zero-waste-project.eu\/index.php\/wp-json\/wp\/v2\/pages\/596\/revisions\/2290"}],"wp:attachment":[{"href":"https:\/\/zero-waste-project.eu\/index.php\/wp-json\/wp\/v2\/media?parent=596"}],"curies":[{"name":"wp","href":"https:\/\/api.w.org\/{rel}","templated":true}]}}