{"id":836,"date":"2022-11-15T09:22:32","date_gmt":"2022-11-15T09:22:32","guid":{"rendered":"https:\/\/zero-waste-project.eu\/?page_id=836"},"modified":"2023-11-09T14:48:46","modified_gmt":"2023-11-09T14:48:46","slug":"completamento-della-ricerca-sui-bisogni-e-le-sfide-che-le-scuole-devono-affrontare-per-stabilire-la-gestione-dei-rifiuti-alimentari","status":"publish","type":"page","link":"https:\/\/zero-waste-project.eu\/index.php\/it\/completamento-della-ricerca-sui-bisogni-e-le-sfide-che-le-scuole-devono-affrontare-per-stabilire-la-gestione-dei-rifiuti-alimentari\/","title":{"rendered":"Completamento della ricerca sui bisogni e le sfide che le scuole devono affrontare per stabilire la gestione dei rifiuti alimentari"},"content":{"rendered":"\t\t<div data-elementor-type=\"wp-page\" data-elementor-id=\"836\" class=\"elementor elementor-836\">\n\t\t\t\t\t\t<section class=\"elementor-section elementor-top-section elementor-element elementor-element-280a86e elementor-section-boxed elementor-section-height-default elementor-section-height-default\" data-id=\"280a86e\" data-element_type=\"section\" data-e-type=\"section\" data-settings=\"{&quot;background_background&quot;:&quot;classic&quot;}\">\n\t\t\t\t\t\t\t<div class=\"elementor-background-overlay\"><\/div>\n\t\t\t\t\t\t\t<div class=\"elementor-container elementor-column-gap-default\">\n\t\t\t\t\t<div class=\"elementor-column elementor-col-100 elementor-top-column elementor-element elementor-element-494447e\" data-id=\"494447e\" data-element_type=\"column\" data-e-type=\"column\">\n\t\t\t<div class=\"elementor-widget-wrap elementor-element-populated\">\n\t\t\t\t\t\t<div class=\"elementor-element elementor-element-b07e3a4 elementor-widget elementor-widget-spacer\" data-id=\"b07e3a4\" data-element_type=\"widget\" data-e-type=\"widget\" data-widget_type=\"spacer.default\">\n\t\t\t\t<div class=\"elementor-widget-container\">\n\t\t\t\t\t\t\t<div class=\"elementor-spacer\">\n\t\t\t<div class=\"elementor-spacer-inner\"><\/div>\n\t\t<\/div>\n\t\t\t\t\t\t<\/div>\n\t\t\t\t<\/div>\n\t\t\t\t<div class=\"elementor-element elementor-element-fefb143 elementor-widget elementor-widget-heading\" data-id=\"fefb143\" data-element_type=\"widget\" data-e-type=\"widget\" data-widget_type=\"heading.default\">\n\t\t\t\t<div class=\"elementor-widget-container\">\n\t\t\t\t\t<h2 class=\"elementor-heading-title elementor-size-default\">Completamento della ricerca sui bisogni e le sfide che le scuole devono affrontare per stabilire la gestione dei rifiuti alimentari<\/h2>\t\t\t\t<\/div>\n\t\t\t\t<\/div>\n\t\t\t\t<div class=\"elementor-element elementor-element-18cb20a elementor-widget elementor-widget-spacer\" data-id=\"18cb20a\" data-element_type=\"widget\" data-e-type=\"widget\" data-widget_type=\"spacer.default\">\n\t\t\t\t<div class=\"elementor-widget-container\">\n\t\t\t\t\t\t\t<div class=\"elementor-spacer\">\n\t\t\t<div class=\"elementor-spacer-inner\"><\/div>\n\t\t<\/div>\n\t\t\t\t\t\t<\/div>\n\t\t\t\t<\/div>\n\t\t\t\t\t<\/div>\n\t\t<\/div>\n\t\t\t\t\t<\/div>\n\t\t<\/section>\n\t\t\t\t<section class=\"elementor-section elementor-top-section elementor-element elementor-element-53489d7 elementor-section-boxed elementor-section-height-default elementor-section-height-default\" data-id=\"53489d7\" data-element_type=\"section\" data-e-type=\"section\">\n\t\t\t\t\t\t<div class=\"elementor-container elementor-column-gap-default\">\n\t\t\t\t\t<div class=\"elementor-column elementor-col-100 elementor-top-column elementor-element elementor-element-2c5f164\" data-id=\"2c5f164\" data-element_type=\"column\" data-e-type=\"column\">\n\t\t\t<div class=\"elementor-widget-wrap elementor-element-populated\">\n\t\t\t\t\t\t<div class=\"elementor-element elementor-element-02230e3 elementor-widget elementor-widget-spacer\" data-id=\"02230e3\" data-element_type=\"widget\" data-e-type=\"widget\" data-widget_type=\"spacer.default\">\n\t\t\t\t<div class=\"elementor-widget-container\">\n\t\t\t\t\t\t\t<div class=\"elementor-spacer\">\n\t\t\t<div class=\"elementor-spacer-inner\"><\/div>\n\t\t<\/div>\n\t\t\t\t\t\t<\/div>\n\t\t\t\t<\/div>\n\t\t\t\t<div class=\"elementor-element elementor-element-b2aa7f1 elementor-widget elementor-widget-text-editor\" data-id=\"b2aa7f1\" data-element_type=\"widget\" data-e-type=\"widget\" data-widget_type=\"text-editor.default\">\n\t\t\t\t<div class=\"elementor-widget-container\">\n\t\t\t\t\t\t\t\t\t<p>Tra Maggio e Agosto 2022, gli 8 partner del progetto <em>Erasmus+ Cooperazione nell&#8217;istruzione scolastica<\/em> &#8220;Un approccio innovativo alla gestione dei rifiuti alimentari al fine di educare i giovani a valorizzare il cibo e ridurre i rifiuti \u2013 ZERO WASTE&#8221;, hanno svolto una ricerca per compilare un Rapporto Europeo di Sintesi sulla letteratura esistente sui bisogni e le sfide che le scuole devono affrontare per trattare e gestire il problema dello spreco alimentare (PR 1).<\/p><p>La ricerca ha rappresentato il punto di partenza del nostro progetto e intendeva definire la base conoscitiva su cui costruire l&#8217;intero progetto; oltre ad identificare la letteratura esistente sui bisogni e le sfide che insegnanti e studenti hanno nell&#8217;affrontare lo spreco alimentare, la ricerca \u00e8 stata anche mirata a scoprire come sia possibile migliorare e sviluppare materiali che sono gi\u00e0 a disposizione di insegnanti e studenti; ancora pi\u00f9 importante, per\u00f2, la ricerca \u00e8 stata finalizzata a scoprire come progettare nuovo materiale (risorse e strumenti) in modo da soddisfare le principali esigenze che gli educatori e gli alunni hanno nel campo della gestione dei rifiuti alimentari. I partner che rappresentano i 7 paesi coinvolti nel partenariato, hanno condotto non solo una ricerca documentale, ma anche una ricerca sul campo basata su un questionario strutturato. Lo scopo dello strumento menzionato in precedenza era finalizzato alla raccolta di dati direttamente dal gruppo target primario del progetto: insegnanti e studenti del livello secondario dell&#8217;istruzione.<\/p><p>Per quanto riguarda il primo tipo di ricerca (la ricerca documentale), tutti i partner hanno effettuato un&#8217;analisi approfondita della letteratura esistente sul tema in discussione. Hanno preso in esame leggi, normative nazionali vigenti, strategie, metodologie, punti di vista pertinenti appartenenti a specialisti nella gestione dei rifiuti alimentari, report e banche dati online, esempi di buone pratiche. Per quanto riguarda la ricerca sul campo, il questionario strutturato \u00e8 stato applicato ad un numero minimo di 25 studenti e 15 insegnanti in ogni paese del partenariato. Le informazioni ottenute attraverso i due tipi di ricerca sono state inserite in un rapporto nazionale redatto da ciascun paese partner.<\/p><p>I risultati della ricerca hanno portato alla seguente conclusione: sebbene a livello Europeo esistano documenti e normative che intendono orientare le azioni nella lotta allo spreco alimentare e vi sia interesse e preoccupazione per la riduzione di esso, le azioni concrete svolte a livello nazionale sono insufficienti in tutti i paesi partner. \u00c8 stato riscontrato un significativo divario di conoscenza riguardo alla questione della gestione dei rifiuti alimentari e alle caratteristiche dei rifiuti alimentari nell&#8217;istruzione secondaria, con la consapevolezza che tutte le azioni volte a trattare questo argomento, dipendono prevalentemente dalle iniziative prese in autonomia dai direttori scolastici e dagli insegnanti per includere presentazioni pertinenti o materiale audiovisivo nei loro piani di lezione. Nella maggior parte dei paesi partner, non sembra esserci alcun programma educativo ufficiale dedicato allo spreco alimentare e alla sua prevenzione.<\/p><p>I risultati limitati dei progetti locali o regionali avviati da ONG, scuole o enti privati \u200b\u200blasciano sicuramente molto spazio per interventi pi\u00f9 pratici, azioni concrete e una migliore collaborazione tra tutti gli attori che hanno responsabilit\u00e0 in questo campo. Un elemento essenziale per raggiungere l&#8217;obiettivo di combattere lo spreco alimentare a scuola sarebbe quello di garantire che questo tema sia integrato nel curriculum formativo degli studenti come parte di una vera educazione alla sostenibilit\u00e0 e al rispetto dell&#8217;ambiente; fornendo anche agli insegnanti risorse formative da utilizzare nei loro piani di lezione.<\/p><p>Un altro aspetto estremamente importante emerso dalla nostra ricerca \u00e8 che queste risorse siano adattate alle esigenze e alle particolarit\u00e0 del gruppo target. Ad esempio, la metodologia utilizzata durante le diverse attivit\u00e0 dovrebbe essere ancorata alla realt\u00e0 odierna, sfruttando i progressi della tecnologia, le competenze digitali degli studenti e l&#8217;interesse per questo affascinante mondo di Internet e della comunicazione sui social media. Giochi educativi, piattaforme interattive online, app che funzionano su diversi dispositivi intelligenti devono essere disponibili sia per gli studenti che per gli insegnanti se vogliamo un impatto pi\u00f9 ampio ed efficiente di programmi\/progetti\/campagne che combattono lo spreco alimentare.<\/p><p>A seguito della ricerca collettiva, le istituzioni partecipanti al nostro partenariato svilupperanno il materiale didattico per un Corso di Formazione rivolto agli insegnanti, che rappresenta la fase successiva del nostro progetto. Tutte le preziose informazioni che sono state raccolte nella ricerca condotta per il Risultato di Progetto 1, saranno utilizzate nel corso di formazione che fornir\u00e0 agli insegnanti le competenze che consentiranno loro di incorporare la mentalit\u00e0 e le conoscenze relative alla gestione dei rifiuti alimentari e trasferire queste conoscenze ai loro studenti.<\/p>\t\t\t\t\t\t\t\t<\/div>\n\t\t\t\t<\/div>\n\t\t\t\t<div class=\"elementor-element elementor-element-5d24ab0 elementor-widget elementor-widget-spacer\" data-id=\"5d24ab0\" data-element_type=\"widget\" data-e-type=\"widget\" data-widget_type=\"spacer.default\">\n\t\t\t\t<div class=\"elementor-widget-container\">\n\t\t\t\t\t\t\t<div class=\"elementor-spacer\">\n\t\t\t<div class=\"elementor-spacer-inner\"><\/div>\n\t\t<\/div>\n\t\t\t\t\t\t<\/div>\n\t\t\t\t<\/div>\n\t\t\t\t\t<\/div>\n\t\t<\/div>\n\t\t\t\t\t<\/div>\n\t\t<\/section>\n\t\t\t\t<section class=\"elementor-section elementor-top-section elementor-element elementor-element-28f6a51 elementor-section-boxed elementor-section-height-default elementor-section-height-default\" data-id=\"28f6a51\" data-element_type=\"section\" data-e-type=\"section\">\n\t\t\t\t\t\t<div class=\"elementor-container elementor-column-gap-default\">\n\t\t\t\t\t<div class=\"elementor-column elementor-col-33 elementor-top-column elementor-element elementor-element-19d6bd1\" data-id=\"19d6bd1\" data-element_type=\"column\" data-e-type=\"column\">\n\t\t\t<div class=\"elementor-widget-wrap elementor-element-populated\">\n\t\t\t\t\t\t<div class=\"elementor-element elementor-element-0e620a7 elementor-widget elementor-widget-image\" data-id=\"0e620a7\" data-element_type=\"widget\" data-e-type=\"widget\" data-widget_type=\"image.default\">\n\t\t\t\t<div class=\"elementor-widget-container\">\n\t\t\t\t\t\t\t\t\t\t\t\t\t\t\t<img decoding=\"async\" width=\"194\" height=\"42\" src=\"https:\/\/zero-waste-project.eu\/wp-content\/uploads\/2022\/04\/eu-logo-new.png\" class=\"attachment-medium size-medium wp-image-63\" alt=\"\" \/>\t\t\t\t\t\t\t\t\t\t\t\t\t\t\t<\/div>\n\t\t\t\t<\/div>\n\t\t\t\t<div class=\"elementor-element elementor-element-e37b4fe elementor-widget elementor-widget-text-editor\" data-id=\"e37b4fe\" data-element_type=\"widget\" data-e-type=\"widget\" data-widget_type=\"text-editor.default\">\n\t\t\t\t<div class=\"elementor-widget-container\">\n\t\t\t\t\t\t\t\t\t<p>Finanziato dall&#8217;Unione europea. Le opinioni espresse appartengono, tuttavia, al solo o ai soli autori e non riflettono necessariamente le opinioni dell&#8217;Unione europea o dell\u2019Agenzia esecutiva europea per l\u2019istruzione e la cultura (EACEA). N\u00e9 l&#8217;Unione europea n\u00e9 l&#8217;EACEA possono esserne ritenute responsabili. 2021-1-RO01-KA220-SCH-000032588<\/p>\t\t\t\t\t\t\t\t<\/div>\n\t\t\t\t<\/div>\n\t\t\t\t\t<\/div>\n\t\t<\/div>\n\t\t\t\t<div class=\"elementor-column elementor-col-33 elementor-top-column elementor-element elementor-element-30052bb\" data-id=\"30052bb\" data-element_type=\"column\" data-e-type=\"column\">\n\t\t\t<div class=\"elementor-widget-wrap\">\n\t\t\t\t\t\t\t<\/div>\n\t\t<\/div>\n\t\t\t\t<div class=\"elementor-column elementor-col-33 elementor-top-column elementor-element elementor-element-6bb27b7\" data-id=\"6bb27b7\" data-element_type=\"column\" data-e-type=\"column\">\n\t\t\t<div class=\"elementor-widget-wrap elementor-element-populated\">\n\t\t\t\t\t\t<div class=\"elementor-element elementor-element-33a15ed elementor-widget elementor-widget-image\" data-id=\"33a15ed\" data-element_type=\"widget\" data-e-type=\"widget\" data-widget_type=\"image.default\">\n\t\t\t\t<div class=\"elementor-widget-container\">\n\t\t\t\t\t\t\t\t\t\t\t\t\t\t\t\t<a href=\"https:\/\/zero-waste-project.eu\/\">\n\t\t\t\t\t\t\t<img decoding=\"async\" width=\"80\" height=\"46\" src=\"https:\/\/zero-waste-project.eu\/wp-content\/uploads\/2022\/03\/xxsmall.png\" class=\"attachment-medium size-medium wp-image-39\" alt=\"\" \/>\t\t\t\t\t\t\t\t<\/a>\n\t\t\t\t\t\t\t\t\t\t\t\t\t\t\t<\/div>\n\t\t\t\t<\/div>\n\t\t\t\t<div class=\"elementor-element elementor-element-598b1e0 elementor-widget elementor-widget-text-editor\" data-id=\"598b1e0\" data-element_type=\"widget\" data-e-type=\"widget\" data-widget_type=\"text-editor.default\">\n\t\t\t\t<div class=\"elementor-widget-container\">\n\t\t\t\t\t\t\t\t\t<a style=\"color: #344e41;\" href=\"https:\/\/zero-waste-project.eu\/index.php\/terms-of-use\/\" target=\"_blank\" rel=\"noopener\">Terms of Use<\/a>\t\t\t\t\t\t\t\t<\/div>\n\t\t\t\t<\/div>\n\t\t\t\t<div class=\"elementor-element elementor-element-5428d67 elementor-shape-circle e-grid-align-right elementor-grid-0 elementor-widget elementor-widget-social-icons\" data-id=\"5428d67\" data-element_type=\"widget\" data-e-type=\"widget\" data-widget_type=\"social-icons.default\">\n\t\t\t\t<div class=\"elementor-widget-container\">\n\t\t\t\t\t\t\t<div class=\"elementor-social-icons-wrapper elementor-grid\" role=\"list\">\n\t\t\t\t\t\t\t<span class=\"elementor-grid-item\" role=\"listitem\">\n\t\t\t\t\t<a class=\"elementor-icon elementor-social-icon elementor-social-icon-facebook elementor-animation-grow elementor-repeater-item-ef4f15e\" href=\"https:\/\/www.facebook.com\/ZeroWasteEUProject2\/%20\" target=\"_blank\">\n\t\t\t\t\t\t<span class=\"elementor-screen-only\">Facebook<\/span>\n\t\t\t\t\t\t<i aria-hidden=\"true\" class=\"fab fa-facebook\"><\/i>\t\t\t\t\t<\/a>\n\t\t\t\t<\/span>\n\t\t\t\t\t\t\t<span class=\"elementor-grid-item\" role=\"listitem\">\n\t\t\t\t\t<a class=\"elementor-icon elementor-social-icon elementor-social-icon-instagram elementor-animation-grow elementor-repeater-item-7eeb5b3\" href=\"https:\/\/www.instagram.com\/zerowaste_projecteu\/\" target=\"_blank\">\n\t\t\t\t\t\t<span class=\"elementor-screen-only\">Instagram<\/span>\n\t\t\t\t\t\t<i aria-hidden=\"true\" class=\"fab fa-instagram\"><\/i>\t\t\t\t\t<\/a>\n\t\t\t\t<\/span>\n\t\t\t\t\t\t\t<span class=\"elementor-grid-item\" role=\"listitem\">\n\t\t\t\t\t<a class=\"elementor-icon elementor-social-icon elementor-social-icon-twitter elementor-animation-grow elementor-repeater-item-d67f1e7\" href=\"https:\/\/twitter.com\/ZeroWasteProje1\" target=\"_blank\">\n\t\t\t\t\t\t<span class=\"elementor-screen-only\">Twitter<\/span>\n\t\t\t\t\t\t<i aria-hidden=\"true\" class=\"fab fa-twitter\"><\/i>\t\t\t\t\t<\/a>\n\t\t\t\t<\/span>\n\t\t\t\t\t\t\t<span class=\"elementor-grid-item\" role=\"listitem\">\n\t\t\t\t\t<a class=\"elementor-icon elementor-social-icon elementor-social-icon-linkedin-in elementor-animation-grow elementor-repeater-item-1019605\" href=\"https:\/\/www.linkedin.com\/company\/84794263\/admin\/\" target=\"_blank\">\n\t\t\t\t\t\t<span class=\"elementor-screen-only\">Linkedin-in<\/span>\n\t\t\t\t\t\t<i aria-hidden=\"true\" class=\"fab fa-linkedin-in\"><\/i>\t\t\t\t\t<\/a>\n\t\t\t\t<\/span>\n\t\t\t\t\t<\/div>\n\t\t\t\t\t\t<\/div>\n\t\t\t\t<\/div>\n\t\t\t\t\t<\/div>\n\t\t<\/div>\n\t\t\t\t\t<\/div>\n\t\t<\/section>\n\t\t\t\t<section class=\"elementor-section elementor-top-section elementor-element elementor-element-3036d48 elementor-section-boxed elementor-section-height-default elementor-section-height-default\" data-id=\"3036d48\" data-element_type=\"section\" data-e-type=\"section\">\n\t\t\t\t\t\t<div class=\"elementor-container elementor-column-gap-default\">\n\t\t\t\t\t<div class=\"elementor-column elementor-col-100 elementor-top-column elementor-element elementor-element-4108045\" data-id=\"4108045\" data-element_type=\"column\" data-e-type=\"column\">\n\t\t\t<div class=\"elementor-widget-wrap elementor-element-populated\">\n\t\t\t\t\t\t<div class=\"elementor-element elementor-element-5229824 elementor-widget-divider--view-line elementor-widget elementor-widget-divider\" data-id=\"5229824\" data-element_type=\"widget\" data-e-type=\"widget\" data-widget_type=\"divider.default\">\n\t\t\t\t<div class=\"elementor-widget-container\">\n\t\t\t\t\t\t\t<div class=\"elementor-divider\">\n\t\t\t<span class=\"elementor-divider-separator\">\n\t\t\t\t\t\t<\/span>\n\t\t<\/div>\n\t\t\t\t\t\t<\/div>\n\t\t\t\t<\/div>\n\t\t\t\t\t<\/div>\n\t\t<\/div>\n\t\t\t\t\t<\/div>\n\t\t<\/section>\n\t\t\t\t<section class=\"elementor-section elementor-top-section elementor-element elementor-element-bf64b87 elementor-section-boxed elementor-section-height-default elementor-section-height-default\" data-id=\"bf64b87\" data-element_type=\"section\" data-e-type=\"section\">\n\t\t\t\t\t\t<div class=\"elementor-container elementor-column-gap-default\">\n\t\t\t\t\t<div class=\"elementor-column elementor-col-33 elementor-top-column elementor-element elementor-element-bf8d2ba\" data-id=\"bf8d2ba\" data-element_type=\"column\" data-e-type=\"column\">\n\t\t\t<div class=\"elementor-widget-wrap elementor-element-populated\">\n\t\t\t\t\t\t<div class=\"elementor-element elementor-element-da3209b elementor-widget elementor-widget-text-editor\" data-id=\"da3209b\" data-element_type=\"widget\" data-e-type=\"widget\" data-widget_type=\"text-editor.default\">\n\t\t\t\t<div class=\"elementor-widget-container\">\n\t\t\t\t\t\t\t\t\t<p>Copyright \u00a9 2022 Zero Waste. All Rights Reserved.<\/p>\t\t\t\t\t\t\t\t<\/div>\n\t\t\t\t<\/div>\n\t\t\t\t\t<\/div>\n\t\t<\/div>\n\t\t\t\t<div class=\"elementor-column elementor-col-33 elementor-top-column elementor-element elementor-element-d6e4356\" data-id=\"d6e4356\" data-element_type=\"column\" data-e-type=\"column\">\n\t\t\t<div class=\"elementor-widget-wrap\">\n\t\t\t\t\t\t\t<\/div>\n\t\t<\/div>\n\t\t\t\t<div class=\"elementor-column elementor-col-33 elementor-top-column elementor-element elementor-element-7e18e0e\" data-id=\"7e18e0e\" data-element_type=\"column\" data-e-type=\"column\">\n\t\t\t<div class=\"elementor-widget-wrap elementor-element-populated\">\n\t\t\t\t\t\t<div class=\"elementor-element elementor-element-f252dab elementor-widget elementor-widget-text-editor\" data-id=\"f252dab\" data-element_type=\"widget\" data-e-type=\"widget\" data-widget_type=\"text-editor.default\">\n\t\t\t\t<div class=\"elementor-widget-container\">\n\t\t\t\t\t\t\t\t\t<span style=\"color: #797979; text-align: left;\">Powered by\u00a0<\/span><a style=\"color: #797979; text-align: right;\" href=\"https:\/\/innovationhive.eu\/\" target=\"_blank\" rel=\"noopener\">Innovation Hive<\/a>\t\t\t\t\t\t\t\t<\/div>\n\t\t\t\t<\/div>\n\t\t\t\t\t<\/div>\n\t\t<\/div>\n\t\t\t\t\t<\/div>\n\t\t<\/section>\n\t\t\t\t<\/div>\n\t\t","protected":false},"excerpt":{"rendered":"<p>Completamento della ricerca sui bisogni e le sfide che le scuole devono affrontare per stabilire la gestione dei rifiuti alimentari [&hellip;]<\/p>\n","protected":false},"author":1,"featured_media":0,"parent":0,"menu_order":0,"comment_status":"closed","ping_status":"closed","template":"page-templates\/template_page-builder.php","meta":{"_monsterinsights_skip_tracking":false,"_monsterinsights_sitenote_active":false,"_monsterinsights_sitenote_note":"","_monsterinsights_sitenote_category":0,"footnotes":""},"class_list":["post-836","page","type-page","status-publish","hentry"],"aioseo_notices":[],"_links":{"self":[{"href":"https:\/\/zero-waste-project.eu\/index.php\/wp-json\/wp\/v2\/pages\/836","targetHints":{"allow":["GET"]}}],"collection":[{"href":"https:\/\/zero-waste-project.eu\/index.php\/wp-json\/wp\/v2\/pages"}],"about":[{"href":"https:\/\/zero-waste-project.eu\/index.php\/wp-json\/wp\/v2\/types\/page"}],"author":[{"embeddable":true,"href":"https:\/\/zero-waste-project.eu\/index.php\/wp-json\/wp\/v2\/users\/1"}],"replies":[{"embeddable":true,"href":"https:\/\/zero-waste-project.eu\/index.php\/wp-json\/wp\/v2\/comments?post=836"}],"version-history":[{"count":16,"href":"https:\/\/zero-waste-project.eu\/index.php\/wp-json\/wp\/v2\/pages\/836\/revisions"}],"predecessor-version":[{"id":2176,"href":"https:\/\/zero-waste-project.eu\/index.php\/wp-json\/wp\/v2\/pages\/836\/revisions\/2176"}],"wp:attachment":[{"href":"https:\/\/zero-waste-project.eu\/index.php\/wp-json\/wp\/v2\/media?parent=836"}],"curies":[{"name":"wp","href":"https:\/\/api.w.org\/{rel}","templated":true}]}}