{"id":847,"date":"2022-11-15T09:44:08","date_gmt":"2022-11-15T09:44:08","guid":{"rendered":"https:\/\/zero-waste-project.eu\/?page_id=847"},"modified":"2023-11-09T14:48:53","modified_gmt":"2023-11-09T14:48:53","slug":"primo-meeting-transnazionale-di-progetto-bucarest","status":"publish","type":"page","link":"https:\/\/zero-waste-project.eu\/index.php\/it\/primo-meeting-transnazionale-di-progetto-bucarest\/","title":{"rendered":"Primo Meeting Transnazionale di progetto Bucarest"},"content":{"rendered":"\t\t<div data-elementor-type=\"wp-page\" data-elementor-id=\"847\" class=\"elementor elementor-847\">\n\t\t\t\t\t\t<section class=\"elementor-section elementor-top-section elementor-element elementor-element-9e4e2d2 elementor-section-boxed elementor-section-height-default elementor-section-height-default\" data-id=\"9e4e2d2\" data-element_type=\"section\" data-e-type=\"section\">\n\t\t\t\t\t\t\t<div class=\"elementor-background-overlay\"><\/div>\n\t\t\t\t\t\t\t<div class=\"elementor-container elementor-column-gap-default\">\n\t\t\t\t\t<div class=\"elementor-column elementor-col-100 elementor-top-column elementor-element elementor-element-eab0f5d\" data-id=\"eab0f5d\" data-element_type=\"column\" data-e-type=\"column\">\n\t\t\t<div class=\"elementor-widget-wrap elementor-element-populated\">\n\t\t\t\t\t\t<div class=\"elementor-element elementor-element-ae6d9b2 elementor-widget elementor-widget-spacer\" data-id=\"ae6d9b2\" data-element_type=\"widget\" data-e-type=\"widget\" data-widget_type=\"spacer.default\">\n\t\t\t\t<div class=\"elementor-widget-container\">\n\t\t\t\t\t\t\t<div class=\"elementor-spacer\">\n\t\t\t<div class=\"elementor-spacer-inner\"><\/div>\n\t\t<\/div>\n\t\t\t\t\t\t<\/div>\n\t\t\t\t<\/div>\n\t\t\t\t<div class=\"elementor-element elementor-element-167dbb9 elementor-widget elementor-widget-heading\" data-id=\"167dbb9\" data-element_type=\"widget\" data-e-type=\"widget\" data-widget_type=\"heading.default\">\n\t\t\t\t<div class=\"elementor-widget-container\">\n\t\t\t\t\t<h2 class=\"elementor-heading-title elementor-size-default\">Primo Meeting Transnazionale di progetto \nBucarest\n<\/h2>\t\t\t\t<\/div>\n\t\t\t\t<\/div>\n\t\t\t\t<div class=\"elementor-element elementor-element-fda0506 elementor-widget elementor-widget-spacer\" data-id=\"fda0506\" data-element_type=\"widget\" data-e-type=\"widget\" data-widget_type=\"spacer.default\">\n\t\t\t\t<div class=\"elementor-widget-container\">\n\t\t\t\t\t\t\t<div class=\"elementor-spacer\">\n\t\t\t<div class=\"elementor-spacer-inner\"><\/div>\n\t\t<\/div>\n\t\t\t\t\t\t<\/div>\n\t\t\t\t<\/div>\n\t\t\t\t<div class=\"elementor-element elementor-element-0b51189 elementor-widget elementor-widget-heading\" data-id=\"0b51189\" data-element_type=\"widget\" data-e-type=\"widget\" data-widget_type=\"heading.default\">\n\t\t\t\t<div class=\"elementor-widget-container\">\n\t\t\t\t\t<h2 class=\"elementor-heading-title elementor-size-default\">Zero Waste: Un approccio innovativo alla gestione dei rifiuti alimentari per educare i giovani a valorizzare il cibo e ridurre gli sprechi<\/h2>\t\t\t\t<\/div>\n\t\t\t\t<\/div>\n\t\t\t\t<div class=\"elementor-element elementor-element-24d0e53 elementor-widget elementor-widget-spacer\" data-id=\"24d0e53\" data-element_type=\"widget\" data-e-type=\"widget\" data-widget_type=\"spacer.default\">\n\t\t\t\t<div class=\"elementor-widget-container\">\n\t\t\t\t\t\t\t<div class=\"elementor-spacer\">\n\t\t\t<div class=\"elementor-spacer-inner\"><\/div>\n\t\t<\/div>\n\t\t\t\t\t\t<\/div>\n\t\t\t\t<\/div>\n\t\t\t\t\t<\/div>\n\t\t<\/div>\n\t\t\t\t\t<\/div>\n\t\t<\/section>\n\t\t\t\t<section class=\"elementor-section elementor-top-section elementor-element elementor-element-4fff379 elementor-section-boxed elementor-section-height-default elementor-section-height-default\" data-id=\"4fff379\" data-element_type=\"section\" data-e-type=\"section\">\n\t\t\t\t\t\t<div class=\"elementor-container elementor-column-gap-default\">\n\t\t\t\t\t<div class=\"elementor-column elementor-col-100 elementor-top-column elementor-element elementor-element-54d2bbc\" data-id=\"54d2bbc\" data-element_type=\"column\" data-e-type=\"column\">\n\t\t\t<div class=\"elementor-widget-wrap elementor-element-populated\">\n\t\t\t\t\t\t<div class=\"elementor-element elementor-element-2514a11 elementor-widget elementor-widget-spacer\" data-id=\"2514a11\" data-element_type=\"widget\" data-e-type=\"widget\" data-widget_type=\"spacer.default\">\n\t\t\t\t<div class=\"elementor-widget-container\">\n\t\t\t\t\t\t\t<div class=\"elementor-spacer\">\n\t\t\t<div class=\"elementor-spacer-inner\"><\/div>\n\t\t<\/div>\n\t\t\t\t\t\t<\/div>\n\t\t\t\t<\/div>\n\t\t\t\t<div class=\"elementor-element elementor-element-b2018f6 elementor-widget elementor-widget-text-editor\" data-id=\"b2018f6\" data-element_type=\"widget\" data-e-type=\"widget\" data-widget_type=\"text-editor.default\">\n\t\t\t\t<div class=\"elementor-widget-container\">\n\t\t\t\t\t\t\t\t\t<p><strong>\u00a0 \u00a0 \u00a0 \u00a0 \u00a0 \u00a0 \u00a0 \u00a0 \u00a0 \u00a0 \u00a0 \u00a0 \u00a0 \u00a0 \u00a0 \u00a0 \u00a0 \u00a0 \u00a0 \u00a0 \u00a0 \u00a0 \u00a0 \u00a0 \u00a0 \u00a0 \u00a0 \u00a0 \u00a0 \u00a0 \u00a0 \u00a0 \u00a0 \u00a0 \u00a0 \u00a0 \u00a0 \u00a0 \u00a0 \u00a0 \u00a0 \u00a0 \u00a0 \u00a0 \u00a0 \u00a0 \u00a0 \u00a0<\/strong><strong>Primo Meeting Transnazionale di progetto<\/strong><strong>\u00a0Bucarest, ROMANIA<\/strong><\/p><p><strong>\u00a0 \u00a0 \u00a0 \u00a0 \u00a0 \u00a0 \u00a0 \u00a0 \u00a0 \u00a0 \u00a0 \u00a0 \u00a0 \u00a0 \u00a0 \u00a0 \u00a0 \u00a0 \u00a0 \u00a0 \u00a0 \u00a0 \u00a0 \u00a0 \u00a0 \u00a0 \u00a0 \u00a0 \u00a0 \u00a0 \u00a0 \u00a0 \u00a0 \u00a0 \u00a0 \u00a0 \u00a0 \u00a0 \u00a0 \u00a0 \u00a0 \u00a0 \u00a0 \u00a0 \u00a0 \u00a0 \u00a0 \u00a0 \u00a0 \u00a0 \u00a0 \u00a0 \u00a0 \u00a0 \u00a0 \u00a0 \u00a0 \u00a0 \u00a0 \u00a0 \u00a0 \u00a0 \u00a0 \u00a0 \u00a0 \u00a0 6-7 Aprile 2022<\/strong><\/p><p>Durante la prima settimana di aprile 2022, gli 8 partner coinvolti nel progetto \u201cZERO WASTE\u201d hanno avuto la possibilit\u00e0 di <strong>incontrarsi di persona<\/strong> per la prima volta in Romania, dove l&#8217;istituto coordinatore, Liceul Teoretic \u201cMarin Preda\u201d ha organizzato <strong>il primo meeting transnazionale di progetto<\/strong>. \u00c8 stata un&#8217;occasione per tutte le organizzazioni partner di <strong>presentarsi<\/strong> ed illustrare le loro principali attivit\u00e0; durante il meeting i partecipanti si sono resi conto ancora una volta che, anche proveniendo da background diversi, <strong>condividono la stessa preoccupazione e attenzione per il benessere del nostro pianeta<\/strong>.<\/p><p>Tutti i partner sono stati precedentemente coinvolti in varie attivit\u00e0 o progetti relativi alla protezione dell&#8217;ambiente e ora <strong>hanno unito le forze, le loro esperienze e competenze<\/strong> in un approccio innovativo alla gestione dei rifiuti alimentari, guidati dal <strong>desiderio comune di educare<\/strong> insegnanti, studenti e genitori alla valorizzazione del cibo per ridurre gli sprechi alimentari.<\/p><p>I rappresentanti delle istituzioni partner coinvolte nel progetto \u201cZero Waste\u201d hanno avuto la possibilit\u00e0 di <strong>rivedere gli obiettivi generali e specifici del loro partenariato di cooperazione Erasmus+ nell&#8217;istruzione scolastica<\/strong>, nonch\u00e9 di ripercorrere le <strong>principali attivit\u00e0 e responsabilit\u00e0<\/strong> assunte attraverso l&#8217;applicazione; particolare attenzione \u00e8 stata data ai <strong>quattro risultati di progetto<\/strong> che saranno sviluppati durante i 2 anni di collaborazione.<\/p><p>Sono state affrontate altre questioni riguardanti la gestione e l&#8217;attuazione del progetto, come la <strong>divulgazione, la strategia di garanzia della qualit\u00e0, gli strumenti di valutazione<\/strong> e i partecipanti hanno concordato <strong>determinate scadenze<\/strong> per le attivit\u00e0 che sarebbero state svolte nel periodo successivo al meeting.<\/p>\t\t\t\t\t\t\t\t<\/div>\n\t\t\t\t<\/div>\n\t\t\t\t<div class=\"elementor-element elementor-element-d45c24f elementor-widget elementor-widget-spacer\" data-id=\"d45c24f\" data-element_type=\"widget\" data-e-type=\"widget\" data-widget_type=\"spacer.default\">\n\t\t\t\t<div class=\"elementor-widget-container\">\n\t\t\t\t\t\t\t<div class=\"elementor-spacer\">\n\t\t\t<div class=\"elementor-spacer-inner\"><\/div>\n\t\t<\/div>\n\t\t\t\t\t\t<\/div>\n\t\t\t\t<\/div>\n\t\t\t\t\t<\/div>\n\t\t<\/div>\n\t\t\t\t\t<\/div>\n\t\t<\/section>\n\t\t\t\t<section class=\"elementor-section elementor-top-section elementor-element elementor-element-96de776 elementor-section-boxed elementor-section-height-default elementor-section-height-default\" data-id=\"96de776\" data-element_type=\"section\" data-e-type=\"section\">\n\t\t\t\t\t\t<div class=\"elementor-container elementor-column-gap-default\">\n\t\t\t\t\t<div class=\"elementor-column elementor-col-25 elementor-top-column elementor-element elementor-element-ae8abe8\" data-id=\"ae8abe8\" data-element_type=\"column\" data-e-type=\"column\">\n\t\t\t<div class=\"elementor-widget-wrap elementor-element-populated\">\n\t\t\t\t\t\t<div class=\"elementor-element elementor-element-c3e5dfb elementor-widget elementor-widget-image\" data-id=\"c3e5dfb\" data-element_type=\"widget\" data-e-type=\"widget\" data-widget_type=\"image.default\">\n\t\t\t\t<div class=\"elementor-widget-container\">\n\t\t\t\t\t\t\t\t\t\t\t\t\t\t\t<img fetchpriority=\"high\" decoding=\"async\" width=\"1024\" height=\"404\" src=\"https:\/\/zero-waste-project.eu\/wp-content\/uploads\/2022\/11\/1.5-1024x404.jpeg\" class=\"attachment-large size-large wp-image-751\" alt=\"\" srcset=\"https:\/\/zero-waste-project.eu\/wp-content\/uploads\/2022\/11\/1.5-1024x404.jpeg 1024w, https:\/\/zero-waste-project.eu\/wp-content\/uploads\/2022\/11\/1.5-300x118.jpeg 300w, https:\/\/zero-waste-project.eu\/wp-content\/uploads\/2022\/11\/1.5-768x303.jpeg 768w, https:\/\/zero-waste-project.eu\/wp-content\/uploads\/2022\/11\/1.5-1536x606.jpeg 1536w, https:\/\/zero-waste-project.eu\/wp-content\/uploads\/2022\/11\/1.5-720x284.jpeg 720w, https:\/\/zero-waste-project.eu\/wp-content\/uploads\/2022\/11\/1.5.jpeg 1590w\" sizes=\"(max-width: 1024px) 100vw, 1024px\" \/>\t\t\t\t\t\t\t\t\t\t\t\t\t\t\t<\/div>\n\t\t\t\t<\/div>\n\t\t\t\t\t<\/div>\n\t\t<\/div>\n\t\t\t\t<div class=\"elementor-column elementor-col-25 elementor-top-column elementor-element elementor-element-9ce4b3a\" data-id=\"9ce4b3a\" data-element_type=\"column\" data-e-type=\"column\">\n\t\t\t<div class=\"elementor-widget-wrap elementor-element-populated\">\n\t\t\t\t\t\t<div class=\"elementor-element elementor-element-0b3f4f7 elementor-widget elementor-widget-image\" data-id=\"0b3f4f7\" data-element_type=\"widget\" data-e-type=\"widget\" data-widget_type=\"image.default\">\n\t\t\t\t<div class=\"elementor-widget-container\">\n\t\t\t\t\t\t\t\t\t\t\t\t\t\t\t<img decoding=\"async\" width=\"1024\" height=\"576\" src=\"https:\/\/zero-waste-project.eu\/wp-content\/uploads\/2022\/11\/1.2-1024x576.jpeg\" class=\"attachment-large size-large wp-image-750\" alt=\"\" srcset=\"https:\/\/zero-waste-project.eu\/wp-content\/uploads\/2022\/11\/1.2-1024x576.jpeg 1024w, https:\/\/zero-waste-project.eu\/wp-content\/uploads\/2022\/11\/1.2-300x169.jpeg 300w, https:\/\/zero-waste-project.eu\/wp-content\/uploads\/2022\/11\/1.2-768x432.jpeg 768w, https:\/\/zero-waste-project.eu\/wp-content\/uploads\/2022\/11\/1.2-1536x864.jpeg 1536w, https:\/\/zero-waste-project.eu\/wp-content\/uploads\/2022\/11\/1.2-720x405.jpeg 720w, https:\/\/zero-waste-project.eu\/wp-content\/uploads\/2022\/11\/1.2.jpeg 1600w\" sizes=\"(max-width: 1024px) 100vw, 1024px\" \/>\t\t\t\t\t\t\t\t\t\t\t\t\t\t\t<\/div>\n\t\t\t\t<\/div>\n\t\t\t\t\t<\/div>\n\t\t<\/div>\n\t\t\t\t<div class=\"elementor-column elementor-col-25 elementor-top-column elementor-element elementor-element-d8fae9e\" data-id=\"d8fae9e\" data-element_type=\"column\" data-e-type=\"column\">\n\t\t\t<div class=\"elementor-widget-wrap elementor-element-populated\">\n\t\t\t\t\t\t<div class=\"elementor-element elementor-element-6ebbc76 elementor-widget elementor-widget-image\" data-id=\"6ebbc76\" data-element_type=\"widget\" data-e-type=\"widget\" data-widget_type=\"image.default\">\n\t\t\t\t<div class=\"elementor-widget-container\">\n\t\t\t\t\t\t\t\t\t\t\t\t\t\t\t<img decoding=\"async\" width=\"1024\" height=\"576\" src=\"https:\/\/zero-waste-project.eu\/wp-content\/uploads\/2022\/11\/1.4-1024x576.jpeg\" class=\"attachment-large size-large wp-image-752\" alt=\"\" srcset=\"https:\/\/zero-waste-project.eu\/wp-content\/uploads\/2022\/11\/1.4-1024x576.jpeg 1024w, https:\/\/zero-waste-project.eu\/wp-content\/uploads\/2022\/11\/1.4-300x169.jpeg 300w, https:\/\/zero-waste-project.eu\/wp-content\/uploads\/2022\/11\/1.4-768x432.jpeg 768w, https:\/\/zero-waste-project.eu\/wp-content\/uploads\/2022\/11\/1.4-1536x864.jpeg 1536w, https:\/\/zero-waste-project.eu\/wp-content\/uploads\/2022\/11\/1.4-720x405.jpeg 720w, https:\/\/zero-waste-project.eu\/wp-content\/uploads\/2022\/11\/1.4.jpeg 1600w\" sizes=\"(max-width: 1024px) 100vw, 1024px\" \/>\t\t\t\t\t\t\t\t\t\t\t\t\t\t\t<\/div>\n\t\t\t\t<\/div>\n\t\t\t\t\t<\/div>\n\t\t<\/div>\n\t\t\t\t<div class=\"elementor-column elementor-col-25 elementor-top-column elementor-element elementor-element-af6d3ef\" data-id=\"af6d3ef\" data-element_type=\"column\" data-e-type=\"column\">\n\t\t\t<div class=\"elementor-widget-wrap elementor-element-populated\">\n\t\t\t\t\t\t<div class=\"elementor-element elementor-element-c4eb436 elementor-widget elementor-widget-image\" data-id=\"c4eb436\" data-element_type=\"widget\" data-e-type=\"widget\" data-widget_type=\"image.default\">\n\t\t\t\t<div class=\"elementor-widget-container\">\n\t\t\t\t\t\t\t\t\t\t\t\t\t\t\t<img loading=\"lazy\" decoding=\"async\" width=\"1024\" height=\"576\" src=\"https:\/\/zero-waste-project.eu\/wp-content\/uploads\/2022\/11\/1.3-1024x576.jpeg\" class=\"attachment-large size-large wp-image-753\" alt=\"\" srcset=\"https:\/\/zero-waste-project.eu\/wp-content\/uploads\/2022\/11\/1.3-1024x576.jpeg 1024w, https:\/\/zero-waste-project.eu\/wp-content\/uploads\/2022\/11\/1.3-300x169.jpeg 300w, https:\/\/zero-waste-project.eu\/wp-content\/uploads\/2022\/11\/1.3-768x432.jpeg 768w, https:\/\/zero-waste-project.eu\/wp-content\/uploads\/2022\/11\/1.3-1536x864.jpeg 1536w, https:\/\/zero-waste-project.eu\/wp-content\/uploads\/2022\/11\/1.3-720x405.jpeg 720w, https:\/\/zero-waste-project.eu\/wp-content\/uploads\/2022\/11\/1.3.jpeg 1600w\" sizes=\"(max-width: 1024px) 100vw, 1024px\" \/>\t\t\t\t\t\t\t\t\t\t\t\t\t\t\t<\/div>\n\t\t\t\t<\/div>\n\t\t\t\t\t<\/div>\n\t\t<\/div>\n\t\t\t\t\t<\/div>\n\t\t<\/section>\n\t\t\t\t<section class=\"elementor-section elementor-top-section elementor-element elementor-element-086467b elementor-section-boxed elementor-section-height-default elementor-section-height-default\" data-id=\"086467b\" data-element_type=\"section\" data-e-type=\"section\">\n\t\t\t\t\t\t<div class=\"elementor-container elementor-column-gap-default\">\n\t\t\t\t\t<div class=\"elementor-column elementor-col-33 elementor-top-column elementor-element elementor-element-5a2ea2c\" data-id=\"5a2ea2c\" data-element_type=\"column\" data-e-type=\"column\">\n\t\t\t<div class=\"elementor-widget-wrap elementor-element-populated\">\n\t\t\t\t\t\t<div class=\"elementor-element elementor-element-fe4d1f3 elementor-widget elementor-widget-spacer\" data-id=\"fe4d1f3\" data-element_type=\"widget\" data-e-type=\"widget\" data-widget_type=\"spacer.default\">\n\t\t\t\t<div class=\"elementor-widget-container\">\n\t\t\t\t\t\t\t<div class=\"elementor-spacer\">\n\t\t\t<div class=\"elementor-spacer-inner\"><\/div>\n\t\t<\/div>\n\t\t\t\t\t\t<\/div>\n\t\t\t\t<\/div>\n\t\t\t\t<div class=\"elementor-element elementor-element-2471c8e elementor-widget elementor-widget-image\" data-id=\"2471c8e\" data-element_type=\"widget\" data-e-type=\"widget\" data-widget_type=\"image.default\">\n\t\t\t\t<div class=\"elementor-widget-container\">\n\t\t\t\t\t\t\t\t\t\t\t\t\t\t\t<img loading=\"lazy\" decoding=\"async\" width=\"194\" height=\"42\" src=\"https:\/\/zero-waste-project.eu\/wp-content\/uploads\/2022\/04\/eu-logo-new.png\" class=\"attachment-medium size-medium wp-image-63\" alt=\"\" \/>\t\t\t\t\t\t\t\t\t\t\t\t\t\t\t<\/div>\n\t\t\t\t<\/div>\n\t\t\t\t<div class=\"elementor-element elementor-element-8bec05e elementor-widget elementor-widget-text-editor\" data-id=\"8bec05e\" data-element_type=\"widget\" data-e-type=\"widget\" data-widget_type=\"text-editor.default\">\n\t\t\t\t<div class=\"elementor-widget-container\">\n\t\t\t\t\t\t\t\t\t<p>Finanziato dall&#8217;Unione europea. Le opinioni espresse appartengono, tuttavia, al solo o ai soli autori e non riflettono necessariamente le opinioni dell&#8217;Unione europea o dell\u2019Agenzia esecutiva europea per l\u2019istruzione e la cultura (EACEA). N\u00e9 l&#8217;Unione europea n\u00e9 l&#8217;EACEA possono esserne ritenute responsabili. 2021-1-RO01-KA220-SCH-000032588<\/p>\t\t\t\t\t\t\t\t<\/div>\n\t\t\t\t<\/div>\n\t\t\t\t\t<\/div>\n\t\t<\/div>\n\t\t\t\t<div class=\"elementor-column elementor-col-33 elementor-top-column elementor-element elementor-element-c23854d\" data-id=\"c23854d\" data-element_type=\"column\" data-e-type=\"column\">\n\t\t\t<div class=\"elementor-widget-wrap\">\n\t\t\t\t\t\t\t<\/div>\n\t\t<\/div>\n\t\t\t\t<div class=\"elementor-column elementor-col-33 elementor-top-column elementor-element elementor-element-cc059b0\" data-id=\"cc059b0\" data-element_type=\"column\" data-e-type=\"column\">\n\t\t\t<div class=\"elementor-widget-wrap elementor-element-populated\">\n\t\t\t\t\t\t<div class=\"elementor-element elementor-element-d008284 elementor-widget elementor-widget-spacer\" data-id=\"d008284\" data-element_type=\"widget\" data-e-type=\"widget\" data-widget_type=\"spacer.default\">\n\t\t\t\t<div class=\"elementor-widget-container\">\n\t\t\t\t\t\t\t<div class=\"elementor-spacer\">\n\t\t\t<div class=\"elementor-spacer-inner\"><\/div>\n\t\t<\/div>\n\t\t\t\t\t\t<\/div>\n\t\t\t\t<\/div>\n\t\t\t\t<div class=\"elementor-element elementor-element-0901e40 elementor-widget elementor-widget-image\" data-id=\"0901e40\" data-element_type=\"widget\" data-e-type=\"widget\" data-widget_type=\"image.default\">\n\t\t\t\t<div class=\"elementor-widget-container\">\n\t\t\t\t\t\t\t\t\t\t\t\t\t\t\t\t<a href=\"https:\/\/zero-waste-project.eu\/\">\n\t\t\t\t\t\t\t<img loading=\"lazy\" decoding=\"async\" width=\"80\" height=\"46\" src=\"https:\/\/zero-waste-project.eu\/wp-content\/uploads\/2022\/03\/xxsmall.png\" class=\"attachment-medium size-medium wp-image-39\" alt=\"\" \/>\t\t\t\t\t\t\t\t<\/a>\n\t\t\t\t\t\t\t\t\t\t\t\t\t\t\t<\/div>\n\t\t\t\t<\/div>\n\t\t\t\t<div class=\"elementor-element elementor-element-fca9427 elementor-widget elementor-widget-text-editor\" data-id=\"fca9427\" data-element_type=\"widget\" data-e-type=\"widget\" data-widget_type=\"text-editor.default\">\n\t\t\t\t<div class=\"elementor-widget-container\">\n\t\t\t\t\t\t\t\t\t<a style=\"color: #344e41;\" href=\"https:\/\/zero-waste-project.eu\/index.php\/terms-of-use\/\" target=\"_blank\" rel=\"noopener\">Terms of Use<\/a>\t\t\t\t\t\t\t\t<\/div>\n\t\t\t\t<\/div>\n\t\t\t\t<div class=\"elementor-element elementor-element-d7ace24 elementor-shape-circle e-grid-align-right elementor-grid-0 elementor-widget elementor-widget-social-icons\" data-id=\"d7ace24\" data-element_type=\"widget\" data-e-type=\"widget\" data-widget_type=\"social-icons.default\">\n\t\t\t\t<div class=\"elementor-widget-container\">\n\t\t\t\t\t\t\t<div class=\"elementor-social-icons-wrapper elementor-grid\" role=\"list\">\n\t\t\t\t\t\t\t<span class=\"elementor-grid-item\" role=\"listitem\">\n\t\t\t\t\t<a class=\"elementor-icon elementor-social-icon elementor-social-icon-facebook elementor-animation-grow elementor-repeater-item-ef4f15e\" href=\"https:\/\/www.facebook.com\/ZeroWasteEUProject2\/%20\" target=\"_blank\">\n\t\t\t\t\t\t<span class=\"elementor-screen-only\">Facebook<\/span>\n\t\t\t\t\t\t<i aria-hidden=\"true\" class=\"fab fa-facebook\"><\/i>\t\t\t\t\t<\/a>\n\t\t\t\t<\/span>\n\t\t\t\t\t\t\t<span class=\"elementor-grid-item\" role=\"listitem\">\n\t\t\t\t\t<a class=\"elementor-icon elementor-social-icon elementor-social-icon-instagram elementor-animation-grow elementor-repeater-item-7eeb5b3\" href=\"https:\/\/www.instagram.com\/zerowaste_projecteu\/\" target=\"_blank\">\n\t\t\t\t\t\t<span class=\"elementor-screen-only\">Instagram<\/span>\n\t\t\t\t\t\t<i aria-hidden=\"true\" class=\"fab fa-instagram\"><\/i>\t\t\t\t\t<\/a>\n\t\t\t\t<\/span>\n\t\t\t\t\t\t\t<span class=\"elementor-grid-item\" role=\"listitem\">\n\t\t\t\t\t<a class=\"elementor-icon elementor-social-icon elementor-social-icon-twitter elementor-animation-grow elementor-repeater-item-d67f1e7\" href=\"https:\/\/twitter.com\/ZeroWasteProje1\" target=\"_blank\">\n\t\t\t\t\t\t<span class=\"elementor-screen-only\">Twitter<\/span>\n\t\t\t\t\t\t<i aria-hidden=\"true\" class=\"fab fa-twitter\"><\/i>\t\t\t\t\t<\/a>\n\t\t\t\t<\/span>\n\t\t\t\t\t\t\t<span class=\"elementor-grid-item\" role=\"listitem\">\n\t\t\t\t\t<a class=\"elementor-icon elementor-social-icon elementor-social-icon-linkedin-in elementor-animation-grow elementor-repeater-item-1019605\" href=\"https:\/\/www.linkedin.com\/company\/84794263\/admin\/\" target=\"_blank\">\n\t\t\t\t\t\t<span class=\"elementor-screen-only\">Linkedin-in<\/span>\n\t\t\t\t\t\t<i aria-hidden=\"true\" class=\"fab fa-linkedin-in\"><\/i>\t\t\t\t\t<\/a>\n\t\t\t\t<\/span>\n\t\t\t\t\t<\/div>\n\t\t\t\t\t\t<\/div>\n\t\t\t\t<\/div>\n\t\t\t\t\t<\/div>\n\t\t<\/div>\n\t\t\t\t\t<\/div>\n\t\t<\/section>\n\t\t\t\t<section class=\"elementor-section elementor-top-section elementor-element elementor-element-c2fed0d elementor-section-boxed elementor-section-height-default elementor-section-height-default\" data-id=\"c2fed0d\" data-element_type=\"section\" data-e-type=\"section\">\n\t\t\t\t\t\t<div class=\"elementor-container elementor-column-gap-default\">\n\t\t\t\t\t<div class=\"elementor-column elementor-col-100 elementor-top-column elementor-element elementor-element-1ffbac4\" data-id=\"1ffbac4\" data-element_type=\"column\" data-e-type=\"column\">\n\t\t\t<div class=\"elementor-widget-wrap elementor-element-populated\">\n\t\t\t\t\t\t<div class=\"elementor-element elementor-element-36ece5d elementor-widget-divider--view-line elementor-widget elementor-widget-divider\" data-id=\"36ece5d\" data-element_type=\"widget\" data-e-type=\"widget\" data-widget_type=\"divider.default\">\n\t\t\t\t<div class=\"elementor-widget-container\">\n\t\t\t\t\t\t\t<div class=\"elementor-divider\">\n\t\t\t<span class=\"elementor-divider-separator\">\n\t\t\t\t\t\t<\/span>\n\t\t<\/div>\n\t\t\t\t\t\t<\/div>\n\t\t\t\t<\/div>\n\t\t\t\t\t<\/div>\n\t\t<\/div>\n\t\t\t\t\t<\/div>\n\t\t<\/section>\n\t\t\t\t<section class=\"elementor-section elementor-top-section elementor-element elementor-element-648ed93 elementor-section-boxed elementor-section-height-default elementor-section-height-default\" data-id=\"648ed93\" data-element_type=\"section\" data-e-type=\"section\">\n\t\t\t\t\t\t<div class=\"elementor-container elementor-column-gap-default\">\n\t\t\t\t\t<div class=\"elementor-column elementor-col-33 elementor-top-column elementor-element elementor-element-4c2aedc\" data-id=\"4c2aedc\" data-element_type=\"column\" data-e-type=\"column\">\n\t\t\t<div class=\"elementor-widget-wrap elementor-element-populated\">\n\t\t\t\t\t\t<div class=\"elementor-element elementor-element-bd70712 elementor-widget elementor-widget-text-editor\" data-id=\"bd70712\" data-element_type=\"widget\" data-e-type=\"widget\" data-widget_type=\"text-editor.default\">\n\t\t\t\t<div class=\"elementor-widget-container\">\n\t\t\t\t\t\t\t\t\t<p>Copyright \u00a9 2022 Zero Waste. All Rights Reserved.<\/p>\t\t\t\t\t\t\t\t<\/div>\n\t\t\t\t<\/div>\n\t\t\t\t\t<\/div>\n\t\t<\/div>\n\t\t\t\t<div class=\"elementor-column elementor-col-33 elementor-top-column elementor-element elementor-element-b5322e8\" data-id=\"b5322e8\" data-element_type=\"column\" data-e-type=\"column\">\n\t\t\t<div class=\"elementor-widget-wrap\">\n\t\t\t\t\t\t\t<\/div>\n\t\t<\/div>\n\t\t\t\t<div class=\"elementor-column elementor-col-33 elementor-top-column elementor-element elementor-element-6cd82ec\" data-id=\"6cd82ec\" data-element_type=\"column\" data-e-type=\"column\">\n\t\t\t<div class=\"elementor-widget-wrap elementor-element-populated\">\n\t\t\t\t\t\t<div class=\"elementor-element elementor-element-5a30bd0 elementor-widget elementor-widget-text-editor\" data-id=\"5a30bd0\" data-element_type=\"widget\" data-e-type=\"widget\" data-widget_type=\"text-editor.default\">\n\t\t\t\t<div class=\"elementor-widget-container\">\n\t\t\t\t\t\t\t\t\t<span style=\"color: #797979; text-align: left;\">Powered by\u00a0<\/span><a style=\"color: #797979; text-align: right;\" href=\"https:\/\/innovationhive.eu\/\" target=\"_blank\" rel=\"noopener\">Innovation Hive<\/a>\t\t\t\t\t\t\t\t<\/div>\n\t\t\t\t<\/div>\n\t\t\t\t\t<\/div>\n\t\t<\/div>\n\t\t\t\t\t<\/div>\n\t\t<\/section>\n\t\t\t\t<\/div>\n\t\t","protected":false},"excerpt":{"rendered":"<p>Primo Meeting Transnazionale di progetto Bucarest Zero Waste: Un approccio innovativo alla gestione dei rifiuti alimentari per educare i giovani [&hellip;]<\/p>\n","protected":false},"author":1,"featured_media":0,"parent":0,"menu_order":0,"comment_status":"closed","ping_status":"closed","template":"page-templates\/template_page-builder.php","meta":{"_monsterinsights_skip_tracking":false,"_monsterinsights_sitenote_active":false,"_monsterinsights_sitenote_note":"","_monsterinsights_sitenote_category":0,"footnotes":""},"class_list":["post-847","page","type-page","status-publish","hentry"],"aioseo_notices":[],"_links":{"self":[{"href":"https:\/\/zero-waste-project.eu\/index.php\/wp-json\/wp\/v2\/pages\/847","targetHints":{"allow":["GET"]}}],"collection":[{"href":"https:\/\/zero-waste-project.eu\/index.php\/wp-json\/wp\/v2\/pages"}],"about":[{"href":"https:\/\/zero-waste-project.eu\/index.php\/wp-json\/wp\/v2\/types\/page"}],"author":[{"embeddable":true,"href":"https:\/\/zero-waste-project.eu\/index.php\/wp-json\/wp\/v2\/users\/1"}],"replies":[{"embeddable":true,"href":"https:\/\/zero-waste-project.eu\/index.php\/wp-json\/wp\/v2\/comments?post=847"}],"version-history":[{"count":20,"href":"https:\/\/zero-waste-project.eu\/index.php\/wp-json\/wp\/v2\/pages\/847\/revisions"}],"predecessor-version":[{"id":2179,"href":"https:\/\/zero-waste-project.eu\/index.php\/wp-json\/wp\/v2\/pages\/847\/revisions\/2179"}],"wp:attachment":[{"href":"https:\/\/zero-waste-project.eu\/index.php\/wp-json\/wp\/v2\/media?parent=847"}],"curies":[{"name":"wp","href":"https:\/\/api.w.org\/{rel}","templated":true}]}}