{"id":901,"date":"2022-11-23T10:18:40","date_gmt":"2022-11-23T10:18:40","guid":{"rendered":"https:\/\/zero-waste-project.eu\/?page_id=901"},"modified":"2023-11-09T14:59:13","modified_gmt":"2023-11-09T14:59:13","slug":"completion-of-research-on-the-needs-and-challenges-that-schools-face-in-establishing-of-food-waste-management-ro","status":"publish","type":"page","link":"https:\/\/zero-waste-project.eu\/index.php\/ro\/completion-of-research-on-the-needs-and-challenges-that-schools-face-in-establishing-of-food-waste-management-ro\/","title":{"rendered":"Finalizarea cercet\u0103rii privind nevoile \u0219i provoc\u0103rile cu care se confrunt\u0103 \u0219colile \u00een stabilirea managementului de\u0219eurilor alimentare"},"content":{"rendered":"\t\t<div data-elementor-type=\"wp-page\" data-elementor-id=\"901\" class=\"elementor elementor-901\">\n\t\t\t\t\t\t<section class=\"elementor-section elementor-top-section elementor-element elementor-element-280a86e elementor-section-boxed elementor-section-height-default elementor-section-height-default\" data-id=\"280a86e\" data-element_type=\"section\" data-e-type=\"section\" data-settings=\"{&quot;background_background&quot;:&quot;classic&quot;}\">\n\t\t\t\t\t\t\t<div class=\"elementor-background-overlay\"><\/div>\n\t\t\t\t\t\t\t<div class=\"elementor-container elementor-column-gap-default\">\n\t\t\t\t\t<div class=\"elementor-column elementor-col-100 elementor-top-column elementor-element elementor-element-494447e\" data-id=\"494447e\" data-element_type=\"column\" data-e-type=\"column\">\n\t\t\t<div class=\"elementor-widget-wrap elementor-element-populated\">\n\t\t\t\t\t\t<div class=\"elementor-element elementor-element-b07e3a4 elementor-widget elementor-widget-spacer\" data-id=\"b07e3a4\" data-element_type=\"widget\" data-e-type=\"widget\" data-widget_type=\"spacer.default\">\n\t\t\t\t<div class=\"elementor-widget-container\">\n\t\t\t\t\t\t\t<div class=\"elementor-spacer\">\n\t\t\t<div class=\"elementor-spacer-inner\"><\/div>\n\t\t<\/div>\n\t\t\t\t\t\t<\/div>\n\t\t\t\t<\/div>\n\t\t\t\t<div class=\"elementor-element elementor-element-fefb143 elementor-widget elementor-widget-heading\" data-id=\"fefb143\" data-element_type=\"widget\" data-e-type=\"widget\" data-widget_type=\"heading.default\">\n\t\t\t\t<div class=\"elementor-widget-container\">\n\t\t\t\t\t<h2 class=\"elementor-heading-title elementor-size-default\">Finalizarea cercet\u0103rii privind nevoile \u0219i provoc\u0103rile cu care se confrunt\u0103 \u0219colile \u00een stabilirea managementului de\u0219eurilor alimentare<\/h2>\t\t\t\t<\/div>\n\t\t\t\t<\/div>\n\t\t\t\t<div class=\"elementor-element elementor-element-18cb20a elementor-widget elementor-widget-spacer\" data-id=\"18cb20a\" data-element_type=\"widget\" data-e-type=\"widget\" data-widget_type=\"spacer.default\">\n\t\t\t\t<div class=\"elementor-widget-container\">\n\t\t\t\t\t\t\t<div class=\"elementor-spacer\">\n\t\t\t<div class=\"elementor-spacer-inner\"><\/div>\n\t\t<\/div>\n\t\t\t\t\t\t<\/div>\n\t\t\t\t<\/div>\n\t\t\t\t\t<\/div>\n\t\t<\/div>\n\t\t\t\t\t<\/div>\n\t\t<\/section>\n\t\t\t\t<section class=\"elementor-section elementor-top-section elementor-element elementor-element-53489d7 elementor-section-boxed elementor-section-height-default elementor-section-height-default\" data-id=\"53489d7\" data-element_type=\"section\" data-e-type=\"section\">\n\t\t\t\t\t\t<div class=\"elementor-container elementor-column-gap-default\">\n\t\t\t\t\t<div class=\"elementor-column elementor-col-100 elementor-top-column elementor-element elementor-element-2c5f164\" data-id=\"2c5f164\" data-element_type=\"column\" data-e-type=\"column\">\n\t\t\t<div class=\"elementor-widget-wrap elementor-element-populated\">\n\t\t\t\t\t\t<div class=\"elementor-element elementor-element-02230e3 elementor-widget elementor-widget-spacer\" data-id=\"02230e3\" data-element_type=\"widget\" data-e-type=\"widget\" data-widget_type=\"spacer.default\">\n\t\t\t\t<div class=\"elementor-widget-container\">\n\t\t\t\t\t\t\t<div class=\"elementor-spacer\">\n\t\t\t<div class=\"elementor-spacer-inner\"><\/div>\n\t\t<\/div>\n\t\t\t\t\t\t<\/div>\n\t\t\t\t<\/div>\n\t\t\t\t<div class=\"elementor-element elementor-element-b2aa7f1 elementor-widget elementor-widget-text-editor\" data-id=\"b2aa7f1\" data-element_type=\"widget\" data-e-type=\"widget\" data-widget_type=\"text-editor.default\">\n\t\t\t\t<div class=\"elementor-widget-container\">\n\t\t\t\t\t\t\t\t\t<p><em>Finan<\/em><em>\u021b<\/em><em>at de Uniunea European\u0103. Punctele de vedere <\/em><em>\u0219<\/em><em>i opiniile exprimate apar<\/em><em>\u021b<\/em><em>in, \u00eens\u0103, exclusiv autorului (autorilor) <\/em><em>\u0219<\/em><em>i nu reflect\u0103 neap\u0103rat punctele de vedere <\/em><em>\u0219<\/em><em>i opiniile Uniunii Europene sau ale Agen<\/em><em>\u021b<\/em><em>iei Executive Europene pentru Educa<\/em><em>\u021b<\/em><em>ie <\/em><em>\u0219<\/em><em>i Cultur\u0103 (EACEA). Nici Uniunea European\u0103 <\/em><em>\u0219<\/em><em>i nici EACEA nu pot fi considerate r\u0103spunz\u0103toare pentru acestea.<\/em><\/p><p>\u00cen perioada mai-august 2022, cei <strong>opt parteneri<\/strong> din cadrul proiectului au efectuat cercet\u0103ri pentru a compila <strong>un raport de sintez\u0103<\/strong> a literaturii existente privind nevoile \u0219i provoc\u0103rile cu care se confrunt\u0103 \u0219colile \u00een stabilirea \u0219i gestionarea risipei alimentare (ceea ce reprezint\u0103 <strong>primul rezultat al proiectului \u2013 PR1<\/strong>). Cercetarea a reprezentat punctul de plecare al proiectului nostru \u0219i a vizat, totodat\u0103, identificarea modului \u00een care putem \u00eembun\u0103t\u0103\u021bi \u0219i dezvolta materiale care sunt deja la dispozi\u021bia profesorilor \u0219i elevilor; mai mult dec\u00e2t at\u00e2t, am dorit s\u0103 afl\u0103m cum putem proiecta noi materiale (resurse digitale, instrumente) astfel \u00eenc\u00e2t s\u0103 r\u0103spundem principalelor nevoi pe care le au educatorii \u0219i elevii \u00een domeniul managementului de\u0219eurilor alimentare.<\/p><p>Institu\u021biile partenere au efectuat nu doar o cercetare\u00a0 de birou (<strong>desk research<\/strong>), ci \u0219i o cercetare de teren\u00a0 (<strong>field research<\/strong>) bazat\u0103 pe un chestionar structurat, scopul acestuia fiind de a colecta date direct de la grupul \u021bint\u0103 al proiectului: profesori \u0219i elevi din \u00eenv\u0103\u021b\u0103m\u00e2ntul liceal. \u00cen ceea ce prive\u0219te primul tip de cercetare (cercetarea de birou), to\u021bi partenerii au realizat <strong>o analiz\u0103 aprofundat\u0103 a literaturii existente pe tema proiectului<\/strong>. Am consultat legi, reglement\u0103ri na\u021bionale \u00een vigoare, strategii, metodologii, puncte de vedere relevante \u0219i pertinente apar\u021bin\u00e2nd speciali\u0219tilor \u00een managementul de\u0219eurilor alimentare, rapoarte \u0219i baze de date online, exemple de bune practici. \u00cen ceea ce prive\u0219te cercetarea de teren, <strong>chestionarul structurat a fost aplicat unui num\u0103r minim de 25 de studen<\/strong><strong>\u021b<\/strong><strong>i <\/strong><strong>\u0219<\/strong><strong>i 15 profesori per <\/strong><strong>\u021b<\/strong><strong>ar\u0103<\/strong>. Informa\u021biile ob\u021binute prin cele dou\u0103 tipuri de cercetare au fost introduse \u00eentr-un raport na\u021bional \u00eentocmit de fiecare \u021bar\u0103 partener\u0103.<\/p><p>Rezultatele cercet\u0103rii au condus la urm\u0103toarea concluzie: de\u0219i la nivel european exist\u0103 documente \u0219i reglement\u0103ri care au menirea de a ghida ac\u021biunile \u00een lupta \u00eempotriva risipei alimentare \u0219i exist\u0103 interes \u0219i preocupare pentru reducerea risipei alimentare, <strong>ac<\/strong><strong>\u021b<\/strong><strong>iunile concrete desf\u0103<\/strong><strong>\u0219<\/strong><strong>urate la nivel na<\/strong><strong>\u021b<\/strong><strong>ional sunt insuficiente \u00een toate <\/strong><strong>\u021b<\/strong><strong>\u0103rile partenere<\/strong>. Exist\u0103 o lips\u0103 semnificativ\u0103 de cuno\u0219tin\u021be cu privire la problematica managementului de\u0219eurilor alimentare \u0219i a caracteristicilor risipei alimentare \u00een \u00eenv\u0103\u021b\u0103m\u00e2ntul secundar; con\u0219tientizarea cu privire la managementul de\u0219eurilor alimentare depinde de ini\u021biativele pe care directorii de \u0219coli \u0219i profesorii le iau. <strong>\u00cen majoritatea <\/strong><strong>\u021b<\/strong><strong>\u0103rilor partenere, se pare c\u0103 nu exist\u0103 un program educa<\/strong><strong>\u021b<\/strong><strong>ional oficial dedicat risipei alimentare <\/strong><strong>\u0219<\/strong><strong>i prevenirii acesteia.<\/strong><\/p><p>Rezultatele limitate ale proiectelor locale sau regionale ini\u021biate de ONG-uri, \u0219coli sau entit\u0103\u021bi private, impun\u00a0 realizarea mai multor interven\u021bii practice, <strong>ac<\/strong><strong>\u021b<\/strong><strong>iuni concrete <\/strong><strong>\u0219<\/strong><strong>i o mai bun\u0103 colaborare \u00eentre to<\/strong><strong>\u021b<\/strong><strong>i actorii care au responsabilit\u0103<\/strong><strong>\u021b<\/strong><strong>i \u00een acest domeniu<\/strong>. Un element esen\u021bial pentru atingerea obiectivului de combatere a risipei alimentare \u00een \u0219coal\u0103 ar fi existen\u021ba unui program na\u021bional de formare a elevilor, ca parte integrant\u0103 a unei educa\u021bii de calitate, bazat\u0103 pe sustenabilitate \u0219i respect pentru mediu.<\/p><p>Un alt aspect extrem de important care a rezultat din cercetarea noastr\u0103 este c\u0103 <strong>aceste resurse trebuie adaptate la nevoile <\/strong><strong>\u0219<\/strong><strong>i particularit\u0103<\/strong><strong>\u021b<\/strong><strong>ile grupului <\/strong><strong>\u021b<\/strong><strong>int\u0103<\/strong>. De exemplu, metodologia folosit\u0103 \u00een cadrul diferitelor activit\u0103\u021bi ar trebui ancorat\u0103 \u00een realitatea de ast\u0103zi, profit\u00e2nd de progresele tehnologiei, de abilit\u0103\u021bile digitale ale elevilor \u0219i de interesul pentru aceast\u0103 lume fascinant\u0103 a internetului \u0219i a comunic\u0103rii prin social media. Jocurile educa\u021bionale, platformele interactive online, aplica\u021biile care func\u021bioneaz\u0103 pe diferite dispozitive inteligente trebuie s\u0103 fie disponibile at\u00e2t pentru elevi, c\u00e2t \u0219i pentru profesori dac\u0103 dorim un impact mai mare, mai eficient al programelor\/proiectelor\/campaniilor care combat risipa alimentar\u0103.<\/p><p>\u00cen urma acestei cercet\u0103rii colective, institu\u021biile participante la proiectul <strong>ZERO WASTE<\/strong> vor elabora <strong>suportul educa<\/strong><strong>\u021bional pentru un <em>Curs de Formare<\/em> adresat cadrelor didactice<\/strong>, ceea ce reprezint\u0103 urm\u0103toarea etap\u0103 a parteneriatului nostru. Toate informa\u021biile valoroase care au fost colectate \u00een PR 1 vor fi folosite la cursul de formare,\u00a0 care va dota profesorii cu competen\u021be \u0219i cuno\u0219tin\u021be legate de managementul de\u0219eurilor alimentare. Ulterior, aceste cuno\u0219tin\u021be vor fi transferate elevilor, vor fi organizate activit\u0103\u021bi \u00een \u0219coal\u0103 \u0219i \u00een afara ei, astfel \u00eenc\u00e2t noi to\u021bi s\u0103 devenim mai responsabili fa\u021b\u0103 de mediu \u0219i s\u0103 dezvolt\u0103m un comportament adecvat fa\u021b\u0103 de utilizarea resurselor naturale.<\/p>\t\t\t\t\t\t\t\t<\/div>\n\t\t\t\t<\/div>\n\t\t\t\t<div class=\"elementor-element elementor-element-5d24ab0 elementor-widget elementor-widget-spacer\" data-id=\"5d24ab0\" data-element_type=\"widget\" data-e-type=\"widget\" data-widget_type=\"spacer.default\">\n\t\t\t\t<div class=\"elementor-widget-container\">\n\t\t\t\t\t\t\t<div class=\"elementor-spacer\">\n\t\t\t<div class=\"elementor-spacer-inner\"><\/div>\n\t\t<\/div>\n\t\t\t\t\t\t<\/div>\n\t\t\t\t<\/div>\n\t\t\t\t\t<\/div>\n\t\t<\/div>\n\t\t\t\t\t<\/div>\n\t\t<\/section>\n\t\t\t\t<section class=\"elementor-section elementor-top-section elementor-element elementor-element-94894ff elementor-section-boxed elementor-section-height-default elementor-section-height-default\" data-id=\"94894ff\" data-element_type=\"section\" data-e-type=\"section\">\n\t\t\t\t\t\t<div class=\"elementor-container elementor-column-gap-default\">\n\t\t\t\t\t<div class=\"elementor-column elementor-col-33 elementor-top-column elementor-element elementor-element-829be4f\" data-id=\"829be4f\" data-element_type=\"column\" data-e-type=\"column\">\n\t\t\t<div class=\"elementor-widget-wrap elementor-element-populated\">\n\t\t\t\t\t\t<div class=\"elementor-element elementor-element-a2cd716 elementor-widget elementor-widget-image\" data-id=\"a2cd716\" data-element_type=\"widget\" data-e-type=\"widget\" data-widget_type=\"image.default\">\n\t\t\t\t<div class=\"elementor-widget-container\">\n\t\t\t\t\t\t\t\t\t\t\t\t\t\t\t<img decoding=\"async\" width=\"194\" height=\"42\" src=\"https:\/\/zero-waste-project.eu\/wp-content\/uploads\/2022\/04\/eu-logo-new.png\" class=\"attachment-medium size-medium wp-image-63\" alt=\"\" \/>\t\t\t\t\t\t\t\t\t\t\t\t\t\t\t<\/div>\n\t\t\t\t<\/div>\n\t\t\t\t<div class=\"elementor-element elementor-element-a0d7350 elementor-widget elementor-widget-text-editor\" data-id=\"a0d7350\" data-element_type=\"widget\" data-e-type=\"widget\" data-widget_type=\"text-editor.default\">\n\t\t\t\t<div class=\"elementor-widget-container\">\n\t\t\t\t\t\t\t\t\t<p>Finan\u021bat de Uniunea European\u0103. Punctele de vedere \u0219i opiniile exprimate apar\u021bin, \u00eens\u0103, exclusiv autorului (autorilor) \u0219i nu reflect\u0103 neap\u0103rat punctele de vedere \u0219i opiniile Uniunii Europene sau ale Agen\u021biei Executive Europene pentru Educa\u021bie \u0219i Cultur\u0103 (EACEA). Nici Uniunea European\u0103 \u0219i nici EACEA nu pot fi considerate r\u0103spunz\u0103toare pentru acestea. 2021-1-RO01-KA220-SCH-000032588<\/p>\t\t\t\t\t\t\t\t<\/div>\n\t\t\t\t<\/div>\n\t\t\t\t\t<\/div>\n\t\t<\/div>\n\t\t\t\t<div class=\"elementor-column elementor-col-33 elementor-top-column elementor-element elementor-element-aa2ed15\" data-id=\"aa2ed15\" data-element_type=\"column\" data-e-type=\"column\">\n\t\t\t<div class=\"elementor-widget-wrap\">\n\t\t\t\t\t\t\t<\/div>\n\t\t<\/div>\n\t\t\t\t<div class=\"elementor-column elementor-col-33 elementor-top-column elementor-element elementor-element-386f9e6\" data-id=\"386f9e6\" data-element_type=\"column\" data-e-type=\"column\">\n\t\t\t<div class=\"elementor-widget-wrap elementor-element-populated\">\n\t\t\t\t\t\t<div class=\"elementor-element elementor-element-bda5585 elementor-widget elementor-widget-image\" data-id=\"bda5585\" data-element_type=\"widget\" data-e-type=\"widget\" data-widget_type=\"image.default\">\n\t\t\t\t<div class=\"elementor-widget-container\">\n\t\t\t\t\t\t\t\t\t\t\t\t\t\t\t\t<a href=\"https:\/\/zero-waste-project.eu\/\">\n\t\t\t\t\t\t\t<img decoding=\"async\" width=\"80\" height=\"46\" src=\"https:\/\/zero-waste-project.eu\/wp-content\/uploads\/2022\/03\/xxsmall.png\" class=\"attachment-medium size-medium wp-image-39\" alt=\"\" \/>\t\t\t\t\t\t\t\t<\/a>\n\t\t\t\t\t\t\t\t\t\t\t\t\t\t\t<\/div>\n\t\t\t\t<\/div>\n\t\t\t\t<div class=\"elementor-element elementor-element-f2a832e elementor-widget elementor-widget-text-editor\" data-id=\"f2a832e\" data-element_type=\"widget\" data-e-type=\"widget\" data-widget_type=\"text-editor.default\">\n\t\t\t\t<div class=\"elementor-widget-container\">\n\t\t\t\t\t\t\t\t\t<a style=\"color: #344e41;\" href=\"https:\/\/zero-waste-project.eu\/index.php\/terms-of-use\/\" target=\"_blank\" rel=\"noopener\">Terms of Use<\/a>\t\t\t\t\t\t\t\t<\/div>\n\t\t\t\t<\/div>\n\t\t\t\t<div class=\"elementor-element elementor-element-a94561c elementor-shape-circle e-grid-align-right elementor-grid-0 elementor-widget elementor-widget-social-icons\" data-id=\"a94561c\" data-element_type=\"widget\" data-e-type=\"widget\" data-widget_type=\"social-icons.default\">\n\t\t\t\t<div class=\"elementor-widget-container\">\n\t\t\t\t\t\t\t<div class=\"elementor-social-icons-wrapper elementor-grid\" role=\"list\">\n\t\t\t\t\t\t\t<span class=\"elementor-grid-item\" role=\"listitem\">\n\t\t\t\t\t<a class=\"elementor-icon elementor-social-icon elementor-social-icon-facebook elementor-animation-grow elementor-repeater-item-ef4f15e\" href=\"https:\/\/www.facebook.com\/ZeroWasteEUProject2\/%20\" target=\"_blank\">\n\t\t\t\t\t\t<span class=\"elementor-screen-only\">Facebook<\/span>\n\t\t\t\t\t\t<i aria-hidden=\"true\" class=\"fab fa-facebook\"><\/i>\t\t\t\t\t<\/a>\n\t\t\t\t<\/span>\n\t\t\t\t\t\t\t<span class=\"elementor-grid-item\" role=\"listitem\">\n\t\t\t\t\t<a class=\"elementor-icon elementor-social-icon elementor-social-icon-instagram elementor-animation-grow elementor-repeater-item-7eeb5b3\" href=\"https:\/\/www.instagram.com\/zerowaste_projecteu\/\" target=\"_blank\">\n\t\t\t\t\t\t<span class=\"elementor-screen-only\">Instagram<\/span>\n\t\t\t\t\t\t<i aria-hidden=\"true\" class=\"fab fa-instagram\"><\/i>\t\t\t\t\t<\/a>\n\t\t\t\t<\/span>\n\t\t\t\t\t\t\t<span class=\"elementor-grid-item\" role=\"listitem\">\n\t\t\t\t\t<a class=\"elementor-icon elementor-social-icon elementor-social-icon-twitter elementor-animation-grow elementor-repeater-item-d67f1e7\" href=\"https:\/\/twitter.com\/ZeroWasteProje1\" target=\"_blank\">\n\t\t\t\t\t\t<span class=\"elementor-screen-only\">Twitter<\/span>\n\t\t\t\t\t\t<i aria-hidden=\"true\" class=\"fab fa-twitter\"><\/i>\t\t\t\t\t<\/a>\n\t\t\t\t<\/span>\n\t\t\t\t\t\t\t<span class=\"elementor-grid-item\" role=\"listitem\">\n\t\t\t\t\t<a class=\"elementor-icon elementor-social-icon elementor-social-icon-linkedin-in elementor-animation-grow elementor-repeater-item-1019605\" href=\"https:\/\/www.linkedin.com\/company\/84794263\/admin\/\" target=\"_blank\">\n\t\t\t\t\t\t<span class=\"elementor-screen-only\">Linkedin-in<\/span>\n\t\t\t\t\t\t<i aria-hidden=\"true\" class=\"fab fa-linkedin-in\"><\/i>\t\t\t\t\t<\/a>\n\t\t\t\t<\/span>\n\t\t\t\t\t<\/div>\n\t\t\t\t\t\t<\/div>\n\t\t\t\t<\/div>\n\t\t\t\t\t<\/div>\n\t\t<\/div>\n\t\t\t\t\t<\/div>\n\t\t<\/section>\n\t\t\t\t<section class=\"elementor-section elementor-top-section elementor-element elementor-element-1937292 elementor-section-boxed elementor-section-height-default elementor-section-height-default\" data-id=\"1937292\" data-element_type=\"section\" data-e-type=\"section\">\n\t\t\t\t\t\t<div class=\"elementor-container elementor-column-gap-default\">\n\t\t\t\t\t<div class=\"elementor-column elementor-col-100 elementor-top-column elementor-element elementor-element-4bca4ac\" data-id=\"4bca4ac\" data-element_type=\"column\" data-e-type=\"column\">\n\t\t\t<div class=\"elementor-widget-wrap elementor-element-populated\">\n\t\t\t\t\t\t<div class=\"elementor-element elementor-element-bfe0add elementor-widget-divider--view-line elementor-widget elementor-widget-divider\" data-id=\"bfe0add\" data-element_type=\"widget\" data-e-type=\"widget\" data-widget_type=\"divider.default\">\n\t\t\t\t<div class=\"elementor-widget-container\">\n\t\t\t\t\t\t\t<div class=\"elementor-divider\">\n\t\t\t<span class=\"elementor-divider-separator\">\n\t\t\t\t\t\t<\/span>\n\t\t<\/div>\n\t\t\t\t\t\t<\/div>\n\t\t\t\t<\/div>\n\t\t\t\t\t<\/div>\n\t\t<\/div>\n\t\t\t\t\t<\/div>\n\t\t<\/section>\n\t\t\t\t<section class=\"elementor-section elementor-top-section elementor-element elementor-element-7075500 elementor-section-boxed elementor-section-height-default elementor-section-height-default\" data-id=\"7075500\" data-element_type=\"section\" data-e-type=\"section\">\n\t\t\t\t\t\t<div class=\"elementor-container elementor-column-gap-default\">\n\t\t\t\t\t<div class=\"elementor-column elementor-col-33 elementor-top-column elementor-element elementor-element-2507933\" data-id=\"2507933\" data-element_type=\"column\" data-e-type=\"column\">\n\t\t\t<div class=\"elementor-widget-wrap elementor-element-populated\">\n\t\t\t\t\t\t<div class=\"elementor-element elementor-element-9d05e39 elementor-widget elementor-widget-text-editor\" data-id=\"9d05e39\" data-element_type=\"widget\" data-e-type=\"widget\" data-widget_type=\"text-editor.default\">\n\t\t\t\t<div class=\"elementor-widget-container\">\n\t\t\t\t\t\t\t\t\t<p>Copyright \u00a9 2022 Zero Waste. All Rights Reserved.<\/p>\t\t\t\t\t\t\t\t<\/div>\n\t\t\t\t<\/div>\n\t\t\t\t\t<\/div>\n\t\t<\/div>\n\t\t\t\t<div class=\"elementor-column elementor-col-33 elementor-top-column elementor-element elementor-element-f3aa569\" data-id=\"f3aa569\" data-element_type=\"column\" data-e-type=\"column\">\n\t\t\t<div class=\"elementor-widget-wrap\">\n\t\t\t\t\t\t\t<\/div>\n\t\t<\/div>\n\t\t\t\t<div class=\"elementor-column elementor-col-33 elementor-top-column elementor-element elementor-element-a065a39\" data-id=\"a065a39\" data-element_type=\"column\" data-e-type=\"column\">\n\t\t\t<div class=\"elementor-widget-wrap elementor-element-populated\">\n\t\t\t\t\t\t<div class=\"elementor-element elementor-element-5faf421 elementor-widget elementor-widget-text-editor\" data-id=\"5faf421\" data-element_type=\"widget\" data-e-type=\"widget\" data-widget_type=\"text-editor.default\">\n\t\t\t\t<div class=\"elementor-widget-container\">\n\t\t\t\t\t\t\t\t\t<span style=\"color: #797979; text-align: left;\">Powered by\u00a0<\/span><a style=\"color: #797979; text-align: right;\" href=\"https:\/\/innovationhive.eu\/\" target=\"_blank\" rel=\"noopener\">Innovation Hive<\/a>\t\t\t\t\t\t\t\t<\/div>\n\t\t\t\t<\/div>\n\t\t\t\t\t<\/div>\n\t\t<\/div>\n\t\t\t\t\t<\/div>\n\t\t<\/section>\n\t\t\t\t<\/div>\n\t\t","protected":false},"excerpt":{"rendered":"<p>Finalizarea cercet\u0103rii privind nevoile \u0219i provoc\u0103rile cu care se confrunt\u0103 \u0219colile \u00een stabilirea managementului de\u0219eurilor alimentare Finan\u021bat de Uniunea European\u0103. [&hellip;]<\/p>\n","protected":false},"author":1,"featured_media":0,"parent":0,"menu_order":0,"comment_status":"closed","ping_status":"closed","template":"page-templates\/template_page-builder.php","meta":{"_monsterinsights_skip_tracking":false,"_monsterinsights_sitenote_active":false,"_monsterinsights_sitenote_note":"","_monsterinsights_sitenote_category":0,"footnotes":""},"class_list":["post-901","page","type-page","status-publish","hentry"],"aioseo_notices":[],"_links":{"self":[{"href":"https:\/\/zero-waste-project.eu\/index.php\/wp-json\/wp\/v2\/pages\/901","targetHints":{"allow":["GET"]}}],"collection":[{"href":"https:\/\/zero-waste-project.eu\/index.php\/wp-json\/wp\/v2\/pages"}],"about":[{"href":"https:\/\/zero-waste-project.eu\/index.php\/wp-json\/wp\/v2\/types\/page"}],"author":[{"embeddable":true,"href":"https:\/\/zero-waste-project.eu\/index.php\/wp-json\/wp\/v2\/users\/1"}],"replies":[{"embeddable":true,"href":"https:\/\/zero-waste-project.eu\/index.php\/wp-json\/wp\/v2\/comments?post=901"}],"version-history":[{"count":20,"href":"https:\/\/zero-waste-project.eu\/index.php\/wp-json\/wp\/v2\/pages\/901\/revisions"}],"predecessor-version":[{"id":2302,"href":"https:\/\/zero-waste-project.eu\/index.php\/wp-json\/wp\/v2\/pages\/901\/revisions\/2302"}],"wp:attachment":[{"href":"https:\/\/zero-waste-project.eu\/index.php\/wp-json\/wp\/v2\/media?parent=901"}],"curies":[{"name":"wp","href":"https:\/\/api.w.org\/{rel}","templated":true}]}}